{"id":17,"date":"2022-04-27T09:52:52","date_gmt":"2022-04-27T09:52:52","guid":{"rendered":"http:\/\/www.dromkotar.org\/?page_id=17"},"modified":"2025-06-03T07:01:30","modified_gmt":"2025-06-03T07:01:30","slug":"transparencia","status":"publish","type":"page","link":"https:\/\/dromkotar.org\/ca\/transparencia\/","title":{"rendered":"Transpar\u00e8ncia"},"content":{"rendered":"\t\t<div data-elementor-type=\"wp-page\" data-elementor-id=\"17\" class=\"elementor elementor-17\" data-elementor-post-type=\"page\">\n\t\t\t\t\t\t<section class=\"elementor-section elementor-top-section elementor-element elementor-element-b96c814 elementor-section-boxed elementor-section-height-default elementor-section-height-default\" data-id=\"b96c814\" data-element_type=\"section\">\n\t\t\t\t\t\t<div class=\"elementor-container elementor-column-gap-default\">\n\t\t\t\t\t<div class=\"elementor-column elementor-col-100 elementor-top-column elementor-element elementor-element-fb39d62\" data-id=\"fb39d62\" data-element_type=\"column\">\n\t\t\t<div class=\"elementor-widget-wrap elementor-element-populated\">\n\t\t\t\t\t\t<section class=\"elementor-section elementor-inner-section elementor-element elementor-element-3070e25 elementor-section-boxed elementor-section-height-default elementor-section-height-default\" data-id=\"3070e25\" data-element_type=\"section\">\n\t\t\t\t\t\t<div class=\"elementor-container elementor-column-gap-default\">\n\t\t\t\t\t<div class=\"elementor-column elementor-col-50 elementor-inner-column elementor-element elementor-element-02fd3da\" data-id=\"02fd3da\" data-element_type=\"column\">\n\t\t\t<div class=\"elementor-widget-wrap elementor-element-populated\">\n\t\t\t\t\t\t<div class=\"elementor-element elementor-element-b4d5996 elementor-widget elementor-widget-image\" data-id=\"b4d5996\" data-element_type=\"widget\" data-widget_type=\"image.default\">\n\t\t\t\t<div class=\"elementor-widget-container\">\n\t\t\t\t\t\t\t\t\t\t\t\t\t\t\t<img decoding=\"async\" src=\"https:\/\/dromkotar.org\/wp-content\/uploads\/2022\/05\/estatutos.png\" title=\"estatutos\" alt=\"estatutos\" loading=\"lazy\" \/>\t\t\t\t\t\t\t\t\t\t\t\t\t\t\t<\/div>\n\t\t\t\t<\/div>\n\t\t\t\t<div class=\"elementor-element elementor-element-2c9734b elementor-widget elementor-widget-heading\" data-id=\"2c9734b\" data-element_type=\"widget\" data-widget_type=\"heading.default\">\n\t\t\t\t<div class=\"elementor-widget-container\">\n\t\t\t\t\t<h4 class=\"elementor-heading-title elementor-size-default\"><a href=\"https:\/\/dromkotar.org\/ca\/estatutos_dromkotarmestipen\/\" target=\"_blank\">Estatuts<\/a><\/h4>\t\t\t\t<\/div>\n\t\t\t\t<\/div>\n\t\t\t\t\t<\/div>\n\t\t<\/div>\n\t\t\t\t<div class=\"elementor-column elementor-col-50 elementor-inner-column elementor-element elementor-element-077b026\" data-id=\"077b026\" data-element_type=\"column\">\n\t\t\t<div class=\"elementor-widget-wrap elementor-element-populated\">\n\t\t\t\t\t\t<div class=\"elementor-element elementor-element-47f5f34 elementor-widget elementor-widget-image\" data-id=\"47f5f34\" data-element_type=\"widget\" data-widget_type=\"image.default\">\n\t\t\t\t<div class=\"elementor-widget-container\">\n\t\t\t\t\t\t\t\t\t\t\t\t\t\t\t<img decoding=\"async\" src=\"https:\/\/dromkotar.org\/wp-content\/uploads\/2022\/05\/presupuesto.png\" title=\"presupuesto\" alt=\"presupuesto\" loading=\"lazy\" \/>\t\t\t\t\t\t\t\t\t\t\t\t\t\t\t<\/div>\n\t\t\t\t<\/div>\n\t\t\t\t<div class=\"elementor-element elementor-element-77f73a5 elementor-widget elementor-widget-heading\" data-id=\"77f73a5\" data-element_type=\"widget\" data-widget_type=\"heading.default\">\n\t\t\t\t<div class=\"elementor-widget-container\">\n\t\t\t\t\t<h4 class=\"elementor-heading-title elementor-size-default\">Mem\u00f2ria econ\u00f2mica<\/h4>\t\t\t\t<\/div>\n\t\t\t\t<\/div>\n\t\t\t\t<div class=\"elementor-element elementor-element-e1ed1e3 elementor-align-center elementor-icon-list--layout-traditional elementor-list-item-link-full_width elementor-widget elementor-widget-icon-list\" data-id=\"e1ed1e3\" data-element_type=\"widget\" data-widget_type=\"icon-list.default\">\n\t\t\t\t<div class=\"elementor-widget-container\">\n\t\t\t\t\t\t\t<ul class=\"elementor-icon-list-items\">\n\t\t\t\t\t\t\t<li class=\"elementor-icon-list-item\">\n\t\t\t\t\t\t\t\t\t\t\t<a href=\"https:\/\/dromkotar.org\/ca\/memoria-economica-2018-cat\/\" target=\"_blank\">\n\n\t\t\t\t\t\t\t\t\t\t\t\t<span class=\"elementor-icon-list-icon\">\n\t\t\t\t\t\t\t<i aria-hidden=\"true\" class=\"far fa-file-pdf\"><\/i>\t\t\t\t\t\t<\/span>\n\t\t\t\t\t\t\t\t\t\t<span class=\"elementor-icon-list-text\">Mem\u00f2ria-2018<\/span>\n\t\t\t\t\t\t\t\t\t\t\t<\/a>\n\t\t\t\t\t\t\t\t\t<\/li>\n\t\t\t\t\t\t\t\t<li class=\"elementor-icon-list-item\">\n\t\t\t\t\t\t\t\t\t\t\t<a href=\"https:\/\/dromkotar.org\/ca\/memoria-economica-2019-cat\/\" target=\"_blank\">\n\n\t\t\t\t\t\t\t\t\t\t\t\t<span class=\"elementor-icon-list-icon\">\n\t\t\t\t\t\t\t<i aria-hidden=\"true\" class=\"far fa-file-pdf\"><\/i>\t\t\t\t\t\t<\/span>\n\t\t\t\t\t\t\t\t\t\t<span class=\"elementor-icon-list-text\">Mem\u00f2ria-2019<\/span>\n\t\t\t\t\t\t\t\t\t\t\t<\/a>\n\t\t\t\t\t\t\t\t\t<\/li>\n\t\t\t\t\t\t\t\t<li class=\"elementor-icon-list-item\">\n\t\t\t\t\t\t\t\t\t\t\t<a href=\"https:\/\/dromkotar.org\/ca\/memoria-economica-2020-cat\/\" target=\"_blank\">\n\n\t\t\t\t\t\t\t\t\t\t\t\t<span class=\"elementor-icon-list-icon\">\n\t\t\t\t\t\t\t<i aria-hidden=\"true\" class=\"far fa-file-pdf\"><\/i>\t\t\t\t\t\t<\/span>\n\t\t\t\t\t\t\t\t\t\t<span class=\"elementor-icon-list-text\">Mem\u00f2ria-2020<\/span>\n\t\t\t\t\t\t\t\t\t\t\t<\/a>\n\t\t\t\t\t\t\t\t\t<\/li>\n\t\t\t\t\t\t\t\t<li class=\"elementor-icon-list-item\">\n\t\t\t\t\t\t\t\t\t\t\t<a href=\"https:\/\/dromkotar.org\/ca\/memoria-economica-2021-cat\/\" target=\"_blank\">\n\n\t\t\t\t\t\t\t\t\t\t\t\t<span class=\"elementor-icon-list-icon\">\n\t\t\t\t\t\t\t<i aria-hidden=\"true\" class=\"far fa-file-pdf\"><\/i>\t\t\t\t\t\t<\/span>\n\t\t\t\t\t\t\t\t\t\t<span class=\"elementor-icon-list-text\">Mem\u00f2ria-2021<\/span>\n\t\t\t\t\t\t\t\t\t\t\t<\/a>\n\t\t\t\t\t\t\t\t\t<\/li>\n\t\t\t\t\t\t<\/ul>\n\t\t\t\t\t\t<\/div>\n\t\t\t\t<\/div>\n\t\t\t\t\t<\/div>\n\t\t<\/div>\n\t\t\t\t\t<\/div>\n\t\t<\/section>\n\t\t\t\t<section class=\"elementor-section elementor-inner-section elementor-element elementor-element-cb80c9a elementor-section-boxed elementor-section-height-default elementor-section-height-default\" data-id=\"cb80c9a\" data-element_type=\"section\">\n\t\t\t\t\t\t<div class=\"elementor-container elementor-column-gap-default\">\n\t\t\t\t\t<div class=\"elementor-column elementor-col-50 elementor-inner-column elementor-element elementor-element-ffee98a\" data-id=\"ffee98a\" data-element_type=\"column\">\n\t\t\t<div class=\"elementor-widget-wrap elementor-element-populated\">\n\t\t\t\t\t\t<div class=\"elementor-element elementor-element-79452b9 elementor-widget elementor-widget-image\" data-id=\"79452b9\" data-element_type=\"widget\" data-widget_type=\"image.default\">\n\t\t\t\t<div class=\"elementor-widget-container\">\n\t\t\t\t\t\t\t\t\t\t\t\t\t\t\t<img decoding=\"async\" src=\"https:\/\/dromkotar.org\/wp-content\/uploads\/2022\/05\/memoria.png\" title=\"memoria economica\" alt=\"memoria economica\" loading=\"lazy\" \/>\t\t\t\t\t\t\t\t\t\t\t\t\t\t\t<\/div>\n\t\t\t\t<\/div>\n\t\t\t\t<div class=\"elementor-element elementor-element-d3cb66b elementor-widget elementor-widget-heading\" data-id=\"d3cb66b\" data-element_type=\"widget\" data-widget_type=\"heading.default\">\n\t\t\t\t<div class=\"elementor-widget-container\">\n\t\t\t\t\t<h4 class=\"elementor-heading-title elementor-size-default\">Mem\u00f2ria d'activitats<\/h4>\t\t\t\t<\/div>\n\t\t\t\t<\/div>\n\t\t\t\t<div class=\"elementor-element elementor-element-45d3336 elementor-align-center elementor-icon-list--layout-traditional elementor-list-item-link-full_width elementor-widget elementor-widget-icon-list\" data-id=\"45d3336\" data-element_type=\"widget\" data-widget_type=\"icon-list.default\">\n\t\t\t\t<div class=\"elementor-widget-container\">\n\t\t\t\t\t\t\t<ul class=\"elementor-icon-list-items\">\n\t\t\t\t\t\t\t<li class=\"elementor-icon-list-item\">\n\t\t\t\t\t\t\t\t\t\t\t<a href=\"https:\/\/dromkotar.org\/ca\/memoria-2017\/\" target=\"_blank\">\n\n\t\t\t\t\t\t\t\t\t\t\t\t<span class=\"elementor-icon-list-icon\">\n\t\t\t\t\t\t\t<i aria-hidden=\"true\" class=\"far fa-file-pdf\"><\/i>\t\t\t\t\t\t<\/span>\n\t\t\t\t\t\t\t\t\t\t<span class=\"elementor-icon-list-text\">Mem\u00f2ria-2017<\/span>\n\t\t\t\t\t\t\t\t\t\t\t<\/a>\n\t\t\t\t\t\t\t\t\t<\/li>\n\t\t\t\t\t\t\t\t<li class=\"elementor-icon-list-item\">\n\t\t\t\t\t\t\t\t\t\t\t<a href=\"https:\/\/dromkotar.org\/ca\/memoria-2018\/\" target=\"_blank\">\n\n\t\t\t\t\t\t\t\t\t\t\t\t<span class=\"elementor-icon-list-icon\">\n\t\t\t\t\t\t\t<i aria-hidden=\"true\" class=\"far fa-file-pdf\"><\/i>\t\t\t\t\t\t<\/span>\n\t\t\t\t\t\t\t\t\t\t<span class=\"elementor-icon-list-text\">Mem\u00f2ria-2018<\/span>\n\t\t\t\t\t\t\t\t\t\t\t<\/a>\n\t\t\t\t\t\t\t\t\t<\/li>\n\t\t\t\t\t\t\t\t<li class=\"elementor-icon-list-item\">\n\t\t\t\t\t\t\t\t\t\t\t<a href=\"https:\/\/dromkotar.org\/ca\/memoria-2019\/\" target=\"_blank\">\n\n\t\t\t\t\t\t\t\t\t\t\t\t<span class=\"elementor-icon-list-icon\">\n\t\t\t\t\t\t\t<i aria-hidden=\"true\" class=\"far fa-file-pdf\"><\/i>\t\t\t\t\t\t<\/span>\n\t\t\t\t\t\t\t\t\t\t<span class=\"elementor-icon-list-text\">Mem\u00f2ria-2019<\/span>\n\t\t\t\t\t\t\t\t\t\t\t<\/a>\n\t\t\t\t\t\t\t\t\t<\/li>\n\t\t\t\t\t\t<\/ul>\n\t\t\t\t\t\t<\/div>\n\t\t\t\t<\/div>\n\t\t\t\t\t<\/div>\n\t\t<\/div>\n\t\t\t\t<div class=\"elementor-column elementor-col-50 elementor-inner-column elementor-element elementor-element-3524418\" data-id=\"3524418\" data-element_type=\"column\">\n\t\t\t<div class=\"elementor-widget-wrap elementor-element-populated\">\n\t\t\t\t\t\t<div class=\"elementor-element elementor-element-9cec4f3 elementor-widget elementor-widget-image\" data-id=\"9cec4f3\" data-element_type=\"widget\" data-widget_type=\"image.default\">\n\t\t\t\t<div class=\"elementor-widget-container\">\n\t\t\t\t\t\t\t\t\t\t\t\t\t\t\t<img decoding=\"async\" src=\"https:\/\/dromkotar.org\/wp-content\/uploads\/2022\/05\/contabilidad.png\" title=\"contabilidad\" alt=\"contabilidad\" loading=\"lazy\" \/>\t\t\t\t\t\t\t\t\t\t\t\t\t\t\t<\/div>\n\t\t\t\t<\/div>\n\t\t\t\t<div class=\"elementor-element elementor-element-3e1df7c elementor-widget elementor-widget-heading\" data-id=\"3e1df7c\" data-element_type=\"widget\" data-widget_type=\"heading.default\">\n\t\t\t\t<div class=\"elementor-widget-container\">\n\t\t\t\t\t<h4 class=\"elementor-heading-title elementor-size-default\"><a href=\"https:\/\/dromkotar.org\/ca\/junta-directiva-drom-kotar-mestipen-cat-pdf\/\" target=\"_blank\">Junta directiva<\/a><\/h4>\t\t\t\t<\/div>\n\t\t\t\t<\/div>\n\t\t\t\t\t<\/div>\n\t\t<\/div>\n\t\t\t\t\t<\/div>\n\t\t<\/section>\n\t\t\t\t\t<\/div>\n\t\t<\/div>\n\t\t\t\t\t<\/div>\n\t\t<\/section>\n\t\t\t\t<\/div>\n\t\t","protected":false},"excerpt":{"rendered":"<p>En aquest apartat podeu trobar documentaci\u00f3 sobre l&#8217;activitat econ\u00f2mica i les bases de l&#8217;entitat<\/p>\n","protected":false},"author":1,"featured_media":0,"parent":0,"menu_order":0,"comment_status":"closed","ping_status":"closed","template":"","meta":{"footnotes":""},"class_list":["post-17","page","type-page","status-publish","hentry"],"yoast_head":"<!-- This site is optimized with the Yoast SEO plugin v27.3 - https:\/\/yoast.com\/product\/yoast-seo-wordpress\/ -->\n<title>Transpar\u00e8ncia - Drom Kotar Mestipen<\/title>\n<meta name=\"description\" content=\"En aquest apartat podeu trobar documentaci\u00f3 sobre l&#039;activitat econ\u00f2mica i les bases de l&#039;entitat\" \/>\n<meta name=\"robots\" content=\"index, follow, max-snippet:-1, max-image-preview:large, max-video-preview:-1\" \/>\n<link rel=\"canonical\" href=\"https:\/\/dromkotar.org\/ca\/transparencia\/\" \/>\n<meta property=\"og:locale\" content=\"ca_ES\" \/>\n<meta property=\"og:type\" content=\"article\" \/>\n<meta property=\"og:title\" content=\"Transpar\u00e8ncia - Drom Kotar Mestipen\" \/>\n<meta property=\"og:description\" content=\"En aquest apartat podeu trobar documentaci\u00f3 sobre l&#039;activitat econ\u00f2mica i les bases de l&#039;entitat\" \/>\n<meta property=\"og:url\" content=\"https:\/\/dromkotar.org\/ca\/transparencia\/\" \/>\n<meta property=\"og:site_name\" content=\"Drom Kotar Mestipen\" \/>\n<meta property=\"article:modified_time\" content=\"2025-06-03T07:01:30+00:00\" \/>\n<meta property=\"og:image\" content=\"https:\/\/dromkotar.org\/wp-content\/uploads\/2022\/05\/estatutos.png\" \/>\n<meta name=\"twitter:card\" content=\"summary_large_image\" \/>\n<meta name=\"twitter:label1\" content=\"Temps estimat de lectura\" \/>\n\t<meta name=\"twitter:data1\" content=\"1 minut\" \/>\n<script type=\"application\/ld+json\" class=\"yoast-schema-graph\">{\"@context\":\"https:\\\/\\\/schema.org\",\"@graph\":[{\"@type\":\"WebPage\",\"@id\":\"https:\\\/\\\/dromkotar.org\\\/ca\\\/transparencia\\\/\",\"url\":\"https:\\\/\\\/dromkotar.org\\\/ca\\\/transparencia\\\/\",\"name\":\"Transpar\u00e8ncia - Drom Kotar Mestipen\",\"isPartOf\":{\"@id\":\"https:\\\/\\\/dromkotar.org\\\/ca\\\/#website\"},\"primaryImageOfPage\":{\"@id\":\"https:\\\/\\\/dromkotar.org\\\/ca\\\/transparencia\\\/#primaryimage\"},\"image\":{\"@id\":\"https:\\\/\\\/dromkotar.org\\\/transparencia\\\/#primaryimage\"},\"thumbnailUrl\":\"https:\\\/\\\/dromkotar.org\\\/wp-content\\\/uploads\\\/2022\\\/05\\\/estatutos.png\",\"datePublished\":\"2022-04-27T09:52:52+00:00\",\"dateModified\":\"2025-06-03T07:01:30+00:00\",\"description\":\"En aquest apartat podeu trobar documentaci\u00f3 sobre l'activitat econ\u00f2mica i les bases de l'entitat\",\"breadcrumb\":{\"@id\":\"https:\\\/\\\/dromkotar.org\\\/ca\\\/transparencia\\\/#breadcrumb\"},\"inLanguage\":\"ca\",\"potentialAction\":[{\"@type\":\"ReadAction\",\"target\":[[\"https:\\\/\\\/dromkotar.org\\\/ca\\\/transparencia\\\/\"]]}]},{\"@type\":\"ImageObject\",\"inLanguage\":\"ca\",\"@id\":\"https:\\\/\\\/dromkotar.org\\\/ca\\\/transparencia\\\/#primaryimage\",\"url\":\"https:\\\/\\\/dromkotar.org\\\/wp-content\\\/uploads\\\/2022\\\/05\\\/estatutos.png\",\"contentUrl\":\"https:\\\/\\\/dromkotar.org\\\/wp-content\\\/uploads\\\/2022\\\/05\\\/estatutos.png\"},{\"@type\":\"BreadcrumbList\",\"@id\":\"https:\\\/\\\/dromkotar.org\\\/ca\\\/transparencia\\\/#breadcrumb\",\"itemListElement\":[{\"@type\":\"ListItem\",\"position\":1,\"name\":\"Inici\",\"item\":\"https:\\\/\\\/dromkotar.org\\\/ca\\\/\"},{\"@type\":\"ListItem\",\"position\":2,\"name\":\"Transparencia\"}]},{\"@type\":\"WebSite\",\"@id\":\"https:\\\/\\\/dromkotar.org\\\/ca\\\/#website\",\"url\":\"https:\\\/\\\/dromkotar.org\\\/ca\\\/\",\"name\":\"Drom Kotar Mestipen\",\"description\":\"Associacio\u0301 gitana de dones\",\"publisher\":{\"@id\":\"https:\\\/\\\/dromkotar.org\\\/ca\\\/#organization\"},\"potentialAction\":[{\"@type\":\"SearchAction\",\"target\":{\"@type\":\"EntryPoint\",\"urlTemplate\":\"https:\\\/\\\/dromkotar.org\\\/ca\\\/?s={search_term_string}\"},\"query-input\":{\"@type\":\"PropertyValueSpecification\",\"valueRequired\":true,\"valueName\":\"search_term_string\"}}],\"inLanguage\":\"ca\"},{\"@type\":\"Organization\",\"@id\":\"https:\\\/\\\/dromkotar.org\\\/ca\\\/#organization\",\"name\":\"(Espa\u00f1ol) Drom Kotar Mestipen\",\"url\":\"https:\\\/\\\/dromkotar.org\\\/ca\\\/\",\"logo\":{\"@type\":\"ImageObject\",\"inLanguage\":\"ca\",\"@id\":\"https:\\\/\\\/dromkotar.org\\\/ca\\\/#\\\/schema\\\/logo\\\/image\\\/\",\"url\":\"https:\\\/\\\/www.dromkotar.org\\\/wp-content\\\/uploads\\\/2022\\\/05\\\/cropped-drom-kotar-favicon.png\",\"contentUrl\":\"https:\\\/\\\/www.dromkotar.org\\\/wp-content\\\/uploads\\\/2022\\\/05\\\/cropped-drom-kotar-favicon.png\",\"width\":512,\"height\":512,\"caption\":\"(Espa\u00f1ol) Drom Kotar Mestipen\"},\"image\":{\"@id\":\"https:\\\/\\\/dromkotar.org\\\/ca\\\/#\\\/schema\\\/logo\\\/image\\\/\"}}]}<\/script>\n<!-- \/ Yoast SEO plugin. -->","yoast_head_json":{"title":"Transpar\u00e8ncia - Drom Kotar Mestipen","description":"En aquest apartat podeu trobar documentaci\u00f3 sobre l'activitat econ\u00f2mica i les bases de l'entitat","robots":{"index":"index","follow":"follow","max-snippet":"max-snippet:-1","max-image-preview":"max-image-preview:large","max-video-preview":"max-video-preview:-1"},"canonical":"https:\/\/dromkotar.org\/ca\/transparencia\/","og_locale":"ca_ES","og_type":"article","og_title":"Transpar\u00e8ncia - Drom Kotar Mestipen","og_description":"En aquest apartat podeu trobar documentaci\u00f3 sobre l'activitat econ\u00f2mica i les bases de l'entitat","og_url":"https:\/\/dromkotar.org\/ca\/transparencia\/","og_site_name":"Drom Kotar Mestipen","article_modified_time":"2025-06-03T07:01:30+00:00","og_image":[{"url":"https:\/\/dromkotar.org\/wp-content\/uploads\/2022\/05\/estatutos.png","type":"","width":"","height":""}],"twitter_card":"summary_large_image","twitter_misc":{"Temps estimat de lectura":"1 minut"},"schema":{"@context":"https:\/\/schema.org","@graph":[{"@type":"WebPage","@id":"https:\/\/dromkotar.org\/ca\/transparencia\/","url":"https:\/\/dromkotar.org\/ca\/transparencia\/","name":"Transpar\u00e8ncia - Drom Kotar Mestipen","isPartOf":{"@id":"https:\/\/dromkotar.org\/ca\/#website"},"primaryImageOfPage":{"@id":"https:\/\/dromkotar.org\/ca\/transparencia\/#primaryimage"},"image":{"@id":"https:\/\/dromkotar.org\/transparencia\/#primaryimage"},"thumbnailUrl":"https:\/\/dromkotar.org\/wp-content\/uploads\/2022\/05\/estatutos.png","datePublished":"2022-04-27T09:52:52+00:00","dateModified":"2025-06-03T07:01:30+00:00","description":"En aquest apartat podeu trobar documentaci\u00f3 sobre l'activitat econ\u00f2mica i les bases de l'entitat","breadcrumb":{"@id":"https:\/\/dromkotar.org\/ca\/transparencia\/#breadcrumb"},"inLanguage":"ca","potentialAction":[{"@type":"ReadAction","target":[["https:\/\/dromkotar.org\/ca\/transparencia\/"]]}]},{"@type":"ImageObject","inLanguage":"ca","@id":"https:\/\/dromkotar.org\/ca\/transparencia\/#primaryimage","url":"https:\/\/dromkotar.org\/wp-content\/uploads\/2022\/05\/estatutos.png","contentUrl":"https:\/\/dromkotar.org\/wp-content\/uploads\/2022\/05\/estatutos.png"},{"@type":"BreadcrumbList","@id":"https:\/\/dromkotar.org\/ca\/transparencia\/#breadcrumb","itemListElement":[{"@type":"ListItem","position":1,"name":"Inici","item":"https:\/\/dromkotar.org\/ca\/"},{"@type":"ListItem","position":2,"name":"Transparencia"}]},{"@type":"WebSite","@id":"https:\/\/dromkotar.org\/ca\/#website","url":"https:\/\/dromkotar.org\/ca\/","name":"Drom Kotar Mestipen","description":"Associacio\u0301 gitana de dones","publisher":{"@id":"https:\/\/dromkotar.org\/ca\/#organization"},"potentialAction":[{"@type":"SearchAction","target":{"@type":"EntryPoint","urlTemplate":"https:\/\/dromkotar.org\/ca\/?s={search_term_string}"},"query-input":{"@type":"PropertyValueSpecification","valueRequired":true,"valueName":"search_term_string"}}],"inLanguage":"ca"},{"@type":"Organization","@id":"https:\/\/dromkotar.org\/ca\/#organization","name":"(Espa\u00f1ol) Drom Kotar Mestipen","url":"https:\/\/dromkotar.org\/ca\/","logo":{"@type":"ImageObject","inLanguage":"ca","@id":"https:\/\/dromkotar.org\/ca\/#\/schema\/logo\/image\/","url":"https:\/\/www.dromkotar.org\/wp-content\/uploads\/2022\/05\/cropped-drom-kotar-favicon.png","contentUrl":"https:\/\/www.dromkotar.org\/wp-content\/uploads\/2022\/05\/cropped-drom-kotar-favicon.png","width":512,"height":512,"caption":"(Espa\u00f1ol) Drom Kotar Mestipen"},"image":{"@id":"https:\/\/dromkotar.org\/ca\/#\/schema\/logo\/image\/"}}]}},"_links":{"self":[{"href":"https:\/\/dromkotar.org\/ca\/wp-json\/wp\/v2\/pages\/17","targetHints":{"allow":["GET"]}}],"collection":[{"href":"https:\/\/dromkotar.org\/ca\/wp-json\/wp\/v2\/pages"}],"about":[{"href":"https:\/\/dromkotar.org\/ca\/wp-json\/wp\/v2\/types\/page"}],"author":[{"embeddable":true,"href":"https:\/\/dromkotar.org\/ca\/wp-json\/wp\/v2\/users\/1"}],"replies":[{"embeddable":true,"href":"https:\/\/dromkotar.org\/ca\/wp-json\/wp\/v2\/comments?post=17"}],"version-history":[{"count":158,"href":"https:\/\/dromkotar.org\/ca\/wp-json\/wp\/v2\/pages\/17\/revisions"}],"predecessor-version":[{"id":2986,"href":"https:\/\/dromkotar.org\/ca\/wp-json\/wp\/v2\/pages\/17\/revisions\/2986"}],"wp:attachment":[{"href":"https:\/\/dromkotar.org\/ca\/wp-json\/wp\/v2\/media?parent=17"}],"curies":[{"name":"wp","href":"https:\/\/api.w.org\/{rel}","templated":true}]}}