{"id":3,"date":"2022-04-26T17:44:23","date_gmt":"2022-04-26T17:44:23","guid":{"rendered":"http:\/\/www.dromkotar.org\/?page_id=3"},"modified":"2022-06-15T10:18:25","modified_gmt":"2022-06-15T10:18:25","slug":"privacy-policy","status":"publish","type":"page","link":"https:\/\/dromkotar.org\/ca\/politica-de-privacitat\/","title":{"rendered":"Pol\u00edtica de privacitat"},"content":{"rendered":"<p>Quan precisem obtenir informaci\u00f3 per part seva, sempre li sol\u00b7licitarem que ens la proporcioni volunt\u00e0riament de manera expressa. Les dades recaptades a trav\u00e9s dels formularis de recollida de dades del lloc web o d\u2019altres vies seran incorporades a un fitxer de dades de car\u00e0cter personal de <strong>l&#8217;Associaci\u00f3 Gitana de Dones Drom Kotar Mestipen<\/strong>, i nom\u00e9s seran utilitzats per informar de les activitats de l&#8217;entitat. Aquesta entitat tractar\u00e0 les dades de manera confidencial i exclusivament amb la finalitat d&#8217;oferir els serveis sol\u00b7licitats, amb totes les garanties legals i de seguretat que determina la Llei org\u00e0nica 15\/1999, de 13 de desembre, de Protecci\u00f3 de Dades de Car\u00e0cter Personal, el Reial decret 1720\/2007, de 21 de desembre i la Llei 34\/2002, d&#8217;11 de juliol, de Serveis de la Societat de la Informaci\u00f3 i Comer\u00e7 Electr\u00f2nic.<\/p>\n<p><strong>EL PROPIETARI DE LA WEB<\/strong> es compromet a no cedir, vendre, ni compartir les dades amb terceres persones sense la seva aprovaci\u00f3 expressa.<\/p>\n<p>Aix\u00ed mateix, <strong>L&#8217;ASSOCIACI\u00d3 GITANA DE DONES DROM KOTAR MESTIPEN<\/strong> cancel\u00b7lar\u00e0 o rectificar\u00e0 les dades quan resultin inexactes, incomplets o hagin deixat de ser necessaris i\/o pertinents<br \/>\nper a la seva finalitat, de conformitat amb el que es preveu en la Llei org\u00e0nica 15\/1999, de 13 de desembre, de Protecci\u00f3 de Dades de Car\u00e0cter Personal. La persona usu\u00e0ria podr\u00e0 revocar el consentiment prestat i exercir els drets d&#8217;acc\u00e9s, rectificaci\u00f3, cancel\u00b7laci\u00f3 i oposici\u00f3 escrivint un e-mail a dromkotarmestipen@gmail.com<\/p>\n<p><strong>EL PROPIETARI DE LA WEB<\/strong> adopta els nivells de seguretat corresponents requerits per la citada Llei org\u00e0nica 15\/1999 i altra normativa aplicable. No obstant aix\u00f2, no assumeix cap responsabilitat pels danys i perjudicis derivats d&#8217;alteracions que terceres persones puguin causar en els sistemes inform\u00e0tics, documents electr\u00f2nics o fitxers de l&#8217;usuari.<\/p>\n<p><strong>EL PROPIETARI DE LA WEB<\/strong> podr\u00e0 utilitzar cookies durant la prestaci\u00f3 de serveis del lloc web. Les cookies s\u00f3n fitxers f\u00edsics d&#8217;informaci\u00f3 personal allotjats en el propi terminal de l&#8217;usuari.<br \/>\nL&#8217;usuari t\u00e9 la possibilitat de configurar el seu programa navegador de manera que s&#8217;impedeixi la creaci\u00f3 d&#8217;arxius cookie o s&#8217;adverteixi d&#8217;aquests. Si opta per abandonar el nostre lloc web a trav\u00e9s d&#8217;enlla\u00e7os a llocs web no pertanyents a la nostra entitat, <strong>EL PROPIETARI DE LA WEB<\/strong> no es far\u00e0 responsable de les pol\u00edtiques de privacitat d&#8217;aquests llocs web ni de les cookies que aquests puguin emmagatzemar en l&#8217;ordinador de l&#8217;usuari.<\/p>\n<p>La nostra pol\u00edtica respecte al correu electr\u00f2nic se centra en remetre \u00fanicament comunicacions que vost\u00e8 hagi sol\u00b7licitat rebre.<\/p>","protected":false},"excerpt":{"rendered":"<p>Quan precisem obtenir informaci\u00f3 per part seva, sempre li sol\u00b7licitarem que ens la proporcioni volunt\u00e0riament de manera expressa. Les dades recaptades a trav\u00e9s dels formularis de recollida de dades del lloc web o d\u2019altres vies seran incorporades a un fitxer de dades de car\u00e0cter personal de l&#8217;Associaci\u00f3 Gitana de Dones Drom Kotar Mestipen, i nom\u00e9s [&hellip;]<\/p>\n","protected":false},"author":1,"featured_media":0,"parent":0,"menu_order":0,"comment_status":"closed","ping_status":"open","template":"","meta":{"footnotes":""},"class_list":["post-3","page","type-page","status-publish","hentry"],"yoast_head":"<!-- This site is optimized with the Yoast SEO plugin v27.4 - https:\/\/yoast.com\/product\/yoast-seo-wordpress\/ -->\n<title>Pol\u00edtica de privacitat - Drom Kotar Mestipen<\/title>\n<meta name=\"robots\" content=\"index, follow, max-snippet:-1, max-image-preview:large, max-video-preview:-1\" \/>\n<link rel=\"canonical\" href=\"https:\/\/dromkotar.org\/ca\/politica-de-privacidad\/\" \/>\n<meta property=\"og:locale\" content=\"ca_ES\" \/>\n<meta property=\"og:type\" content=\"article\" \/>\n<meta property=\"og:title\" content=\"Pol\u00edtica de privacitat - Drom Kotar Mestipen\" \/>\n<meta property=\"og:description\" content=\"Quan precisem obtenir informaci\u00f3 per part seva, sempre li sol\u00b7licitarem que ens la proporcioni volunt\u00e0riament de manera expressa. Les dades recaptades a trav\u00e9s dels formularis de recollida de dades del lloc web o d\u2019altres vies seran incorporades a un fitxer de dades de car\u00e0cter personal de l&#8217;Associaci\u00f3 Gitana de Dones Drom Kotar Mestipen, i nom\u00e9s [&hellip;]\" \/>\n<meta property=\"og:url\" content=\"https:\/\/dromkotar.org\/ca\/politica-de-privacidad\/\" \/>\n<meta property=\"og:site_name\" content=\"Drom Kotar Mestipen\" \/>\n<meta property=\"article:modified_time\" content=\"2022-06-15T10:18:25+00:00\" \/>\n<meta name=\"twitter:card\" content=\"summary_large_image\" \/>\n<meta name=\"twitter:label1\" content=\"Temps estimat de lectura\" \/>\n\t<meta name=\"twitter:data1\" content=\"6 minuts\" \/>\n<script type=\"application\/ld+json\" class=\"yoast-schema-graph\">{\"@context\":\"https:\\\/\\\/schema.org\",\"@graph\":[{\"@type\":\"WebPage\",\"@id\":\"https:\\\/\\\/dromkotar.org\\\/ca\\\/politica-de-privacidad\\\/\",\"url\":\"https:\\\/\\\/dromkotar.org\\\/ca\\\/politica-de-privacidad\\\/\",\"name\":\"Pol\u00edtica de privacitat - Drom Kotar Mestipen\",\"isPartOf\":{\"@id\":\"https:\\\/\\\/dromkotar.org\\\/ca\\\/#website\"},\"datePublished\":\"2022-04-26T17:44:23+00:00\",\"dateModified\":\"2022-06-15T10:18:25+00:00\",\"breadcrumb\":{\"@id\":\"https:\\\/\\\/dromkotar.org\\\/ca\\\/politica-de-privacidad\\\/#breadcrumb\"},\"inLanguage\":\"ca\",\"potentialAction\":[{\"@type\":\"ReadAction\",\"target\":[[\"https:\\\/\\\/dromkotar.org\\\/ca\\\/politica-de-privacidad\\\/\"]]}]},{\"@type\":\"BreadcrumbList\",\"@id\":\"https:\\\/\\\/dromkotar.org\\\/ca\\\/politica-de-privacidad\\\/#breadcrumb\",\"itemListElement\":[{\"@type\":\"ListItem\",\"position\":1,\"name\":\"Inici\",\"item\":\"https:\\\/\\\/dromkotar.org\\\/ca\\\/\"},{\"@type\":\"ListItem\",\"position\":2,\"name\":\"Pol\u00edtica de privacidad\"}]},{\"@type\":\"WebSite\",\"@id\":\"https:\\\/\\\/dromkotar.org\\\/ca\\\/#website\",\"url\":\"https:\\\/\\\/dromkotar.org\\\/ca\\\/\",\"name\":\"Drom Kotar Mestipen\",\"description\":\"Associacio\u0301 gitana de dones\",\"publisher\":{\"@id\":\"https:\\\/\\\/dromkotar.org\\\/ca\\\/#organization\"},\"potentialAction\":[{\"@type\":\"SearchAction\",\"target\":{\"@type\":\"EntryPoint\",\"urlTemplate\":\"https:\\\/\\\/dromkotar.org\\\/ca\\\/?s={search_term_string}\"},\"query-input\":{\"@type\":\"PropertyValueSpecification\",\"valueRequired\":true,\"valueName\":\"search_term_string\"}}],\"inLanguage\":\"ca\"},{\"@type\":\"Organization\",\"@id\":\"https:\\\/\\\/dromkotar.org\\\/ca\\\/#organization\",\"name\":\"(Espa\u00f1ol) Drom Kotar Mestipen\",\"url\":\"https:\\\/\\\/dromkotar.org\\\/ca\\\/\",\"logo\":{\"@type\":\"ImageObject\",\"inLanguage\":\"ca\",\"@id\":\"https:\\\/\\\/dromkotar.org\\\/ca\\\/#\\\/schema\\\/logo\\\/image\\\/\",\"url\":\"https:\\\/\\\/www.dromkotar.org\\\/wp-content\\\/uploads\\\/2022\\\/05\\\/cropped-drom-kotar-favicon.png\",\"contentUrl\":\"https:\\\/\\\/www.dromkotar.org\\\/wp-content\\\/uploads\\\/2022\\\/05\\\/cropped-drom-kotar-favicon.png\",\"width\":512,\"height\":512,\"caption\":\"(Espa\u00f1ol) Drom Kotar Mestipen\"},\"image\":{\"@id\":\"https:\\\/\\\/dromkotar.org\\\/ca\\\/#\\\/schema\\\/logo\\\/image\\\/\"}}]}<\/script>\n<!-- \/ Yoast SEO plugin. -->","yoast_head_json":{"title":"Pol\u00edtica de privacitat - Drom Kotar Mestipen","robots":{"index":"index","follow":"follow","max-snippet":"max-snippet:-1","max-image-preview":"max-image-preview:large","max-video-preview":"max-video-preview:-1"},"canonical":"https:\/\/dromkotar.org\/ca\/politica-de-privacidad\/","og_locale":"ca_ES","og_type":"article","og_title":"Pol\u00edtica de privacitat - Drom Kotar Mestipen","og_description":"Quan precisem obtenir informaci\u00f3 per part seva, sempre li sol\u00b7licitarem que ens la proporcioni volunt\u00e0riament de manera expressa. Les dades recaptades a trav\u00e9s dels formularis de recollida de dades del lloc web o d\u2019altres vies seran incorporades a un fitxer de dades de car\u00e0cter personal de l&#8217;Associaci\u00f3 Gitana de Dones Drom Kotar Mestipen, i nom\u00e9s [&hellip;]","og_url":"https:\/\/dromkotar.org\/ca\/politica-de-privacidad\/","og_site_name":"Drom Kotar Mestipen","article_modified_time":"2022-06-15T10:18:25+00:00","twitter_card":"summary_large_image","twitter_misc":{"Temps estimat de lectura":"6 minuts"},"schema":{"@context":"https:\/\/schema.org","@graph":[{"@type":"WebPage","@id":"https:\/\/dromkotar.org\/ca\/politica-de-privacidad\/","url":"https:\/\/dromkotar.org\/ca\/politica-de-privacidad\/","name":"Pol\u00edtica de privacitat - Drom Kotar Mestipen","isPartOf":{"@id":"https:\/\/dromkotar.org\/ca\/#website"},"datePublished":"2022-04-26T17:44:23+00:00","dateModified":"2022-06-15T10:18:25+00:00","breadcrumb":{"@id":"https:\/\/dromkotar.org\/ca\/politica-de-privacidad\/#breadcrumb"},"inLanguage":"ca","potentialAction":[{"@type":"ReadAction","target":[["https:\/\/dromkotar.org\/ca\/politica-de-privacidad\/"]]}]},{"@type":"BreadcrumbList","@id":"https:\/\/dromkotar.org\/ca\/politica-de-privacidad\/#breadcrumb","itemListElement":[{"@type":"ListItem","position":1,"name":"Inici","item":"https:\/\/dromkotar.org\/ca\/"},{"@type":"ListItem","position":2,"name":"Pol\u00edtica de privacidad"}]},{"@type":"WebSite","@id":"https:\/\/dromkotar.org\/ca\/#website","url":"https:\/\/dromkotar.org\/ca\/","name":"Drom Kotar Mestipen","description":"Associacio\u0301 gitana de dones","publisher":{"@id":"https:\/\/dromkotar.org\/ca\/#organization"},"potentialAction":[{"@type":"SearchAction","target":{"@type":"EntryPoint","urlTemplate":"https:\/\/dromkotar.org\/ca\/?s={search_term_string}"},"query-input":{"@type":"PropertyValueSpecification","valueRequired":true,"valueName":"search_term_string"}}],"inLanguage":"ca"},{"@type":"Organization","@id":"https:\/\/dromkotar.org\/ca\/#organization","name":"(Espa\u00f1ol) Drom Kotar Mestipen","url":"https:\/\/dromkotar.org\/ca\/","logo":{"@type":"ImageObject","inLanguage":"ca","@id":"https:\/\/dromkotar.org\/ca\/#\/schema\/logo\/image\/","url":"https:\/\/www.dromkotar.org\/wp-content\/uploads\/2022\/05\/cropped-drom-kotar-favicon.png","contentUrl":"https:\/\/www.dromkotar.org\/wp-content\/uploads\/2022\/05\/cropped-drom-kotar-favicon.png","width":512,"height":512,"caption":"(Espa\u00f1ol) Drom Kotar Mestipen"},"image":{"@id":"https:\/\/dromkotar.org\/ca\/#\/schema\/logo\/image\/"}}]}},"_links":{"self":[{"href":"https:\/\/dromkotar.org\/ca\/wp-json\/wp\/v2\/pages\/3","targetHints":{"allow":["GET"]}}],"collection":[{"href":"https:\/\/dromkotar.org\/ca\/wp-json\/wp\/v2\/pages"}],"about":[{"href":"https:\/\/dromkotar.org\/ca\/wp-json\/wp\/v2\/types\/page"}],"author":[{"embeddable":true,"href":"https:\/\/dromkotar.org\/ca\/wp-json\/wp\/v2\/users\/1"}],"replies":[{"embeddable":true,"href":"https:\/\/dromkotar.org\/ca\/wp-json\/wp\/v2\/comments?post=3"}],"version-history":[{"count":3,"href":"https:\/\/dromkotar.org\/ca\/wp-json\/wp\/v2\/pages\/3\/revisions"}],"predecessor-version":[{"id":2171,"href":"https:\/\/dromkotar.org\/ca\/wp-json\/wp\/v2\/pages\/3\/revisions\/2171"}],"wp:attachment":[{"href":"https:\/\/dromkotar.org\/ca\/wp-json\/wp\/v2\/media?parent=3"}],"curies":[{"name":"wp","href":"https:\/\/api.w.org\/{rel}","templated":true}]}}