{"id":120,"date":"2017-06-23T21:52:37","date_gmt":"2017-06-23T21:52:37","guid":{"rendered":"http:\/\/www.dromkotar.org\/congress\/?page_id=120"},"modified":"2018-07-09T02:32:33","modified_gmt":"2018-07-09T02:32:33","slug":"methodology-approach","status":"publish","type":"page","link":"https:\/\/dromkotar.org\/congress\/ca\/sample-page\/methodology-approach\/","title":{"rendered":"Metodologia \/ Enfocament"},"content":{"rendered":"<p><\/p>\n<p style=\"text-align: justify;\">La DKM s&#8217;enorgulleix de <strong>treballar estretament amb les dones gitanes de base i de garantir que les m\u00e9s vulnerables tinguin espais per a ser escoltades i reunir-se per trobar les solucions als diversos desafiaments que afecten la comunitat.<\/strong> Els m\u00e8todes horitzontals i participatius empleats facilitaran els espais dial\u00f2gics donant la paraula a les dones i joves gitanes.<\/p>\n<p style=\"text-align: justify;\">El Congr\u00e9s inclour\u00e0 amb tres espais que aportaran continguts per el debat i per les propostes. El primer espai \u00a0estar\u00e0 vinculat<strong> a l&#8217;acci\u00f3 te\u00f2rica i acad\u00e8mica,<\/strong> el segon espai \u00a0a <strong>les intervencions i pr\u00e0ctiques<\/strong> i el tercer <strong>a les veus de les dones gitanes de base.<\/strong> Els espais tindran diferents formats per aconseguir espais dial\u00f2gics entre dones (ponents, pon\u00e8ncies, simposis, tallers, seminaris i altres).<\/p>\n<p style=\"text-align: justify;\">Des de la Drom Kotar Mestipen proposem que el congr\u00e9s giri al voltant dels <strong>seg\u00fcents temes: educaci\u00f3, salut, prevenci\u00f3 de la viol\u00e8ncia de g\u00e8nere, feminisme, salut i mercat de treball.<\/strong>\u00a0 Durant la sessi\u00f3 preparat\u00f2ria a cada pa\u00eds \u00a0els temes seran definits i acordats per consens, tant els temes definitius del Congr\u00e9s com la seva perspectiva per treballar-los (tallers, panells, seminaris, taules rodones, grups de treball, etc &#8230;).<\/p>\n<p style=\"text-align: justify;\">Per assegurar <strong>l&#8217;\u00e8xit del congr\u00e9s, hi haur\u00e0 un intens treball previ de contacte i coordinaci\u00f3 de treball amb organitzacions i grups de dones de tots els territoris.<\/strong> Aix\u00ed, aconseguirem involucrar en l&#8217;organitzaci\u00f3 del Congr\u00e9s a totes les dones i moviments que ho vulguin.<\/p>\n<p style=\"text-align: justify;\"><img loading=\"lazy\" decoding=\"async\" class=\"aligncenter wp-image-268 size-full\" src=\"http:\/\/www.dromkotar.org\/congress\/wp-content\/uploads\/2017\/07\/IMG_7996.jpg\" alt=\"\" width=\"3888\" height=\"2592\" srcset=\"https:\/\/dromkotar.org\/congress\/wp-content\/uploads\/2017\/07\/IMG_7996.jpg 3888w, https:\/\/dromkotar.org\/congress\/wp-content\/uploads\/2017\/07\/IMG_7996-300x200.jpg 300w, https:\/\/dromkotar.org\/congress\/wp-content\/uploads\/2017\/07\/IMG_7996-768x512.jpg 768w, https:\/\/dromkotar.org\/congress\/wp-content\/uploads\/2017\/07\/IMG_7996-1024x683.jpg 1024w, https:\/\/dromkotar.org\/congress\/wp-content\/uploads\/2017\/07\/IMG_7996-480x320.jpg 480w, https:\/\/dromkotar.org\/congress\/wp-content\/uploads\/2017\/07\/IMG_7996-450x300.jpg 450w\" sizes=\"auto, (max-width: 3888px) 100vw, 3888px\" \/><\/p>\n<p style=\"text-align: justify;\"><!--nextpage--><\/p>\n<p style=\"text-align: justify;\"><img loading=\"lazy\" decoding=\"async\" class=\"aligncenter size-full wp-image-101\" src=\"http:\/\/www.dromkotar.org\/congress\/wp-content\/uploads\/2017\/05\/Logo-Macedonia-2.jpg\" alt=\"\" width=\"200\" height=\"200\" srcset=\"https:\/\/dromkotar.org\/congress\/wp-content\/uploads\/2017\/05\/Logo-Macedonia-2.jpg 200w, https:\/\/dromkotar.org\/congress\/wp-content\/uploads\/2017\/05\/Logo-Macedonia-2-150x150.jpg 150w\" sizes=\"auto, (max-width: 200px) 100vw, 200px\" \/><\/p>\n<p style=\"text-align: justify;\">Dones Gitanes de tots els \u00e0mbits de la vida s&#8217;estan preparant per al Congr\u00e9s. S&#8217;estan reunint en les seves comunitats per discutir els temes que m\u00e9s importen per a ells i estan fent una pluja d&#8217;idees per trobar solucions pr\u00e0ctiques als problemes identificats. Aqu\u00ed l&#8217;ONG associada al projecte KHAM Delcevo-Maced\u00f2nia est\u00e0 donant suport a algunes de les dones de les seves comunitats per preparar di\u00e1logamente materials per al Congr\u00e9s.<\/p>\n<div id='gallery-5' class='gallery galleryid-120 gallery-columns-3 gallery-size-thumbnail'><figure class='gallery-item'>\n\t\t\t<div class='gallery-icon landscape'>\n\t\t\t\t<a href='https:\/\/dromkotar.org\/congress\/ca\/sample-page\/methodology-approach\/english-classes-with-roma-students-held-in-delcevo\/'><img loading=\"lazy\" decoding=\"async\" width=\"150\" height=\"150\" src=\"https:\/\/dromkotar.org\/congress\/wp-content\/uploads\/2017\/06\/English-classes-with-Roma-students-held-in-Delcevo-150x150.jpg\" class=\"attachment-thumbnail size-thumbnail\" alt=\"\" \/><\/a>\n\t\t\t<\/div><\/figure><figure class='gallery-item'>\n\t\t\t<div class='gallery-icon landscape'>\n\t\t\t\t<a href='https:\/\/dromkotar.org\/congress\/ca\/sample-page\/methodology-approach\/gender-equality-and-non-discrimination-activity-held-in-ohrid-project-implemented-by-rwo-daja-and-ngo-kham\/'><img loading=\"lazy\" decoding=\"async\" width=\"150\" height=\"150\" src=\"https:\/\/dromkotar.org\/congress\/wp-content\/uploads\/2017\/06\/Gender-equality-and-non-discrimination-activity-held-in-Ohrid-project-implemented-by-RWO-DAJA-and-NGO-KHAM-150x150.jpg\" class=\"attachment-thumbnail size-thumbnail\" alt=\"\" \/><\/a>\n\t\t\t<\/div><\/figure><figure class='gallery-item'>\n\t\t\t<div class='gallery-icon landscape'>\n\t\t\t\t<a href='https:\/\/dromkotar.org\/congress\/ca\/sample-page\/methodology-approach\/gender-equality-and-non-discrimination-activity-held-in-ohrid-2-project-implemented-by-rwo-daja-and-ngo-kham\/'><img loading=\"lazy\" decoding=\"async\" width=\"150\" height=\"150\" src=\"https:\/\/dromkotar.org\/congress\/wp-content\/uploads\/2017\/06\/Gender-equality-and-non-discrimination-activity-held-in-Ohrid-2-project-implemented-by-RWO-DAJA-and-NGO-KHAM-150x150.jpg\" class=\"attachment-thumbnail size-thumbnail\" alt=\"\" \/><\/a>\n\t\t\t<\/div><\/figure><figure class='gallery-item'>\n\t\t\t<div class='gallery-icon landscape'>\n\t\t\t\t<a href='https:\/\/dromkotar.org\/congress\/ca\/sample-page\/methodology-approach\/hscl-activity-held-in-vilage-crnik-with-roma-mothers\/'><img loading=\"lazy\" decoding=\"async\" width=\"150\" height=\"150\" src=\"https:\/\/dromkotar.org\/congress\/wp-content\/uploads\/2017\/06\/HSCL-activity-held-in-vilage-Crnik-with-Roma-mothers-150x150.jpg\" class=\"attachment-thumbnail size-thumbnail\" alt=\"\" \/><\/a>\n\t\t\t<\/div><\/figure><figure class='gallery-item'>\n\t\t\t<div class='gallery-icon landscape'>\n\t\t\t\t<a href='https:\/\/dromkotar.org\/congress\/ca\/sample-page\/methodology-approach\/motivational-event-held-with-roma-mothers-in-vilage-crnik\/'><img loading=\"lazy\" decoding=\"async\" width=\"150\" height=\"150\" src=\"https:\/\/dromkotar.org\/congress\/wp-content\/uploads\/2017\/06\/Motivational-event-held-with-Roma-mothers-in-vilage-Crnik-150x150.jpg\" class=\"attachment-thumbnail size-thumbnail\" alt=\"\" \/><\/a>\n\t\t\t<\/div><\/figure><figure class='gallery-item'>\n\t\t\t<div class='gallery-icon landscape'>\n\t\t\t\t<a href='https:\/\/dromkotar.org\/congress\/ca\/sample-page\/methodology-approach\/public-and-political-participation-actvity-held-in-delcevo-project-implemeted-by-rwo-daja-and-ngo-kham\/'><img loading=\"lazy\" decoding=\"async\" width=\"150\" height=\"150\" src=\"https:\/\/dromkotar.org\/congress\/wp-content\/uploads\/2017\/06\/Public-and-Political-participation-actvity-held-in-Delcevo-project-implemeted-by-RWO-DAJA-and-NGO-KHAM-150x150.jpg\" class=\"attachment-thumbnail size-thumbnail\" alt=\"\" \/><\/a>\n\t\t\t<\/div><\/figure><figure class='gallery-item'>\n\t\t\t<div class='gallery-icon landscape'>\n\t\t\t\t<a href='https:\/\/dromkotar.org\/congress\/ca\/sample-page\/methodology-approach\/team-of-ngo-kham-ritrit-held-in-berovo\/'><img loading=\"lazy\" decoding=\"async\" width=\"150\" height=\"150\" src=\"https:\/\/dromkotar.org\/congress\/wp-content\/uploads\/2017\/06\/Team-of-NGO-KHAM-Ritrit-held-in-Berovo-150x150.jpg\" class=\"attachment-thumbnail size-thumbnail\" alt=\"\" \/><\/a>\n\t\t\t<\/div><\/figure>\n\t\t<\/div>\n\n<p style=\"text-align: justify;\">L&#8217;ONG\u00a0<span id=\"yui_3_16_0_ym19_1_1505653794110_46899\" class=\"yiv6363041049gmail-hiddenSpellError\">KHAM<\/span>\u00a0<span id=\"yui_3_16_0_ym19_1_1505653794110_46898\" class=\"yiv6363041049gmail-hiddenSpellError\">Delcevo<\/span>\u00a0de Maced\u00f2nia ha <strong>tingut diverses reunions en nombrosos escenaris i alguns dels principals temes discutits van ser: la imatge de la Dona Gitana, l&#8217;Educaci\u00f3, la Salut i el Moviment Feminista de Dones Gitanes.<\/strong> M\u00e9s concretament, les dones van dir que se sentien representades com a esposes, eren percebudes com &#8220;darrere de l&#8217;home&#8221;, subordinades, vulnerables durant els conflictes. Per tant, van acordar que la participaci\u00f3 activa en la vida p\u00fablica i pol\u00edtica, tenir una presentaci\u00f3 m\u00e9s positiva de les tradicions gitanes i m\u00e9s models de les dones gitanes educades ajudarien a redefinir la imatge de la dona gitana.<br clear=\"none\" \/><br clear=\"none\" \/>La so<strong>lidaritat va ser un altre tema clau que va sorgir i l&#8217;educaci\u00f3 va ser discutida<\/strong> en gran mesura. Per a la comunitat es va discutir que els tallers amb dones gitanes adultes eren importants, aix\u00ed com la promoci\u00f3 de referents positives. <strong>La inclusi\u00f3 de la fam\u00edlia en el sistema escolar<\/strong> i el medi ambient tamb\u00e9 es van considerar cr\u00edtics perqu\u00e8 tingu\u00e9s lloc l&#8217;\u00e8xit educatiu i la conviv\u00e8ncia. Els clubs de lectors, els tallers de motivaci\u00f3 i la participaci\u00f3 de les mares gitanes durant un gran esdeveniment a l&#8217;escola que proporcionen ajuda als mestres van ser exemples de com les fam\u00edlies podrien involucrar-se i donar suport a la vida familiar de l&#8217;escola.<\/p>\n<p style=\"text-align: justify;\"><br clear=\"none\" \/><strong>La\u00a0salut va ser un altre tema que es va discutir, i un problema que es va examinar van ser els embarassos primerencs.<\/strong> Es va omplir una llista de les raons per les quals es produeixen embarassos primerencs: Falta d&#8217;educaci\u00f3, extrema pobresa, tradici\u00f3, atur, discriminaci\u00f3 de g\u00e8nere durant l&#8217;educaci\u00f3, ignor\u00e0ncia institucional o aprovaci\u00f3. I les conseq\u00fc\u00e8ncies d&#8217;aix\u00f2, com es veu a trav\u00e9s dels ulls de les dones consultades van ser: Infecci\u00f3 sexual, menor concurr\u00e8ncia en el mercat laboral, interrupci\u00f3 del proc\u00e9s educatiu, depend\u00e8ncia econ\u00f2mica i pobresa.<\/p>\n<p style=\"text-align: justify;\"><br clear=\"none\" \/>Com a tema de tancament, el Moviment Feminista Gitana va ser examinat de prop i es va acordar que era important avan\u00e7ar en la perspectiva de g\u00e8nere en tots els \u00e0mbits.<br clear=\"none\" \/><br clear=\"none\" \/><strong>L&#8217;eliminaci\u00f3 de la viol\u00e8ncia de g\u00e8nere mitjan\u00e7ant la inclusi\u00f3 de les dones en totes les esferes p\u00fabliques, la promoci\u00f3 de la igualtat de g\u00e8nere a les escoles,<\/strong> l&#8217;educaci\u00f3 sexual per posar fi als matrimonis preco\u00e7os i la revisi\u00f3 de les lleis matrimonials que s\u00f3n esbiaixades institucionalment contra les dones.<br clear=\"none\" \/><br clear=\"none\" \/>En general, les dones gitanes <strong>de la comunitat de base van participar en diverses discussions de di\u00e0leg<\/strong> i di\u00e0legs que els van permetre reflexionar, discutir, compartir i oferir col\u00b7lectivament solucions a les diverses q\u00fcestions a les quals s&#8217;enfronten.<\/p>\n<hr \/>\n<p style=\"text-align: justify;\">Los socios griegos\u00a0Alternative Innovative Development\u00a0<a href=\"http:\/\/aid.com.gr\/site\/\" target=\"_blank\" rel=\"noopener noreferrer\">A.I.D.<\/a>\u00a0\u00a0van crear un v\u00eddeo &#8220;No Hate to Roma Women&#8221; com a part de la campanya #NoHateSpeech del Consell d&#8217;Europa.<\/p>\n<p><img loading=\"lazy\" decoding=\"async\" class=\"size-thumbnail wp-image-385 aligncenter\" src=\"http:\/\/www.dromkotar.org\/congress\/wp-content\/uploads\/2017\/06\/NOHATE-150x150.png\" alt=\"\" width=\"150\" height=\"150\" srcset=\"https:\/\/dromkotar.org\/congress\/wp-content\/uploads\/2017\/06\/NOHATE-150x150.png 150w, https:\/\/dromkotar.org\/congress\/wp-content\/uploads\/2017\/06\/NOHATE.png 225w\" sizes=\"auto, (max-width: 150px) 100vw, 150px\" \/><\/p>\n<p><iframe loading=\"lazy\" width=\"900\" height=\"506\" src=\"https:\/\/www.youtube.com\/embed\/r2JCop_Tc_M?feature=oembed\" frameborder=\"0\" allow=\"autoplay; encrypted-media\" allowfullscreen><\/iframe><\/p>\n<p><!--nextpage--><\/p>\n<p><img loading=\"lazy\" decoding=\"async\" class=\"aligncenter wp-image-519\" src=\"http:\/\/www.dromkotar.org\/congress\/wp-content\/uploads\/2017\/06\/ERRC_Logo.jpg\" alt=\"\" width=\"365\" height=\"147\" srcset=\"https:\/\/dromkotar.org\/congress\/wp-content\/uploads\/2017\/06\/ERRC_Logo.jpg 1685w, https:\/\/dromkotar.org\/congress\/wp-content\/uploads\/2017\/06\/ERRC_Logo-300x121.jpg 300w, https:\/\/dromkotar.org\/congress\/wp-content\/uploads\/2017\/06\/ERRC_Logo-768x310.jpg 768w, https:\/\/dromkotar.org\/congress\/wp-content\/uploads\/2017\/06\/ERRC_Logo-1024x413.jpg 1024w, https:\/\/dromkotar.org\/congress\/wp-content\/uploads\/2017\/06\/ERRC_Logo-743x300.jpg 743w\" sizes=\"auto, (max-width: 365px) 100vw, 365px\" \/><\/p>\n<p>&nbsp;<\/p>\n<p id=\"tw-target-text\" class=\"tw-data-text tw-ta tw-text-small\" dir=\"ltr\" style=\"text-align: justify;\" data-placeholder=\"Translation\"><span lang=\"ca\">El Centre Europeu de Drets dels Rom (ERRC) \u00e9s una organitzaci\u00f3 de dret internacional d&#8217;inter\u00e8s p\u00fablic dirigida pels Roma que treballa per combatre el racisme anti-Roma i els abusos dels drets humans dels Roma a trav\u00e9s de litigis estrat\u00e8gics, investigaci\u00f3 i desenvolupament de pol\u00edtiques. <\/span><\/p>\n<p class=\"tw-data-text tw-ta tw-text-small\" dir=\"ltr\" style=\"text-align: justify;\" data-placeholder=\"Translation\"><span lang=\"ca\">Des de la seva creaci\u00f3 el 1996, el ERRC s&#8217;ha esfor\u00e7at per proporcionar als Roma les eines necess\u00e0ries per combatre la discriminaci\u00f3 i aconseguir un acc\u00e9s equitatiu a la just\u00edcia, l&#8217;educaci\u00f3, l&#8217;habitatge, l&#8217;atenci\u00f3 sanit\u00e0ria i els serveis p\u00fablics.<\/span><\/p>\n<p style=\"text-align: justify;\">La Oficial de Drets de la Dona, Anna Orsos, ha estat recolzant els preparatius del Pre-Congr\u00e9s. Aqu\u00ed est\u00e0 parlant del Dia Internacional de la Dona.<\/p>\n<p><iframe loading=\"lazy\" width=\"900\" height=\"506\" src=\"https:\/\/www.youtube.com\/embed\/eE24NUGrIaA?feature=oembed\" frameborder=\"0\" allow=\"autoplay; encrypted-media\" allowfullscreen><\/iframe><\/p>\n<p><img loading=\"lazy\" decoding=\"async\" class=\"size-full wp-image-518 aligncenter\" src=\"http:\/\/www.dromkotar.org\/congress\/wp-content\/uploads\/2017\/06\/Slide2.png\" alt=\"\" width=\"720\" height=\"1040\" srcset=\"https:\/\/dromkotar.org\/congress\/wp-content\/uploads\/2017\/06\/Slide2.png 720w, https:\/\/dromkotar.org\/congress\/wp-content\/uploads\/2017\/06\/Slide2-208x300.png 208w, https:\/\/dromkotar.org\/congress\/wp-content\/uploads\/2017\/06\/Slide2-709x1024.png 709w\" sizes=\"auto, (max-width: 720px) 100vw, 720px\" \/><\/p>\n<p>&nbsp;<\/p>\n<p>&nbsp;<\/p>\n<p><a href=\"http:\/\/iframe%20src=https:\/\/www.facebook.com\/plugins\/video.php?href=https%3A%2F%2Fwww.facebook.com%2FEuropeanRomaRightsCentre%2Fvideos%2F1296027127132007%2F&amp;show_text=1&amp;width=560%20width=560%20height=458%20style=border:none;overflow:hidden%20scrolling=no%20frameborder=0%20allowTransparency=true%20allowFullScreen=true\/iframe\">http:\/\/<iframe loading=\"lazy\" style=\"border: none; overflow: hidden;\" src=\"https:\/\/www.facebook.com\/plugins\/video.php?href=https%3A%2F%2Fwww.facebook.com%2FEuropeanRomaRightsCentre%2Fvideos%2F1296027127132007%2F&amp;show_text=1&amp;width=560\" width=\"560\" height=\"458\" frameborder=\"0\" scrolling=\"no\" allowfullscreen=\"allowfullscreen\"><\/iframe><\/a><\/p>\n<p><!--nextpage--><\/p>\n<p><img loading=\"lazy\" decoding=\"async\" class=\"aligncenter wp-image-572 size-full\" src=\"http:\/\/www.dromkotar.org\/congress\/wp-content\/uploads\/2017\/05\/romni-onlus-logo_medium-2.jpg\" alt=\"\" width=\"399\" height=\"189\" srcset=\"https:\/\/dromkotar.org\/congress\/wp-content\/uploads\/2017\/05\/romni-onlus-logo_medium-2.jpg 399w, https:\/\/dromkotar.org\/congress\/wp-content\/uploads\/2017\/05\/romni-onlus-logo_medium-2-300x142.jpg 300w\" sizes=\"auto, (max-width: 399px) 100vw, 399px\" \/><\/p>\n<p style=\"text-align: justify;\">Romni\u00a0Onlus\u00a0t\u00e9 la seu a Roma, It\u00e0lia, i reuneix dones gitanes i no gitanes per treballar juntes, independentment del seu origen. Des de 2010,\u00a0Romni\u00a0Onlus\u00a0i la seva fundadora,\u00a0Saska\u00a0Jovanovic, han tingut l&#8217;oportunitat de confrontar les realitats europees d&#8217;altres associacions gitanes i m\u00e9s.\u00a0Javanovic\u00a0ha participat en les diverses taules de treball en les que l&#8217;associaci\u00f3 ha compartit i abordat els problemes de les dones gitanes i ha prestat especial atenci\u00f3 a garantir que les dones gitanes m\u00e9s vulnerables de la seva comunitat escoltin aquestes veus.<\/p>\n<p style=\"text-align: justify;\">En 2014, va n\u00e9ixer el desig de formar una xarxa on totes les dones Gitanes i\u00a0Sinti\u00a0a It\u00e0lia i altres llocs, puguin trobar el suport adequat i un espai lliure de qualsevol forma de prejudici i discriminaci\u00f3. La Xarxa Nacional va rebre fons de l&#8217;Open\u00a0Society\u00a0Foundations-Roma\u00a0Initiatives\u00a0Office, la primera reuni\u00f3 de diverses dones gitanes de diverses regions italianes, activistes en la promoci\u00f3 cultural i cultural de dones gitanes i emigrants van assistir a la reuni\u00f3. El projecte preveia la creaci\u00f3 d&#8217;una s\u00f2lida xarxa nacional d&#8217;associacions i activistes gitanes, treballant amb objectius comuns a trav\u00e9s d&#8217;accions concretes i significatives, inclosa l&#8217;organitzaci\u00f3 d&#8217;una confer\u00e8ncia el 8 de mar\u00e7 de 2014, que \u00e9s el Dia Internacional de la Dona.<\/p>\n<p style=\"text-align: justify;\">Romni\u00a0Onlus\u00a0va ser part del 1r Congr\u00e9s Internacional de Dones Gitanes a 2010 i ha continuat treballant pels drets de la seva comunitat. L&#8217;organitzaci\u00f3 ha estat un pilar de la feina activista que t\u00e9 lloc a Roma, It\u00e0lia, i ha estat convidat a formar part de diversos grups de treball, entitats Gitanes i estan treballant en estreta col\u00b7laboraci\u00f3 amb les dones Gitanes de base que pateixen una exclusi\u00f3 triple i estan classificades de manera vulnerable a It\u00e0lia.<\/p>\n<p style=\"text-align: justify;\">Com a preparaci\u00f3 per al 2 \u00b0 Congr\u00e9s,\u00a0Saska\u00a0Javanovic\u00a0es va reunir amb dones locals de la seva comunitat per analitzar les l\u00ednies tem\u00e0tiques proposades pels delegats del\u00a0Pre-Congr\u00e9s (gener de 2017). Van acordar que, de fet, l&#8217;educaci\u00f3, la salut, l&#8217;economia i l&#8217;habitatge s\u00f3n fonamentals per les seves vides i tenen un impacte directe en el seu sosteniment. No obstant aix\u00f2, alguns temes m\u00e9s van ser descoberts i proposats per discutir durant l&#8217;esdeveniment de mar\u00e7 2018.<\/p>\n<p><strong>&#8211; Viol\u00e8ncia:<\/strong> tant l&#8217;ab\u00fas f\u00edsic com el psicol\u00f2gic estan afectant les dones gitanes.<\/p>\n<p style=\"text-align: justify;\"><strong>-Fertilitat:<\/strong> per a la dona gitana i per a la comunitat gitana, el concepte de fertilitat \u00e9s molt important i, per tant, \u00e9s essencial demostrar-ho a la comunitat. Si la dona no \u00e9s f\u00e8rtil, pot portar a prejudicis. La dona ha de sentir dins d&#8217;ella la necessitat de convertir-se en mare i no la pressi\u00f3 de la seva fam\u00edlia i la seva pr\u00f2pia comunitat.<\/p>\n<p style=\"text-align: justify;\"><strong> -Matrimoni i maternitat:<\/strong> Les joves gitanes que van assistir a la reuni\u00f3 van dir: &#8220;nosaltres, les joves gitanes, dones que mai han patit viol\u00e8ncia, podem aconsellar-los que esperin uns anys de matrimoni (2 anys) i nom\u00e9s despr\u00e9s, si desitgen un embar\u00e0s, intentant de quedar-te embarassada&#8221;. Aquest temps i perm\u00eds permeten el creixement personal i f\u00edsic de l&#8217;individu i despr\u00e9s el concepte d&#8217;esdevenir mare \u00e9s una elecci\u00f3 en lloc d&#8217;un sup\u00f2sit. El cultiu de les mateixes necessitats personals per aconseguir la seva pr\u00f2pia satisfacci\u00f3 i despr\u00e9s tenir cura de la seva pr\u00f2pia fam\u00edlia, \u00e9s una opci\u00f3.<\/p>\n<p style=\"text-align: justify;\"><strong>&#8211; L&#8217;educaci\u00f3 i els campaments de gitanes:<\/strong> moltes dones en els campaments desitgen continuar la seva educaci\u00f3 i \u00e9s una \u00e0rea que necessita m\u00e9s atenci\u00f3.<\/p>\n<p style=\"text-align: justify;\"><strong>&#8211; Documentaci\u00f3:<\/strong> els documents i la prova d&#8217;identitat s\u00f3n una inquietud per a moltes dones gitanes a It\u00e0lia. Molts no tenen els documents correctes i, per tant, es considera que no tenen una identitat i aix\u00f2 afecta en gran mesura la seva vida di\u00e0ria i inhibeix la seva capacitat de buscar i assegurar una feina.<\/p>\n<p style=\"text-align: justify;\"><strong>&#8211; Habitatge:<\/strong> Viure en condicions d&#8217;habitatge que puguin garantir el creixement sa i equilibrat de la dona per\u00f2 tamb\u00e9 dels seus propis fills i no viure en els anomenats &#8220;pobles equipats&#8221; que nom\u00e9s empitjoraran la situaci\u00f3 de la nostra gent.<\/p>\n<p style=\"text-align: justify;\"><strong>&#8211; Treball:<\/strong> amb un treball la dona se sent satisfeta i independent del seu marit, creiem que el treball \u00e9s sobretot una protecci\u00f3 per a la dona perqu\u00e8 si vol, per qualsevol ra\u00f3, separar-se del seu marit i continuar vivint una vida digna sense &#8220;dependre&#8221; de l&#8217;home.<\/p>\n<p style=\"text-align: justify;\"><strong>&#8211; Religi\u00f3:<\/strong> segons nosaltres, l&#8217;esgl\u00e9sia dins dels campaments Gitanos no aportaria cap aspecte positiu si no ansietat i conduiria a emfatitzar el concepte del camp del gueto.<\/p>\n<p style=\"text-align: justify;\"><strong>&#8211; Pol\u00edtic:<\/strong> Nosaltres, els gitanos enfrontem autom\u00e0ticament barreres perqu\u00e8 no tenim una orientaci\u00f3 pol\u00edtica, i per tant ni tan sols som importants en el moment de les eleccions, perqu\u00e8 els Gitanos i els\u00a0Sinti\u00a0italians per diverses raons no voten. At\u00e8s que no pertanyem a cap de les parts, no estem autom\u00e0ticament sota cap protecci\u00f3.<\/p>\n<div id='gallery-6' class='gallery galleryid-120 gallery-columns-3 gallery-size-thumbnail'><figure class='gallery-item'>\n\t\t\t<div class='gallery-icon landscape'>\n\t\t\t\t<a href='https:\/\/dromkotar.org\/congress\/ca\/sample-page\/methodology-approach\/matrimoni-cop-900x400\/'><img loading=\"lazy\" decoding=\"async\" width=\"150\" height=\"150\" src=\"https:\/\/dromkotar.org\/congress\/wp-content\/uploads\/2017\/06\/matrimoni-cop-900x400-150x150.jpg\" class=\"attachment-thumbnail size-thumbnail\" alt=\"\" \/><\/a>\n\t\t\t<\/div><\/figure><figure class='gallery-item'>\n\t\t\t<div class='gallery-icon landscape'>\n\t\t\t\t<a href='https:\/\/dromkotar.org\/congress\/ca\/sample-page\/methodology-approach\/img_1282\/'><img loading=\"lazy\" decoding=\"async\" width=\"150\" height=\"150\" src=\"https:\/\/dromkotar.org\/congress\/wp-content\/uploads\/2017\/06\/IMG_1282-150x150.jpg\" class=\"attachment-thumbnail size-thumbnail\" alt=\"\" \/><\/a>\n\t\t\t<\/div><\/figure><figure class='gallery-item'>\n\t\t\t<div class='gallery-icon landscape'>\n\t\t\t\t<a href='https:\/\/dromkotar.org\/congress\/ca\/sample-page\/methodology-approach\/attachment\/2\/'><img loading=\"lazy\" decoding=\"async\" width=\"150\" height=\"150\" src=\"https:\/\/dromkotar.org\/congress\/wp-content\/uploads\/2017\/06\/2-150x150.jpg\" class=\"attachment-thumbnail size-thumbnail\" alt=\"\" \/><\/a>\n\t\t\t<\/div><\/figure><figure class='gallery-item'>\n\t\t\t<div class='gallery-icon landscape'>\n\t\t\t\t<a href='https:\/\/dromkotar.org\/congress\/ca\/sample-page\/methodology-approach\/attachment\/1\/'><img loading=\"lazy\" decoding=\"async\" width=\"150\" height=\"150\" src=\"https:\/\/dromkotar.org\/congress\/wp-content\/uploads\/2017\/06\/1-150x150.jpg\" class=\"attachment-thumbnail size-thumbnail\" alt=\"\" \/><\/a>\n\t\t\t<\/div><\/figure>\n\t\t<\/div>\n\n<p>&nbsp;<\/p>\n<p>&nbsp;<\/p>\n<p>&nbsp;<\/p>\n<p>&nbsp;<\/p>\n<p>&nbsp;<\/p>\n<p>&nbsp;<\/p>\n<p>&nbsp;<\/p>\n<p>&nbsp;<\/p>","protected":false},"excerpt":{"rendered":"<p>Ho sentim, aquesta entrada es troba disponible \u00fanicament en English.<\/p>\n","protected":false},"author":1,"featured_media":0,"parent":2,"menu_order":3,"comment_status":"closed","ping_status":"closed","template":"","meta":{"footnotes":""},"class_list":["post-120","page","type-page","status-publish","hentry"],"_links":{"self":[{"href":"https:\/\/dromkotar.org\/congress\/ca\/wp-json\/wp\/v2\/pages\/120","targetHints":{"allow":["GET"]}}],"collection":[{"href":"https:\/\/dromkotar.org\/congress\/ca\/wp-json\/wp\/v2\/pages"}],"about":[{"href":"https:\/\/dromkotar.org\/congress\/ca\/wp-json\/wp\/v2\/types\/page"}],"author":[{"embeddable":true,"href":"https:\/\/dromkotar.org\/congress\/ca\/wp-json\/wp\/v2\/users\/1"}],"replies":[{"embeddable":true,"href":"https:\/\/dromkotar.org\/congress\/ca\/wp-json\/wp\/v2\/comments?post=120"}],"version-history":[{"count":66,"href":"https:\/\/dromkotar.org\/congress\/ca\/wp-json\/wp\/v2\/pages\/120\/revisions"}],"predecessor-version":[{"id":724,"href":"https:\/\/dromkotar.org\/congress\/ca\/wp-json\/wp\/v2\/pages\/120\/revisions\/724"}],"up":[{"embeddable":true,"href":"https:\/\/dromkotar.org\/congress\/ca\/wp-json\/wp\/v2\/pages\/2"}],"wp:attachment":[{"href":"https:\/\/dromkotar.org\/congress\/ca\/wp-json\/wp\/v2\/media?parent=120"}],"curies":[{"name":"wp","href":"https:\/\/api.w.org\/{rel}","templated":true}]}}