{"id":138,"date":"2017-06-23T22:26:44","date_gmt":"2017-06-23T22:26:44","guid":{"rendered":"http:\/\/www.dromkotar.org\/congress\/?page_id=138"},"modified":"2019-06-11T12:12:43","modified_gmt":"2019-06-11T12:12:43","slug":"registration-information","status":"publish","type":"page","link":"https:\/\/dromkotar.org\/congress\/ca\/sample-page\/espanol-transparencia\/registration-information\/","title":{"rendered":"Informaci\u00f3 d&#8217;Inscripci\u00f3"},"content":{"rendered":"<p><\/p>\n<p style=\"text-align: center;\"><br class=\"gmail-Apple-interchange-newline\" \/>II Congr\u00e9s Internacional de Dones Gitana: &#8220;Les Altres Dones&#8221;<\/p>\n<pre style=\"text-align: center;\"><\/pre>\n<p style=\"text-align: center;\"><a href=\"http:\/\/www.dromkotar.org\">www.dromkotar.org<\/a><\/p>\n<pre style=\"text-align: center;\"><\/pre>\n<p style=\"text-align: center;\"><strong>La inscripci\u00f3 per a l&#8217;esdeven<\/strong><\/p>\n<p style=\"text-align: center;\"><strong>iment est\u00e0 oberta! Afirmaci\u00f3 d&#8217;Inscripci\u00f3<\/strong><\/p>\n<p style=\"text-align: center;\">Hi ha una manera de registrar-se:\u00a0\u00a0Utilitzeu el formulari de Google <a href=\"https:\/\/docs.google.com\/forms\/d\/e\/1FAIpQLSetJzDE7q8hkvUtFHk18RHpE__HnTt6mUUp_Rf0s5Z8XaXkFw\/viewform\" target=\"_blank\" rel=\"noopener noreferrer\">(enlla\u00e7 aqu\u00ed).<\/a><\/p>\n<p style=\"text-align: center;\"><span lang=\"ca\">Qualsevol dubte, no dubti en posar-se en contacte amb nosaltres: 2ndinternationalromawomenscon@gmail.com\u00a0<\/span><\/p>\n<hr \/>\n<p>&nbsp;<\/p>\n<p><span style=\"font-size: 10pt;\">La inscripci\u00f3 t\u00e9 un cost de 100 \u20ac i inclou:<\/span><br \/>\n<span style=\"font-size: 10pt;\"> \u2022 Material<\/span><br \/>\n<span style=\"font-size: 10pt;\"> \u2022 Esmorzars divendres i dissabte<\/span><br \/>\n<span style=\"font-size: 10pt;\"> \u2022 Menjars de divendres i dissabte<\/span><br \/>\n<span style=\"font-size: 10pt;\"> \u2022 Sopar divendres<\/span><br \/>\n<span style=\"font-size: 10pt;\"> \u2022 Berenar dissabte<\/span><br \/>\n<span style=\"font-size: 10pt;\"> \u2022 Traduccions. (Catal\u00e0, Castell\u00e0, Rom\u00e0)<\/span><br \/>\n<span style=\"font-size: 10pt;\"> \u2022 Servei de ludoteca (en cas de ser necessari)<\/span><\/p>\n<h6>Registrar-se per l&#8217;esdeveniment no significa autom\u00e0ticament participaci\u00f3. Estarem en contacte despr\u00e9s de completar el formulari de registre i enviar-li els detalls rellevants.<\/h6>\n<p><span style=\"font-size: 10pt;\">Inscripci\u00f3 BECADA (subjecte a la disponibilitat de recursos de l&#8217;organitzaci\u00f3 del congr\u00e9s):<\/span><br \/>\n<span style=\"font-size: 10pt;\"> &#8211; S&#8217;atorgaran beques a dones gitanes amb ingressos mensuals iguals o inferiors al salari m\u00ednim interprofessional (SMI) i \/ o amb una renda per c\u00e0pita per sota del PIB del seu pa\u00eds.<\/span><br \/>\n<span style=\"font-size: 10pt;\"> &#8211; a les dones gitanes sense estudis postobligatoris.<\/span><\/p>\n<p id=\"tw-target-text\" class=\"tw-data-text tw-ta tw-text-small\" dir=\"ltr\" data-placeholder=\"Translation\"><span style=\"font-size: 10pt;\"><em><span lang=\"ca\">* Si voleu sol\u00b7licitar-se i considerar-se per una tarifa no prevista, consulteu la informaci\u00f3 de beques a continuaci\u00f3.<\/span><\/em><\/span><\/p>\n<p style=\"text-align: left;\"><img loading=\"lazy\" decoding=\"async\" class=\"aligncenter wp-image-702 size-full\" src=\"http:\/\/www.dromkotar.org\/congress\/wp-content\/uploads\/2017\/05\/Congres-009.jpg\" alt=\"\" width=\"3960\" height=\"2640\" srcset=\"https:\/\/dromkotar.org\/congress\/wp-content\/uploads\/2017\/05\/Congres-009.jpg 3960w, https:\/\/dromkotar.org\/congress\/wp-content\/uploads\/2017\/05\/Congres-009-300x200.jpg 300w, https:\/\/dromkotar.org\/congress\/wp-content\/uploads\/2017\/05\/Congres-009-768x512.jpg 768w, https:\/\/dromkotar.org\/congress\/wp-content\/uploads\/2017\/05\/Congres-009-1024x683.jpg 1024w, https:\/\/dromkotar.org\/congress\/wp-content\/uploads\/2017\/05\/Congres-009-480x320.jpg 480w, https:\/\/dromkotar.org\/congress\/wp-content\/uploads\/2017\/05\/Congres-009-450x300.jpg 450w\" sizes=\"auto, (max-width: 3960px) 100vw, 3960px\" \/><\/p>\n<hr \/>\n<p style=\"text-align: center;\"><span style=\"font-size: 14pt;\"><strong>BECAS<\/strong><\/span><\/p>\n<p style=\"text-align: center;\">Criteris i Sol\u00b7licitud<\/p>\n<p style=\"text-align: center;\">Si voleu participar al congr\u00e9s per\u00f2 necessiteu una beca, llegiu els criteris primer. Si compleix els requisits, ompli l&#8217;aplicaci\u00f3 de beques que es troba en aquest <a href=\"https:\/\/docs.google.com\/forms\/d\/e\/1FAIpQLSfCxK1O50XW4n0eL14asyXnSTFz6q7v_hwwEWLP8pc2fK_Z-w\/viewform\" target=\"_blank\" rel=\"noopener noreferrer\">formulari de google.<\/a><\/p>\n<pre style=\"text-align: center;\"><\/pre>\n<p style=\"text-align: center;\">Beca Criteris<\/p>\n<pre style=\"text-align: center;\"><\/pre>\n<p><span style=\"font-size: 10pt;\"><strong>Les beques es poden gestionar:<\/strong><\/span><br \/>\n<span style=\"font-size: 10pt;\">a) de forma individual o<\/span><br \/>\n<span style=\"font-size: 10pt;\">b) a trav\u00e9s d&#8217;una entitat (escola, associaci\u00f3, ONG &#8230;)<\/span><br \/>\n<span style=\"font-size: 10pt;\"><strong>Criteris d&#8217;atorgament de beca:<\/strong><\/span><\/p>\n<p><span style=\"font-size: 10pt;\">-Ser dona gitana i tenir uns ingressos iguals o inferiors al salari m\u00ednim interprofessional (SMI) i \/ o amb una renda per c\u00e0pita per sota del PIB del seu pa\u00eds. *<\/span><\/p>\n<p><span style=\"font-size: 10pt;\">-Es tindr\u00e0 en compte la renda per c\u00e0pita de les unitats familiars.<\/span><\/p>\n<p><span style=\"font-size: 10pt;\">La beca inclou: inscripci\u00f3 al congr\u00e9s, allotjament, viatge, menjars organitzats al congr\u00e9s segons tipologia (Internacional, estatal, auton\u00f2mica).<\/span><\/p>\n<p><span style=\"font-size: 10pt;\">La beca <strong>NO contempla<\/strong> i en cap moment inclou:<\/span><br \/>\n<span style=\"font-size: 10pt;\">&#8211; viatges amb taxi. Es prioritzaran SEMPRE els transports col\u00b7lectius.<\/span><br \/>\n<span style=\"font-size: 10pt;\">&#8211; \u00e0pats del congr\u00e9s ni de l&#8217;organitzaci\u00f3.<\/span><br \/>\n<span style=\"font-size: 10pt;\">&#8211; no es pagaran despeses de vehicles particulars.<\/span><\/p>\n<p id=\"tw-target-text\" class=\"tw-data-text tw-ta tw-text-small\" dir=\"ltr\" data-placeholder=\"Translation\"><strong><span lang=\"ca\">El nombre de beques \u00e9s limitat i es concedir\u00e0 segons l&#8217;ordre d&#8217;arribada i els criteris establerts al <a href=\"https:\/\/docs.google.com\/forms\/d\/e\/1FAIpQLSfCxK1O50XW4n0eL14asyXnSTFz6q7v_hwwEWLP8pc2fK_Z-w\/viewform\" target=\"_blank\" rel=\"noopener noreferrer\">formulari de google.<\/a> Llegeix els criteris amb caritat! En cas de superar el nombre de beques, es realitzar\u00e0 una loteria amb els becaris.<\/span><\/strong><\/p>\n<p><span style=\"font-size: 10pt;\"><strong>Beques extraordin\u00e0ries:<\/strong><\/span><br \/>\n<span style=\"font-size: 10pt;\">&#8211; ponents que participen en les taules rodones.<\/span><br \/>\n<span style=\"font-size: 10pt;\">&#8211; gent volunt\u00e0ria que participar\u00e0 en l&#8217;organitzaci\u00f3 i el bon funcionament del congr\u00e9s.<\/span><br \/>\n<span style=\"font-size: 10pt;\">&#8211; Nenes majors de 12 anys.<\/span><\/p>\n<p><span style=\"font-size: 10pt;\">* Per a l&#8217;atorgament de la beca es necessitar\u00e0 la presentaci\u00f3 d&#8217;un document que acrediti la renda econ\u00f2mica definida com a criteri (IPREM) o, si no, una declaraci\u00f3 jurada de la persona o entitat que ha contactat amb la persona.<\/span><\/p>","protected":false},"excerpt":{"rendered":"<p>II Congr\u00e9s Internacional de Dones Gitana: &#8220;Les Altres Dones&#8221; www.dromkotar.org La inscripci\u00f3 per a l&#8217;esdeven iment est\u00e0 oberta! Afirmaci\u00f3 d&#8217;Inscripci\u00f3 Hi ha una manera de registrar-se:\u00a0\u00a0Utilitzeu el formulari de Google (enlla\u00e7 aqu\u00ed). Qualsevol dubte, no dubti en posar-se en contacte amb nosaltres: 2ndinternationalromawomenscon@gmail.com\u00a0 &nbsp; La inscripci\u00f3 t\u00e9 un cost de 100 \u20ac i inclou: \u2022&hellip; <a class=\"more-link\" href=\"https:\/\/dromkotar.org\/congress\/ca\/sample-page\/espanol-transparencia\/registration-information\/\">Read More <span class=\"screen-reader-text\">Informaci\u00f3 d&#8217;Inscripci\u00f3<\/span><\/a><\/p>\n","protected":false},"author":1,"featured_media":686,"parent":812,"menu_order":3,"comment_status":"closed","ping_status":"closed","template":"","meta":{"footnotes":""},"class_list":["post-138","page","type-page","status-publish","has-post-thumbnail","hentry"],"_links":{"self":[{"href":"https:\/\/dromkotar.org\/congress\/ca\/wp-json\/wp\/v2\/pages\/138","targetHints":{"allow":["GET"]}}],"collection":[{"href":"https:\/\/dromkotar.org\/congress\/ca\/wp-json\/wp\/v2\/pages"}],"about":[{"href":"https:\/\/dromkotar.org\/congress\/ca\/wp-json\/wp\/v2\/types\/page"}],"author":[{"embeddable":true,"href":"https:\/\/dromkotar.org\/congress\/ca\/wp-json\/wp\/v2\/users\/1"}],"replies":[{"embeddable":true,"href":"https:\/\/dromkotar.org\/congress\/ca\/wp-json\/wp\/v2\/comments?post=138"}],"version-history":[{"count":90,"href":"https:\/\/dromkotar.org\/congress\/ca\/wp-json\/wp\/v2\/pages\/138\/revisions"}],"predecessor-version":[{"id":730,"href":"https:\/\/dromkotar.org\/congress\/ca\/wp-json\/wp\/v2\/pages\/138\/revisions\/730"}],"up":[{"embeddable":true,"href":"https:\/\/dromkotar.org\/congress\/ca\/wp-json\/wp\/v2\/pages\/812"}],"wp:featuredmedia":[{"embeddable":true,"href":"https:\/\/dromkotar.org\/congress\/ca\/wp-json\/wp\/v2\/media\/686"}],"wp:attachment":[{"href":"https:\/\/dromkotar.org\/congress\/ca\/wp-json\/wp\/v2\/media?parent=138"}],"curies":[{"name":"wp","href":"https:\/\/api.w.org\/{rel}","templated":true}]}}