{"id":14,"date":"2017-05-29T15:14:51","date_gmt":"2017-05-29T15:14:51","guid":{"rendered":"http:\/\/www.dromkotar.org\/congress\/?page_id=14"},"modified":"2017-09-07T15:32:06","modified_gmt":"2017-09-07T15:32:06","slug":"objetivos","status":"publish","type":"page","link":"https:\/\/dromkotar.org\/congress\/ca\/sample-page\/objetivos\/","title":{"rendered":"Objectius Congr\u00e9s 2018"},"content":{"rendered":"<p><\/p>\n<p style=\"padding-left: 30px; text-align: justify;\">1. <strong>Potenciar una imatge positiva del poble gitano<\/strong>\u00a0i de les dones gitanes, donant a con\u00e8ixer les situacions de discriminaci\u00f3 i de superaci\u00f3 que estan protagonitzant para visibilitzar les solucions i aportacions que ja s&#8217;estan desenvolupant i que estan obtenint bons resultats.<\/p>\n<p style=\"padding-left: 30px; text-align: justify;\">2.<strong> Aprofundir sobre la desigualtat de g\u00e8nere i promoure la igualtat de g\u00e8nere<\/strong> i el treball conjunt entre homes i dones gitanes per a la construcci\u00f3 d&#8217;una societat m\u00e9s igualit\u00e0ria.<\/p>\n<p style=\"padding-left: 30px; text-align: justify;\">3.<strong> Ampliar, enfortir i desenvolupar una xarxa de dones gitanes<\/strong> que promogui la difusi\u00f3 de les pr\u00e0ctiques superadores de les situacions de desigualtat.<\/p>\n<p style=\"padding-left: 30px; text-align: justify;\">4.<strong> Enfortir una xarxa de dones gitanes amb altres xarxes<\/strong> o grups per poder multiplicar el treball de sensibilitzaci\u00f3 i coneixement del poble gitano en general i les dones gitanes en particular.<\/p>\n<p style=\"padding-left: 30px; text-align: justify;\">5. <strong>Trencar el silenci davant les situacions de viol\u00e8ncia de g\u00e8nere<\/strong> i promoure una conviv\u00e8ncia pac\u00edfica i enriquidora entre home i dones.<\/p>\n<p style=\"padding-left: 30px; text-align: justify;\">6. <strong>Difondre i amplificar<\/strong> la veu de les dones gitanes.<\/p>\n<p><\/p>","protected":false},"excerpt":{"rendered":"<p>1. Potenciar una imatge positiva del poble gitano\u00a0i de les dones gitanes, donant a con\u00e8ixer les situacions de discriminaci\u00f3 i de superaci\u00f3 que estan protagonitzant para visibilitzar les solucions i aportacions que ja s&#8217;estan desenvolupant i que estan obtenint bons resultats. 2. Aprofundir sobre la desigualtat de g\u00e8nere i promoure la igualtat de g\u00e8nere i&hellip; <a class=\"more-link\" href=\"https:\/\/dromkotar.org\/congress\/ca\/sample-page\/objetivos\/\">Read More <span class=\"screen-reader-text\">Objectius Congr\u00e9s 2018<\/span><\/a><\/p>\n","protected":false},"author":1,"featured_media":0,"parent":2,"menu_order":1,"comment_status":"closed","ping_status":"closed","template":"","meta":{"footnotes":""},"class_list":["post-14","page","type-page","status-publish","hentry"],"_links":{"self":[{"href":"https:\/\/dromkotar.org\/congress\/ca\/wp-json\/wp\/v2\/pages\/14","targetHints":{"allow":["GET"]}}],"collection":[{"href":"https:\/\/dromkotar.org\/congress\/ca\/wp-json\/wp\/v2\/pages"}],"about":[{"href":"https:\/\/dromkotar.org\/congress\/ca\/wp-json\/wp\/v2\/types\/page"}],"author":[{"embeddable":true,"href":"https:\/\/dromkotar.org\/congress\/ca\/wp-json\/wp\/v2\/users\/1"}],"replies":[{"embeddable":true,"href":"https:\/\/dromkotar.org\/congress\/ca\/wp-json\/wp\/v2\/comments?post=14"}],"version-history":[{"count":20,"href":"https:\/\/dromkotar.org\/congress\/ca\/wp-json\/wp\/v2\/pages\/14\/revisions"}],"predecessor-version":[{"id":466,"href":"https:\/\/dromkotar.org\/congress\/ca\/wp-json\/wp\/v2\/pages\/14\/revisions\/466"}],"up":[{"embeddable":true,"href":"https:\/\/dromkotar.org\/congress\/ca\/wp-json\/wp\/v2\/pages\/2"}],"wp:attachment":[{"href":"https:\/\/dromkotar.org\/congress\/ca\/wp-json\/wp\/v2\/media?parent=14"}],"curies":[{"name":"wp","href":"https:\/\/api.w.org\/{rel}","templated":true}]}}