{"id":158,"date":"2017-06-24T12:29:28","date_gmt":"2017-06-24T12:29:28","guid":{"rendered":"http:\/\/www.dromkotar.org\/congress\/?page_id=158"},"modified":"2019-06-11T12:14:35","modified_gmt":"2019-06-11T12:14:35","slug":"follow-on-projects","status":"publish","type":"page","link":"https:\/\/dromkotar.org\/congress\/ca\/espanol-impacto\/follow-on-projects\/","title":{"rendered":"Projectes de seguiment"},"content":{"rendered":"<p><\/p>\n<h5 style=\"text-align: justify;\">De l &#8216; &#8220;I Congr\u00e9s Internacional de Dones Gitanes: Les altres dones&#8221;, es va fer un seguit de recomanacions als responsables de la formulaci\u00f3 de pol\u00edtiques i altres parts interessades clau, aix\u00ed com a la identificaci\u00f3 d&#8217;\u00e0rees que podrien desenvolupar-se encara m\u00e9s. Despr\u00e9s del Congr\u00e9s es van buscar i van dur a terme amb \u00e8xit diversos projectes finan\u00e7ats per la Uni\u00f3 Europea.<\/h5>\n<p><!--nextpage--><\/p>\n<h5 style=\"text-align: justify;\"><img loading=\"lazy\" decoding=\"async\" class=\"size-thumbnail wp-image-159 aligncenter\" src=\"http:\/\/www.dromkotar.org\/congress\/wp-content\/uploads\/2017\/06\/Rom-Act-logo-150x141.jpg\" alt=\"\" width=\"150\" height=\"141\" \/><\/h5>\n<h5 style=\"text-align: justify;\"><strong>Ampliaci\u00f3 de l&#8217;acc\u00e9s de les dones roman\u00eds als sistemes de validaci\u00f3 de l&#8217;aprenentatge no formal i informal (ROM-ACT)<\/strong><\/h5>\n<h5 style=\"text-align: justify;\">L&#8217;objectiu de ROM-ACT \u00e9s ampliar el reconeixement de les aptituds i compet\u00e8ncies adquirides per la comunitat gitana a les activitats formals i no formals i animar els centres d&#8217;educaci\u00f3 d&#8217;adults ia les organitzacions de la societat civil a donar suport a les dones roman\u00eds no acad\u00e8miques en el seu proc\u00e9s de Validaci\u00f3 de l&#8217;aprenentatge informal i no formal.<\/h5>\n<h5 style=\"text-align: justify;\">El lloc web es pot veure\u00a0<a href=\"http:\/\/www.eaea.org\/en\/projects\/partner-projects\/rom-act.html\" target=\"_blank\" rel=\"noopener noreferrer\">aqu\u00ed.<\/a><\/h5>\n<h5 style=\"text-align: justify;\">ROM-ACT La p\u00e1gina de Vimeo se puede ver <a href=\"https:\/\/vimeo.com\/romact\" target=\"_blank\" rel=\"noopener noreferrer\">aqu\u00ed.<\/a><\/h5>\n<p><img loading=\"lazy\" decoding=\"async\" class=\"aligncenter\" src=\"http:\/\/www.eaea.org\/media\/projects\/cache\/eu_flag_llp_en-150x42.jpg\" alt=\"\" width=\"74\" height=\"31\" data-pin-nopin=\"true\" \/><\/p>\n<h5 style=\"text-align: center;\"><span style=\"font-size: 8pt;\">El proyecto fue cofinanciado por el programa de Aprendizaje Permanente, en la acci\u00f3n de los proyectos multilaterales de GRUNDTVIG.<\/span><\/h5>\n<hr \/>\n<p>&nbsp;<\/p>\n<p><img loading=\"lazy\" decoding=\"async\" class=\"alignleft wp-image-167 \" src=\"http:\/\/www.dromkotar.org\/congress\/wp-content\/uploads\/2017\/06\/RomUp-Logo.png\" alt=\"\" width=\"298\" height=\"103\" srcset=\"https:\/\/dromkotar.org\/congress\/wp-content\/uploads\/2017\/06\/RomUp-Logo.png 382w, https:\/\/dromkotar.org\/congress\/wp-content\/uploads\/2017\/06\/RomUp-Logo-300x104.png 300w\" sizes=\"auto, (max-width: 298px) 100vw, 298px\" \/><\/p>\n<p><strong>ROM-UP! La inclusi\u00f3 de les gitanes a trav\u00e9s d&#8217;experi\u00e8ncies educatives reeixides de qualitat<\/strong><\/p>\n<h5 style=\"text-align: justify;\">La ROM-UP! Ha estat implementat durant un any (2012 &#8211; abril 2013) i el seu major assoliment ha estat l&#8217;articulaci\u00f3 d&#8217;una xarxa gitanes internacional formada per tots els actors relacionats amb la inclusi\u00f3 educativa dels nens Gitanos. Aquesta xarxa t\u00e9 per objecte sensibilitzar sobre la difusi\u00f3 i l&#8217;aplicaci\u00f3 d&#8217;experi\u00e8ncies educatives reeixides que ja han demostrat cient\u00edficament ser efica\u00e7os en la promoci\u00f3 de la integraci\u00f3 social dels nens gitanos, pel que fa a l&#8217;\u00e8xit educatiu.<\/h5>\n<h5>El lloc web es pot veure <a href=\"http:\/\/www.rom-up.eu\/project.htm\" target=\"_blank\" rel=\"noopener noreferrer\">aqu\u00ed.<\/a><\/h5>\n<h5>\u00a1El ROM-UP! El informe final puede leerse <a href=\"http:\/\/eacea.ec.europa.eu\/LLp\/project_reports\/documents\/ka1\/mp\/ka1_mpr_357568_romup.pdf\" target=\"_blank\" rel=\"noopener noreferrer\">aqu\u00ed.<\/a><\/h5>\n<p>&nbsp;<\/p>\n<p><img loading=\"lazy\" decoding=\"async\" class=\"wp-image-166 aligncenter\" src=\"http:\/\/www.dromkotar.org\/congress\/wp-content\/uploads\/2017\/06\/Rom-up-Logo.jpg\" alt=\"\" width=\"410\" height=\"75\" srcset=\"https:\/\/dromkotar.org\/congress\/wp-content\/uploads\/2017\/06\/Rom-up-Logo.jpg 2012w, https:\/\/dromkotar.org\/congress\/wp-content\/uploads\/2017\/06\/Rom-up-Logo-300x55.jpg 300w, https:\/\/dromkotar.org\/congress\/wp-content\/uploads\/2017\/06\/Rom-up-Logo-768x140.jpg 768w, https:\/\/dromkotar.org\/congress\/wp-content\/uploads\/2017\/06\/Rom-up-Logo-1024x187.jpg 1024w, https:\/\/dromkotar.org\/congress\/wp-content\/uploads\/2017\/06\/Rom-up-Logo-1000x183.jpg 1000w\" sizes=\"auto, (max-width: 410px) 100vw, 410px\" \/><\/p>\n<hr \/>\n<h5 style=\"text-align: justify;\"><img loading=\"lazy\" decoding=\"async\" class=\"wp-image-170 aligncenter\" src=\"http:\/\/www.dromkotar.org\/congress\/wp-content\/uploads\/2017\/06\/MS4ROW-Logo.png\" alt=\"\" width=\"304\" height=\"96\" srcset=\"https:\/\/dromkotar.org\/congress\/wp-content\/uploads\/2017\/06\/MS4ROW-Logo.png 399w, https:\/\/dromkotar.org\/congress\/wp-content\/uploads\/2017\/06\/MS4ROW-Logo-300x95.png 300w\" sizes=\"auto, (max-width: 304px) 100vw, 304px\" \/>L&#8217;aprenentatge al llarg de tota la vida, la planificaci\u00f3 de la carrera i el seguiment poden millorar l&#8217;acc\u00e9s de la dona Gitana al mercat de treball i es consideren la clau per a la seva integraci\u00f3 reeixida en la societat. Amb tot aix\u00f2 en ment, el prop\u00f2sit de MS4ROW \u00e9s desenvolupar una manera alternativa i complet d&#8217;ensenyament &#8211; sistema de mentoria per a dones i adolescents Gitanes. La combinaci\u00f3 del sistema de tutoria i l&#8217;\u00fas de l&#8217;aplicaci\u00f3 web els permetr\u00e0 dissenyar i realitzar un itinerari educatiu i vocacional personal per a cada participant adolescent Gitanes. L&#8217;objectiu principal ser\u00e0 millorar l&#8217;alfabetitzaci\u00f3 i les aptituds (alfabetitzaci\u00f3 en lectura, alfabetitzaci\u00f3 digital, alfabetitzaci\u00f3 financera, habilitats de comunicaci\u00f3, recerca de feina, t\u00e8cniques d&#8217;aprenentatge i habilitats socials).<\/h5>\n<h5>P\u00e0gina web es pot veure <a href=\"http:\/\/edu.ms4row.eu\/index.php?language=english\" target=\"_blank\" rel=\"noopener noreferrer\">aqu\u00ed.\u00a0<\/a><\/h5>\n<p><img loading=\"lazy\" decoding=\"async\" class=\"wp-image-235 aligncenter\" src=\"http:\/\/www.dromkotar.org\/congress\/wp-content\/uploads\/2017\/06\/header-logo_new1.png\" alt=\"\" width=\"448\" height=\"49\" srcset=\"https:\/\/dromkotar.org\/congress\/wp-content\/uploads\/2017\/06\/header-logo_new1.png 652w, https:\/\/dromkotar.org\/congress\/wp-content\/uploads\/2017\/06\/header-logo_new1-300x33.png 300w\" sizes=\"auto, (max-width: 448px) 100vw, 448px\" \/><\/p>","protected":false},"excerpt":{"rendered":"<p>Ho sentim, aquesta entrada es troba disponible \u00fanicament en English i Espa\u00f1ol.<\/p>\n","protected":false},"author":1,"featured_media":0,"parent":816,"menu_order":4,"comment_status":"closed","ping_status":"closed","template":"","meta":{"footnotes":""},"class_list":["post-158","page","type-page","status-publish","hentry"],"_links":{"self":[{"href":"https:\/\/dromkotar.org\/congress\/ca\/wp-json\/wp\/v2\/pages\/158","targetHints":{"allow":["GET"]}}],"collection":[{"href":"https:\/\/dromkotar.org\/congress\/ca\/wp-json\/wp\/v2\/pages"}],"about":[{"href":"https:\/\/dromkotar.org\/congress\/ca\/wp-json\/wp\/v2\/types\/page"}],"author":[{"embeddable":true,"href":"https:\/\/dromkotar.org\/congress\/ca\/wp-json\/wp\/v2\/users\/1"}],"replies":[{"embeddable":true,"href":"https:\/\/dromkotar.org\/congress\/ca\/wp-json\/wp\/v2\/comments?post=158"}],"version-history":[{"count":42,"href":"https:\/\/dromkotar.org\/congress\/ca\/wp-json\/wp\/v2\/pages\/158\/revisions"}],"predecessor-version":[{"id":468,"href":"https:\/\/dromkotar.org\/congress\/ca\/wp-json\/wp\/v2\/pages\/158\/revisions\/468"}],"up":[{"embeddable":true,"href":"https:\/\/dromkotar.org\/congress\/ca\/wp-json\/wp\/v2\/pages\/816"}],"wp:attachment":[{"href":"https:\/\/dromkotar.org\/congress\/ca\/wp-json\/wp\/v2\/media?parent=158"}],"curies":[{"name":"wp","href":"https:\/\/api.w.org\/{rel}","templated":true}]}}