{"id":2,"date":"2017-05-29T14:41:39","date_gmt":"2017-05-29T14:41:39","guid":{"rendered":"http:\/\/www.dromkotar.org\/congress\/?page_id=2"},"modified":"2020-04-29T22:41:17","modified_gmt":"2020-04-29T22:41:17","slug":"sample-page","status":"publish","type":"page","link":"https:\/\/dromkotar.org\/congress\/ca\/","title":{"rendered":"El somni"},"content":{"rendered":"<p><\/p>\n<h1 style=\"text-align: center;\"><span style=\"font-size: 18pt;\"><span style=\"color: #800080;\"><strong>En\u00a0<span style=\"font-size: 24pt;\">2010<\/span>&#8230;<\/strong><\/span><\/span><\/h1>\n<p style=\"text-align: center;\" align=\"center\"><span style=\"font-size: 14pt; font-family: Georgia, serif; color: #333333;\">Creient en el nostre somni, vam aconseguir realitzar el<\/span><\/p>\n<p style=\"text-align: center;\"><span style=\"font-size: 24pt;\"><strong>I Congr\u00e9s Internacional de Dones Gitanes: Les altres Dones<\/strong><\/span><\/p>\n<p style=\"text-align: center;\" align=\"center\"><span style=\"font-family: georgia, palatino, serif; font-size: 14pt;\"><span style=\"color: #666666;\">350 dones gitanes de base de tota Europa vingueren a Barcelona el 8, 9\u00a0<\/span><span style=\"font-variant-ligatures: normal; font-variant-caps: normal; orphans: 2; text-align: start; widows: 2; -webkit-text-stroke-width: 0px; text-decoration-style: initial; text-decoration-color: initial; float: none; word-spacing: 0px;\">i<\/span><span style=\"font-variant-ligatures: normal; font-variant-caps: normal; orphans: 2; text-align: start; widows: 2; -webkit-text-stroke-width: 0px; text-decoration-style: initial; text-decoration-color: initial; float: none; word-spacing: 0px;\">\u00a010\u00a0<\/span><span style=\"font-variant-ligatures: normal; font-variant-caps: normal; orphans: 2; text-align: start; widows: 2; -webkit-text-stroke-width: 0px; text-decoration-style: initial; text-decoration-color: initial; float: none; word-spacing: 0px;\">d&#8217;octubre<\/span><span style=\"font-variant-ligatures: normal; font-variant-caps: normal; orphans: 2; text-align: start; widows: 2; -webkit-text-stroke-width: 0px; text-decoration-style: initial; text-decoration-color: initial; float: none; word-spacing: 0px;\">.<\/span><\/span><\/p>\n<h1 style=\"text-align: center;\" align=\"center\"><span style=\"font-size: 24pt;\"><strong><span style=\"font-family: Georgia, serif; color: purple;\">En\u00a02018&#8230;<\/span><\/strong><\/span><\/h1>\n<p style=\"text-align: center;\" align=\"center\"><span style=\"font-size: 14pt; font-family: Georgia, serif; color: #333333;\">Ens vam atrevir a seguir somiant, a concretar i seguir creixent amb la realitzaci\u00f3 del<\/span><\/p>\n<p style=\"text-align: center;\"><span style=\"font-size: 36pt;\"><strong>II Congr\u00e9s Internacional de\u00a0Dones Gitanes:<\/strong><\/span><\/p>\n<p style=\"text-align: center;\"><span style=\"font-size: 36pt;\"><strong>Les\u00a0altres\u00a0Dones<\/strong><\/span><\/p>\n<p style=\"text-align: center;\"><iframe loading=\"lazy\"  id=\"_ytid_20330\"  width=\"900\" height=\"506\"  data-origwidth=\"900\" data-origheight=\"506\" src=\"https:\/\/www.youtube.com\/embed\/RcY85DsuNwc?enablejsapi=1&autoplay=0&cc_load_policy=0&cc_lang_pref=&iv_load_policy=1&loop=0&modestbranding=0&rel=1&fs=1&playsinline=0&autohide=2&theme=dark&color=red&controls=1&\" class=\"__youtube_prefs__  no-lazyload\" title=\"YouTube player\"  allow=\"fullscreen; accelerometer; autoplay; clipboard-write; encrypted-media; gyroscope; picture-in-picture\" allowfullscreen data-no-lazy=\"1\" data-skipgform_ajax_framebjll=\"\"><\/iframe><\/p>\n<p style=\"text-align: center;\" align=\"center\"><strong><span style=\"font-size: 14.0pt; font-family: 'Georgia','serif'; color: #333333;\">23 i 24 de mar\u00e7 de 2018 Barcelona, Catalu\u00f1a.<\/span><\/strong><\/p>\n<p style=\"text-align: center;\"><img loading=\"lazy\" decoding=\"async\" class=\"aligncenter wp-image-704\" src=\"http:\/\/www.dromkotar.org\/congress\/wp-content\/uploads\/2017\/05\/Congres-029-300x200.jpg\" alt=\"\" width=\"401\" height=\"267\" srcset=\"https:\/\/dromkotar.org\/congress\/wp-content\/uploads\/2017\/05\/Congres-029-300x200.jpg 300w, https:\/\/dromkotar.org\/congress\/wp-content\/uploads\/2017\/05\/Congres-029-768x512.jpg 768w, https:\/\/dromkotar.org\/congress\/wp-content\/uploads\/2017\/05\/Congres-029-1024x683.jpg 1024w, https:\/\/dromkotar.org\/congress\/wp-content\/uploads\/2017\/05\/Congres-029-480x320.jpg 480w, https:\/\/dromkotar.org\/congress\/wp-content\/uploads\/2017\/05\/Congres-029-450x300.jpg 450w\" sizes=\"auto, (max-width: 401px) 100vw, 401px\" \/><\/p>\n<p style=\"text-align: center;\"><span style=\"font-size: 14pt;\">Aquest segon Congr\u00e9s, va tenir com a objectiu reunir a les dones gitanes de base d&#8217;Europa. Amb 372 dones de 16 pa\u00efsos d&#8217;Europa i 12 Comunitats\u00a0Aut\u00f2nomes, convertint-se en un espai de trobada, on elles, les seves hist\u00f2ries, \u00e8xits i anhels van ser les protagonistes, creant lla\u00e7os d&#8217;amistat, treball i col\u00b7laboraci\u00f3.<\/span><\/p>\n<p style=\"text-align: center;\"><img loading=\"lazy\" decoding=\"async\" class=\"alignleft wp-image-705\" src=\"http:\/\/www.dromkotar.org\/congress\/wp-content\/uploads\/2017\/05\/Congres-087-300x200.jpg\" alt=\"\" width=\"204\" height=\"136\" srcset=\"https:\/\/dromkotar.org\/congress\/wp-content\/uploads\/2017\/05\/Congres-087-300x200.jpg 300w, https:\/\/dromkotar.org\/congress\/wp-content\/uploads\/2017\/05\/Congres-087-768x512.jpg 768w, https:\/\/dromkotar.org\/congress\/wp-content\/uploads\/2017\/05\/Congres-087-1024x683.jpg 1024w, https:\/\/dromkotar.org\/congress\/wp-content\/uploads\/2017\/05\/Congres-087-480x320.jpg 480w, https:\/\/dromkotar.org\/congress\/wp-content\/uploads\/2017\/05\/Congres-087-450x300.jpg 450w\" sizes=\"auto, (max-width: 204px) 100vw, 204px\" \/><img loading=\"lazy\" decoding=\"async\" class=\"alignright wp-image-703\" src=\"http:\/\/www.dromkotar.org\/congress\/wp-content\/uploads\/2017\/05\/Congres-027-300x200.jpg\" alt=\"\" width=\"204\" height=\"136\" srcset=\"https:\/\/dromkotar.org\/congress\/wp-content\/uploads\/2017\/05\/Congres-027-300x200.jpg 300w, https:\/\/dromkotar.org\/congress\/wp-content\/uploads\/2017\/05\/Congres-027-768x512.jpg 768w, https:\/\/dromkotar.org\/congress\/wp-content\/uploads\/2017\/05\/Congres-027-1024x683.jpg 1024w, https:\/\/dromkotar.org\/congress\/wp-content\/uploads\/2017\/05\/Congres-027-480x320.jpg 480w, https:\/\/dromkotar.org\/congress\/wp-content\/uploads\/2017\/05\/Congres-027-450x300.jpg 450w\" sizes=\"auto, (max-width: 204px) 100vw, 204px\" \/><br \/>\n<img loading=\"lazy\" decoding=\"async\" class=\"alignright wp-image-706\" src=\"http:\/\/www.dromkotar.org\/congress\/wp-content\/uploads\/2017\/05\/Congres-204-300x200.jpg\" alt=\"\" width=\"204\" height=\"136\" srcset=\"https:\/\/dromkotar.org\/congress\/wp-content\/uploads\/2017\/05\/Congres-204-300x200.jpg 300w, https:\/\/dromkotar.org\/congress\/wp-content\/uploads\/2017\/05\/Congres-204-768x512.jpg 768w, https:\/\/dromkotar.org\/congress\/wp-content\/uploads\/2017\/05\/Congres-204-1024x683.jpg 1024w, https:\/\/dromkotar.org\/congress\/wp-content\/uploads\/2017\/05\/Congres-204-480x320.jpg 480w, https:\/\/dromkotar.org\/congress\/wp-content\/uploads\/2017\/05\/Congres-204-450x300.jpg 450w\" sizes=\"auto, (max-width: 204px) 100vw, 204px\" \/><img loading=\"lazy\" decoding=\"async\" class=\"alignleft\" src=\"http:\/\/www.dromkotar.org\/congress\/wp-content\/uploads\/2017\/05\/Congres-009-300x200.jpg\" alt=\"\" width=\"205\" height=\"136\" \/><\/p>\n<p><\/p>","protected":false},"excerpt":{"rendered":"<p>En\u00a02010&#8230; Creient en el nostre somni, vam aconseguir realitzar el I Congr\u00e9s Internacional de Dones Gitanes: Les altres Dones 350 dones gitanes de base de tota Europa vingueren a Barcelona el 8, 9\u00a0i\u00a010\u00a0d&#8217;octubre. En\u00a02018&#8230; Ens vam atrevir a seguir somiant, a concretar i seguir creixent amb la realitzaci\u00f3 del II Congr\u00e9s Internacional de\u00a0Dones Gitanes: Les\u00a0altres\u00a0Dones&hellip; <a class=\"more-link\" href=\"https:\/\/dromkotar.org\/congress\/ca\/\">Read More <span class=\"screen-reader-text\">El somni<\/span><\/a><\/p>\n","protected":false},"author":1,"featured_media":0,"parent":0,"menu_order":0,"comment_status":"closed","ping_status":"closed","template":"","meta":{"footnotes":""},"class_list":["post-2","page","type-page","status-publish","hentry"],"_links":{"self":[{"href":"https:\/\/dromkotar.org\/congress\/ca\/wp-json\/wp\/v2\/pages\/2","targetHints":{"allow":["GET"]}}],"collection":[{"href":"https:\/\/dromkotar.org\/congress\/ca\/wp-json\/wp\/v2\/pages"}],"about":[{"href":"https:\/\/dromkotar.org\/congress\/ca\/wp-json\/wp\/v2\/types\/page"}],"author":[{"embeddable":true,"href":"https:\/\/dromkotar.org\/congress\/ca\/wp-json\/wp\/v2\/users\/1"}],"replies":[{"embeddable":true,"href":"https:\/\/dromkotar.org\/congress\/ca\/wp-json\/wp\/v2\/comments?post=2"}],"version-history":[{"count":96,"href":"https:\/\/dromkotar.org\/congress\/ca\/wp-json\/wp\/v2\/pages\/2\/revisions"}],"predecessor-version":[{"id":872,"href":"https:\/\/dromkotar.org\/congress\/ca\/wp-json\/wp\/v2\/pages\/2\/revisions\/872"}],"wp:attachment":[{"href":"https:\/\/dromkotar.org\/congress\/ca\/wp-json\/wp\/v2\/media?parent=2"}],"curies":[{"name":"wp","href":"https:\/\/api.w.org\/{rel}","templated":true}]}}