{"id":20,"date":"2017-05-29T15:19:20","date_gmt":"2017-05-29T15:19:20","guid":{"rendered":"http:\/\/www.dromkotar.org\/congress\/?page_id=20"},"modified":"2018-07-09T03:28:37","modified_gmt":"2018-07-09T03:28:37","slug":"programa","status":"publish","type":"page","link":"https:\/\/dromkotar.org\/congress\/ca\/programa\/","title":{"rendered":"Programa"},"content":{"rendered":"<p><\/p>\n<h2 style=\"text-align: center;\"><img loading=\"lazy\" decoding=\"async\" class=\"aligncenter wp-image-765\" src=\"http:\/\/www.dromkotar.org\/congress\/wp-content\/uploads\/2017\/05\/catal.png\" alt=\"\" width=\"1534\" height=\"892\" srcset=\"https:\/\/dromkotar.org\/congress\/wp-content\/uploads\/2017\/05\/catal.png 824w, https:\/\/dromkotar.org\/congress\/wp-content\/uploads\/2017\/05\/catal-300x174.png 300w, https:\/\/dromkotar.org\/congress\/wp-content\/uploads\/2017\/05\/catal-768x446.png 768w, https:\/\/dromkotar.org\/congress\/wp-content\/uploads\/2017\/05\/catal-516x300.png 516w\" sizes=\"auto, (max-width: 1534px) 100vw, 1534px\" \/><\/h2>\n<p style=\"text-align: center;\">\u00a0\u00a0<a href=\"http:\/\/www.dromkotar.org\/congress\/wp-content\/uploads\/2017\/05\/TR\u00cdPTIC-CATAL\u00c0-CONGR\u00c9S.pdf\">DESCAREGA EL PROGRAMA\u00a0<\/a><\/p>\n<p><\/p>","protected":false},"excerpt":{"rendered":"<p>\u00a0\u00a0DESCAREGA EL PROGRAMA\u00a0<\/p>\n","protected":false},"author":1,"featured_media":692,"parent":0,"menu_order":3,"comment_status":"closed","ping_status":"closed","template":"","meta":{"footnotes":""},"class_list":["post-20","page","type-page","status-publish","has-post-thumbnail","hentry"],"_links":{"self":[{"href":"https:\/\/dromkotar.org\/congress\/ca\/wp-json\/wp\/v2\/pages\/20","targetHints":{"allow":["GET"]}}],"collection":[{"href":"https:\/\/dromkotar.org\/congress\/ca\/wp-json\/wp\/v2\/pages"}],"about":[{"href":"https:\/\/dromkotar.org\/congress\/ca\/wp-json\/wp\/v2\/types\/page"}],"author":[{"embeddable":true,"href":"https:\/\/dromkotar.org\/congress\/ca\/wp-json\/wp\/v2\/users\/1"}],"replies":[{"embeddable":true,"href":"https:\/\/dromkotar.org\/congress\/ca\/wp-json\/wp\/v2\/comments?post=20"}],"version-history":[{"count":28,"href":"https:\/\/dromkotar.org\/congress\/ca\/wp-json\/wp\/v2\/pages\/20\/revisions"}],"predecessor-version":[{"id":769,"href":"https:\/\/dromkotar.org\/congress\/ca\/wp-json\/wp\/v2\/pages\/20\/revisions\/769"}],"wp:featuredmedia":[{"embeddable":true,"href":"https:\/\/dromkotar.org\/congress\/ca\/wp-json\/wp\/v2\/media\/692"}],"wp:attachment":[{"href":"https:\/\/dromkotar.org\/congress\/ca\/wp-json\/wp\/v2\/media?parent=20"}],"curies":[{"name":"wp","href":"https:\/\/api.w.org\/{rel}","templated":true}]}}