{"id":116,"date":"2017-06-23T21:32:42","date_gmt":"2017-06-23T21:32:42","guid":{"rendered":"http:\/\/www.dromkotar.org\/congress\/?page_id=116"},"modified":"2018-07-09T02:26:00","modified_gmt":"2018-07-09T02:26:00","slug":"for-whom","status":"publish","type":"page","link":"https:\/\/dromkotar.org\/congress\/es\/sample-page\/for-whom\/","title":{"rendered":"\u00bfPara qui\u00e9n?"},"content":{"rendered":"<p><\/p>\n<p style=\"text-align: justify;\"><span style=\"font-size: 14pt; font-family: georgia, palatino, serif;\">El Congr\u00e9s va tenir com a objectiu reunir a les dones gitanes de diferents pa\u00efsos europeus i de forma especial a aquelles gitanes de base. <\/span><\/p>\n<p style=\"text-align: justify;\"><span style=\"font-size: 14pt; font-family: georgia, palatino, serif;\">Aquestes dones van ser les protagonistes del Congr\u00e9s, de manera que la Drom Kotar Mestipen va voler assegurar que la majoria de participants fossin, efectivament, dones gitanes, encara que tamb\u00e9 assistiren professionals, investigadors o altres perfils. <\/span><\/p>\n<p style=\"text-align: justify;\"><span style=\"font-size: 14pt; font-family: georgia, palatino, serif;\">Si vol tenir m\u00e9s informaci\u00f3 sobre la realitzaci\u00f3 d&#8217;aquest congr\u00e9s i el seu abast internacional, grupal i personal, si us plau, no dubti en posar-se en contacte amb nosaltres<\/span><\/p>\n<p><div id='gallery-2' class='gallery galleryid-116 gallery-columns-3 gallery-size-thumbnail'><figure class='gallery-item'>\n\t\t\t<div class='gallery-icon landscape'>\n\t\t\t\t<a href='https:\/\/dromkotar.org\/congress\/es\/sample-page\/for-whom\/congres-011\/'><img loading=\"lazy\" decoding=\"async\" width=\"150\" height=\"150\" src=\"https:\/\/dromkotar.org\/congress\/wp-content\/uploads\/2017\/06\/Congres-011-150x150.jpg\" class=\"attachment-thumbnail size-thumbnail\" alt=\"\" \/><\/a>\n\t\t\t<\/div><\/figure><figure class='gallery-item'>\n\t\t\t<div class='gallery-icon landscape'>\n\t\t\t\t<a href='https:\/\/dromkotar.org\/congress\/es\/sample-page\/for-whom\/congres-013\/'><img loading=\"lazy\" decoding=\"async\" width=\"150\" height=\"150\" src=\"https:\/\/dromkotar.org\/congress\/wp-content\/uploads\/2017\/06\/Congres-013-150x150.jpg\" class=\"attachment-thumbnail size-thumbnail\" alt=\"\" \/><\/a>\n\t\t\t<\/div><\/figure><figure class='gallery-item'>\n\t\t\t<div class='gallery-icon landscape'>\n\t\t\t\t<a href='https:\/\/dromkotar.org\/congress\/es\/sample-page\/for-whom\/congres-042\/'><img loading=\"lazy\" decoding=\"async\" width=\"150\" height=\"150\" src=\"https:\/\/dromkotar.org\/congress\/wp-content\/uploads\/2017\/06\/Congres-042-150x150.jpg\" class=\"attachment-thumbnail size-thumbnail\" alt=\"\" \/><\/a>\n\t\t\t<\/div><\/figure><figure class='gallery-item'>\n\t\t\t<div class='gallery-icon landscape'>\n\t\t\t\t<a href='https:\/\/dromkotar.org\/congress\/es\/sample-page\/for-whom\/congres-084\/'><img loading=\"lazy\" decoding=\"async\" width=\"150\" height=\"150\" src=\"https:\/\/dromkotar.org\/congress\/wp-content\/uploads\/2017\/06\/Congres-084-150x150.jpg\" class=\"attachment-thumbnail size-thumbnail\" alt=\"\" \/><\/a>\n\t\t\t<\/div><\/figure><figure class='gallery-item'>\n\t\t\t<div class='gallery-icon landscape'>\n\t\t\t\t<a href='https:\/\/dromkotar.org\/congress\/es\/sample-page\/for-whom\/congres-124\/'><img loading=\"lazy\" decoding=\"async\" width=\"150\" height=\"150\" src=\"https:\/\/dromkotar.org\/congress\/wp-content\/uploads\/2017\/06\/Congres-124-150x150.jpg\" class=\"attachment-thumbnail size-thumbnail\" alt=\"\" \/><\/a>\n\t\t\t<\/div><\/figure><figure class='gallery-item'>\n\t\t\t<div class='gallery-icon landscape'>\n\t\t\t\t<a href='https:\/\/dromkotar.org\/congress\/es\/sample-page\/for-whom\/congres-131\/'><img loading=\"lazy\" decoding=\"async\" width=\"150\" height=\"150\" src=\"https:\/\/dromkotar.org\/congress\/wp-content\/uploads\/2017\/06\/Congres-131-150x150.jpg\" class=\"attachment-thumbnail size-thumbnail\" alt=\"\" \/><\/a>\n\t\t\t<\/div><\/figure><figure class='gallery-item'>\n\t\t\t<div class='gallery-icon landscape'>\n\t\t\t\t<a href='https:\/\/dromkotar.org\/congress\/es\/sample-page\/for-whom\/congres-137\/'><img loading=\"lazy\" decoding=\"async\" width=\"150\" height=\"150\" src=\"https:\/\/dromkotar.org\/congress\/wp-content\/uploads\/2017\/06\/Congres-137-150x150.jpg\" class=\"attachment-thumbnail size-thumbnail\" alt=\"\" \/><\/a>\n\t\t\t<\/div><\/figure><figure class='gallery-item'>\n\t\t\t<div class='gallery-icon landscape'>\n\t\t\t\t<a href='https:\/\/dromkotar.org\/congress\/es\/sample-page\/for-whom\/congres-166\/'><img loading=\"lazy\" decoding=\"async\" width=\"150\" height=\"150\" src=\"https:\/\/dromkotar.org\/congress\/wp-content\/uploads\/2017\/06\/Congres-166-150x150.jpg\" class=\"attachment-thumbnail size-thumbnail\" alt=\"\" \/><\/a>\n\t\t\t<\/div><\/figure><figure class='gallery-item'>\n\t\t\t<div class='gallery-icon landscape'>\n\t\t\t\t<a href='https:\/\/dromkotar.org\/congress\/es\/sample-page\/for-whom\/congres-208\/'><img loading=\"lazy\" decoding=\"async\" width=\"150\" height=\"150\" src=\"https:\/\/dromkotar.org\/congress\/wp-content\/uploads\/2017\/06\/Congres-208-150x150.jpg\" class=\"attachment-thumbnail size-thumbnail\" alt=\"\" \/><\/a>\n\t\t\t<\/div><\/figure>\n\t\t<\/div>\n<\/p>","protected":false},"excerpt":{"rendered":"<p>El Congr\u00e9s va tenir com a objectiu reunir a les dones gitanes de diferents pa\u00efsos europeus i de forma especial a aquelles gitanes de base. Aquestes dones van ser les protagonistes del Congr\u00e9s, de manera que la Drom Kotar Mestipen va voler assegurar que la majoria de participants fossin, efectivament, dones gitanes, encara que tamb\u00e9&hellip; <a class=\"more-link\" href=\"https:\/\/dromkotar.org\/congress\/es\/sample-page\/for-whom\/\">Leer m\u00e1s <span class=\"screen-reader-text\">\u00bfPara qui\u00e9n?<\/span><\/a><\/p>\n","protected":false},"author":1,"featured_media":0,"parent":2,"menu_order":2,"comment_status":"closed","ping_status":"closed","template":"","meta":{"footnotes":""},"class_list":["post-116","page","type-page","status-publish","hentry"],"_links":{"self":[{"href":"https:\/\/dromkotar.org\/congress\/es\/wp-json\/wp\/v2\/pages\/116","targetHints":{"allow":["GET"]}}],"collection":[{"href":"https:\/\/dromkotar.org\/congress\/es\/wp-json\/wp\/v2\/pages"}],"about":[{"href":"https:\/\/dromkotar.org\/congress\/es\/wp-json\/wp\/v2\/types\/page"}],"author":[{"embeddable":true,"href":"https:\/\/dromkotar.org\/congress\/es\/wp-json\/wp\/v2\/users\/1"}],"replies":[{"embeddable":true,"href":"https:\/\/dromkotar.org\/congress\/es\/wp-json\/wp\/v2\/comments?post=116"}],"version-history":[{"count":20,"href":"https:\/\/dromkotar.org\/congress\/es\/wp-json\/wp\/v2\/pages\/116\/revisions"}],"predecessor-version":[{"id":722,"href":"https:\/\/dromkotar.org\/congress\/es\/wp-json\/wp\/v2\/pages\/116\/revisions\/722"}],"up":[{"embeddable":true,"href":"https:\/\/dromkotar.org\/congress\/es\/wp-json\/wp\/v2\/pages\/2"}],"wp:attachment":[{"href":"https:\/\/dromkotar.org\/congress\/es\/wp-json\/wp\/v2\/media?parent=116"}],"curies":[{"name":"wp","href":"https:\/\/api.w.org\/{rel}","templated":true}]}}