{"id":120,"date":"2017-06-23T21:52:37","date_gmt":"2017-06-23T21:52:37","guid":{"rendered":"http:\/\/www.dromkotar.org\/congress\/?page_id=120"},"modified":"2018-07-09T02:32:33","modified_gmt":"2018-07-09T02:32:33","slug":"methodology-approach","status":"publish","type":"page","link":"https:\/\/dromkotar.org\/congress\/es\/sample-page\/methodology-approach\/","title":{"rendered":"Metodolog\u00eda \/ Enfoque"},"content":{"rendered":"<p><\/p>\n<p style=\"text-align: justify;\">La DKM se enorgullece de trabajar estrechamente con las mujeres gitanas a nivel de base y de<strong>\u00a0garantizar que las m\u00e1s vulnerables tengan espacios para ser escuchadas y reunirse para encontrar las soluciones a los diversos desaf\u00edos que afectan a la comunidad.<\/strong>\u00a0 Los m\u00e9todos horizontales y participativos facilitaran los espacios dial\u00f3gicos en las que las mujeres gitanas podr\u00e1n dar su palabra y generar el debate.<\/p>\n<p style=\"text-align: justify;\">El congreso cont\u00f3 con tres espacios que aportaron contenidos para el debate y para las propuestas. El primer espacio\u00a0estuvo vinculado a la a<strong>cci\u00f3n te\u00f3rica y acad\u00e9mica,<\/strong>\u00a0el segundo espacio a<strong>\u00a0las intervenciones y pr\u00e1cticas <\/strong>\u00a0y el tercero a las voces de las mujeres\u00a0<strong>gitanas de base.<\/strong>\u00a0Los espacios tuvieron diferentes formatos para lograr espacios dial\u00f3gicos entre mujeres (ponentes, ponencias, simposios, talleres, seminarios y otros).<\/p>\n<p style=\"text-align: justify;\">Desde la Drom Kotar Mestipen propusimos que el Congreso girara entorno a los siguientes temas:<strong>\u00a0educaci\u00f3n, salud, prevenci\u00f3n de la violencia de g\u00e9nero, feminismo, salud, mercado de trabajo.<\/strong>\u00a0 Fue durante la sesi\u00f3n preparatoria en cada pa\u00eds donde los temas\u00a0se definieron y acordadon por consenso, tanto los temas definitivos del congreso como su enfoque de trabajo (talleres, paneles, seminarios, mesas redondas, grupos de trabajo, etc).<\/p>\n<p style=\"text-align: justify;\">Para asegurar\u00a0<strong>el \u00e9xito del congreso, hubo un intenso trabajo previo de contacto y coordinaci\u00f3n con organizaciones y grupos de mujeres de todos los territorios.<\/strong>\u00a0As\u00ed conseguimos involucrar en la organizaci\u00f3n del congreso a todas las mujeres y movimientos que \u00a0quisieron.<\/p>\n<p style=\"text-align: justify;\"><img loading=\"lazy\" decoding=\"async\" class=\"aligncenter wp-image-712\" src=\"http:\/\/www.dromkotar.org\/congress\/wp-content\/uploads\/2017\/06\/Congres-011-300x200.jpg\" alt=\"\" width=\"500\" height=\"333\" srcset=\"https:\/\/dromkotar.org\/congress\/wp-content\/uploads\/2017\/06\/Congres-011-300x200.jpg 300w, https:\/\/dromkotar.org\/congress\/wp-content\/uploads\/2017\/06\/Congres-011-768x512.jpg 768w, https:\/\/dromkotar.org\/congress\/wp-content\/uploads\/2017\/06\/Congres-011-1024x683.jpg 1024w, https:\/\/dromkotar.org\/congress\/wp-content\/uploads\/2017\/06\/Congres-011-480x320.jpg 480w, https:\/\/dromkotar.org\/congress\/wp-content\/uploads\/2017\/06\/Congres-011-450x300.jpg 450w\" sizes=\"auto, (max-width: 500px) 100vw, 500px\" \/><\/p>\n<p style=\"text-align: justify;\"><!--nextpage--><\/p>\n<p style=\"text-align: justify;\"><img loading=\"lazy\" decoding=\"async\" class=\"aligncenter size-full wp-image-101\" src=\"http:\/\/www.dromkotar.org\/congress\/wp-content\/uploads\/2017\/05\/Logo-Macedonia-2.jpg\" alt=\"\" width=\"200\" height=\"200\" srcset=\"https:\/\/dromkotar.org\/congress\/wp-content\/uploads\/2017\/05\/Logo-Macedonia-2.jpg 200w, https:\/\/dromkotar.org\/congress\/wp-content\/uploads\/2017\/05\/Logo-Macedonia-2-150x150.jpg 150w\" sizes=\"auto, (max-width: 200px) 100vw, 200px\" \/><\/p>\n<p style=\"text-align: justify;\">Mujeres Gitanas de todos los \u00e1mbitos de la vida se est\u00e1n preparando para el Congreso. Ellas se est\u00e1n reuniendo en sus comunidades para discutir los temas que son m\u00e1s importan para ellas y est\u00e1n haciendo una lluvia de ideas para encontrar soluciones pr\u00e1cticas a los problemas identificados. Aqu\u00ed, la ONG asociada al proyecto KHAM Delcevo-Macedonia est\u00e1 apoyando a algunas de las mujeres de sus comunidades para preparar di\u00e1logicamente materiales para el Congreso.<\/p>\n<div id='gallery-3' class='gallery galleryid-120 gallery-columns-3 gallery-size-thumbnail'><figure class='gallery-item'>\n\t\t\t<div class='gallery-icon landscape'>\n\t\t\t\t<a href='https:\/\/dromkotar.org\/congress\/es\/sample-page\/methodology-approach\/english-classes-with-roma-students-held-in-delcevo\/'><img loading=\"lazy\" decoding=\"async\" width=\"150\" height=\"150\" src=\"https:\/\/dromkotar.org\/congress\/wp-content\/uploads\/2017\/06\/English-classes-with-Roma-students-held-in-Delcevo-150x150.jpg\" class=\"attachment-thumbnail size-thumbnail\" alt=\"\" \/><\/a>\n\t\t\t<\/div><\/figure><figure class='gallery-item'>\n\t\t\t<div class='gallery-icon landscape'>\n\t\t\t\t<a href='https:\/\/dromkotar.org\/congress\/es\/sample-page\/methodology-approach\/gender-equality-and-non-discrimination-activity-held-in-ohrid-project-implemented-by-rwo-daja-and-ngo-kham\/'><img loading=\"lazy\" decoding=\"async\" width=\"150\" height=\"150\" src=\"https:\/\/dromkotar.org\/congress\/wp-content\/uploads\/2017\/06\/Gender-equality-and-non-discrimination-activity-held-in-Ohrid-project-implemented-by-RWO-DAJA-and-NGO-KHAM-150x150.jpg\" class=\"attachment-thumbnail size-thumbnail\" alt=\"\" \/><\/a>\n\t\t\t<\/div><\/figure><figure class='gallery-item'>\n\t\t\t<div class='gallery-icon landscape'>\n\t\t\t\t<a href='https:\/\/dromkotar.org\/congress\/es\/sample-page\/methodology-approach\/gender-equality-and-non-discrimination-activity-held-in-ohrid-2-project-implemented-by-rwo-daja-and-ngo-kham\/'><img loading=\"lazy\" decoding=\"async\" width=\"150\" height=\"150\" src=\"https:\/\/dromkotar.org\/congress\/wp-content\/uploads\/2017\/06\/Gender-equality-and-non-discrimination-activity-held-in-Ohrid-2-project-implemented-by-RWO-DAJA-and-NGO-KHAM-150x150.jpg\" class=\"attachment-thumbnail size-thumbnail\" alt=\"\" \/><\/a>\n\t\t\t<\/div><\/figure><figure class='gallery-item'>\n\t\t\t<div class='gallery-icon landscape'>\n\t\t\t\t<a href='https:\/\/dromkotar.org\/congress\/es\/sample-page\/methodology-approach\/hscl-activity-held-in-vilage-crnik-with-roma-mothers\/'><img loading=\"lazy\" decoding=\"async\" width=\"150\" height=\"150\" src=\"https:\/\/dromkotar.org\/congress\/wp-content\/uploads\/2017\/06\/HSCL-activity-held-in-vilage-Crnik-with-Roma-mothers-150x150.jpg\" class=\"attachment-thumbnail size-thumbnail\" alt=\"\" \/><\/a>\n\t\t\t<\/div><\/figure><figure class='gallery-item'>\n\t\t\t<div class='gallery-icon landscape'>\n\t\t\t\t<a href='https:\/\/dromkotar.org\/congress\/es\/sample-page\/methodology-approach\/motivational-event-held-with-roma-mothers-in-vilage-crnik\/'><img loading=\"lazy\" decoding=\"async\" width=\"150\" height=\"150\" src=\"https:\/\/dromkotar.org\/congress\/wp-content\/uploads\/2017\/06\/Motivational-event-held-with-Roma-mothers-in-vilage-Crnik-150x150.jpg\" class=\"attachment-thumbnail size-thumbnail\" alt=\"\" \/><\/a>\n\t\t\t<\/div><\/figure><figure class='gallery-item'>\n\t\t\t<div class='gallery-icon landscape'>\n\t\t\t\t<a href='https:\/\/dromkotar.org\/congress\/es\/sample-page\/methodology-approach\/public-and-political-participation-actvity-held-in-delcevo-project-implemeted-by-rwo-daja-and-ngo-kham\/'><img loading=\"lazy\" decoding=\"async\" width=\"150\" height=\"150\" src=\"https:\/\/dromkotar.org\/congress\/wp-content\/uploads\/2017\/06\/Public-and-Political-participation-actvity-held-in-Delcevo-project-implemeted-by-RWO-DAJA-and-NGO-KHAM-150x150.jpg\" class=\"attachment-thumbnail size-thumbnail\" alt=\"\" \/><\/a>\n\t\t\t<\/div><\/figure><figure class='gallery-item'>\n\t\t\t<div class='gallery-icon landscape'>\n\t\t\t\t<a href='https:\/\/dromkotar.org\/congress\/es\/sample-page\/methodology-approach\/team-of-ngo-kham-ritrit-held-in-berovo\/'><img loading=\"lazy\" decoding=\"async\" width=\"150\" height=\"150\" src=\"https:\/\/dromkotar.org\/congress\/wp-content\/uploads\/2017\/06\/Team-of-NGO-KHAM-Ritrit-held-in-Berovo-150x150.jpg\" class=\"attachment-thumbnail size-thumbnail\" alt=\"\" \/><\/a>\n\t\t\t<\/div><\/figure>\n\t\t<\/div>\n\n<p style=\"text-align: justify;\"><span id=\"yui_3_16_0_ym19_1_1505653794110_46954\">La<strong>\u00a0<\/strong><\/span><strong><span id=\"yui_3_16_0_ym19_1_1505653794110_46970\" class=\"yiv6363041049gmail-googie_link\">ONG<\/span>\u00a0<span id=\"yui_3_16_0_ym19_1_1505653794110_46965\" class=\"yiv6363041049gmail-googie_link\">KHAM<\/span>\u00a0<span class=\"yiv6363041049gmail-googie_link\">Delcevo<\/span><\/strong><span id=\"yui_3_16_0_ym19_1_1505653794110_46890\"><strong>\u00a0de Macedonia ha tenido varias reuniones en numerosos escenarios y algunos de los principales temas discutidos han sido: la Imagen de la Mujer Gitana, la Educaci\u00f3n, la Salud y el Movimiento Feminista de Mujeres Gitanas.<\/strong> M\u00e1s concretamente, las mujeres dijeron que se sent\u00edan representadas como esposas, eran vistas como \u00abdetr\u00e1s del hombre\u00bb, subordinadas, vulnerables durante los conflictos. Por lo tanto, acordaron que la participaci\u00f3n activa en la vida p\u00fablica y pol\u00edtica, tener una presentaci\u00f3n m\u00e1s positiva de las tradiciones gitanas y m\u00e1s referentes de las mujeres gitanas educadas ayudar\u00edan a redefinir la imagen de la mujer gitana.<br clear=\"none\" \/><br clear=\"none\" \/><strong>La solidaridad fue otro tema clave que surgi\u00f3<\/strong> y la Educaci\u00f3n fue discutida en gran medida. Para la comunidad se discuti\u00f3 que los talleres con mujeres gitanas adultas eran importantes, as\u00ed como la promoci\u00f3n de referentes positivas. <strong>La inclusi\u00f3n de la familia en el sistema escolar y el medio ambiente tambi\u00e9n se consideraron cr\u00edticos para que tuviera lugar el \u00e9xito educativo y la convivencia.<\/strong> Los clubes de lectores, los talleres de motivaci\u00f3n y la participaci\u00f3n de las madres gitanas durante un gran evento en la escuela que proporcionan ayuda a los maestros fueron ejemplos de c\u00f3mo las familias podr\u00edan involucrarse y apoyar la vida familiar de la escuela.<br clear=\"none\" \/><br clear=\"none\" \/><br clear=\"none\" \/><strong>La salud fue otro tema que se discuti\u00f3 y un problema que se examin\u00f3 fueron los embarazos tempranos.<\/strong> Se cumpli\u00f3 una lista de las razones por las que se producen embarazos tempranos: falta de educaci\u00f3n, extrema pobreza, tradici\u00f3n, desempleo, discriminaci\u00f3n de g\u00e9nero durante la educaci\u00f3n, ignorancia institucional o aprobaci\u00f3n. Y las consecuencias de esto, como se ve a trav\u00e9s de los ojos de las mujeres consultadas fueron: infecci\u00f3n sexual, menor concurrencia en el mercado laboral, interrupci\u00f3n del proceso educativo, dependencia econ\u00f3mica y pobreza.\u00a0<br clear=\"none\" \/><br clear=\"none\" \/>Como tema de cierre, el <strong>Movimiento Feminista Gitana fue examinado de cerca y se acord\u00f3 que era importante avanzar en la perspectiva de g\u00e9nero en todas las \u00a0<\/strong><\/span><strong><span class=\"yiv6363041049gmail-googie_link\">socio-esferas<\/span><\/strong><span id=\"yui_3_16_0_ym19_1_1505653794110_46887\"><strong>.<\/strong> La eliminaci\u00f3n de la violencia de g\u00e9nero mediante la inclusi\u00f3n de las mujeres en todas las esferas p\u00fablicas, la promoci\u00f3n de la igualdad de g\u00e9nero en las escuelas, la educaci\u00f3n sexual para poner fin a los matrimonios precoces y la revisi\u00f3n de las leyes matrimoniales que son sesgadas institucionalmente contra las mujeres, se subray\u00f3.<br clear=\"none\" \/><br clear=\"none\" \/>En general, <strong>las mujeres gitanas de la comunidad de base participaron en varias discusiones dial\u00f3gicas<\/strong> cual les permitieron reflexionar, discutir, compartir y ofrecer colectivamente soluciones a las diversas cuestiones a las que se enfrentan.<\/span><\/p>\n<hr \/>\n<p style=\"text-align: justify;\">Los socios griegos\u00a0Alternative Innovative Development <a href=\"http:\/\/aid.com.gr\/site\/\" target=\"_blank\" rel=\"noopener noreferrer\">A.I.D.<\/a> crearon un video \u00abNo Hate to Roma Women\u00bb como parte de la campa\u00f1a #NoHateSpeech del Consejo de Europa.<\/p>\n<p><img loading=\"lazy\" decoding=\"async\" class=\"size-thumbnail wp-image-385 aligncenter\" src=\"http:\/\/www.dromkotar.org\/congress\/wp-content\/uploads\/2017\/06\/NOHATE-150x150.png\" alt=\"\" width=\"150\" height=\"150\" srcset=\"https:\/\/dromkotar.org\/congress\/wp-content\/uploads\/2017\/06\/NOHATE-150x150.png 150w, https:\/\/dromkotar.org\/congress\/wp-content\/uploads\/2017\/06\/NOHATE.png 225w\" sizes=\"auto, (max-width: 150px) 100vw, 150px\" \/><\/p>\n<p><iframe loading=\"lazy\" width=\"900\" height=\"506\" src=\"https:\/\/www.youtube.com\/embed\/r2JCop_Tc_M?feature=oembed\" frameborder=\"0\" allow=\"autoplay; encrypted-media\" allowfullscreen><\/iframe><\/p>\n<p><!--nextpage--><\/p>\n<p><img loading=\"lazy\" decoding=\"async\" class=\"aligncenter wp-image-519\" src=\"http:\/\/www.dromkotar.org\/congress\/wp-content\/uploads\/2017\/06\/ERRC_Logo.jpg\" alt=\"\" width=\"402\" height=\"162\" srcset=\"https:\/\/dromkotar.org\/congress\/wp-content\/uploads\/2017\/06\/ERRC_Logo.jpg 1685w, https:\/\/dromkotar.org\/congress\/wp-content\/uploads\/2017\/06\/ERRC_Logo-300x121.jpg 300w, https:\/\/dromkotar.org\/congress\/wp-content\/uploads\/2017\/06\/ERRC_Logo-768x310.jpg 768w, https:\/\/dromkotar.org\/congress\/wp-content\/uploads\/2017\/06\/ERRC_Logo-1024x413.jpg 1024w, https:\/\/dromkotar.org\/congress\/wp-content\/uploads\/2017\/06\/ERRC_Logo-743x300.jpg 743w\" sizes=\"auto, (max-width: 402px) 100vw, 402px\" \/><\/p>\n<p id=\"gmail-tw-target-text\" class=\"gmail-tw-data-text gmail-tw-ta gmail-tw-text-small\" dir=\"ltr\" style=\"text-align: justify;\"><span lang=\"es\">El Centro Europeo de Derechos de los Rom (ERRC) es una organizaci\u00f3n de derecho internacional de inter\u00e9s p\u00fablico dirigida por los Roma que trabaja para combatir el racismo anti-Roma y los abusos de los derechos humanos de los Roma a trav\u00e9s de litigios estrat\u00e9gicos, investigaci\u00f3n y desarrollo de pol\u00edticas.<\/span><\/p>\n<p id=\"gmail-tw-target-text\" class=\"gmail-tw-data-text gmail-tw-ta gmail-tw-text-small\" dir=\"ltr\" style=\"text-align: justify;\"><span lang=\"es\">Desde su creaci\u00f3n en 1996, el <\/span><span lang=\"es\">ERRC se ha esforzado por proporcionar a los Roma las herramientas necesarias para combatir la discriminaci\u00f3n y lograr un acceso equitativo a la justicia, la educaci\u00f3n, la vivienda, la atenci\u00f3n sanitaria y los servicios p\u00fablicos.<\/span><\/p>\n<p class=\"gmail-tw-data-text gmail-tw-ta gmail-tw-text-small\" dir=\"ltr\" style=\"text-align: justify;\">La Oficial de Derechos de la Mujer, Anna Orsos, ha estado apoyando los preparativos del Pre-Congreso. Aqu\u00ed est\u00e1 hablando del D\u00eda Internacional de la Mujer.<\/p>\n<p><iframe loading=\"lazy\" width=\"900\" height=\"506\" src=\"https:\/\/www.youtube.com\/embed\/eE24NUGrIaA?feature=oembed\" frameborder=\"0\" allow=\"autoplay; encrypted-media\" allowfullscreen><\/iframe><\/p>\n<p>&nbsp;<\/p>\n<p><img loading=\"lazy\" decoding=\"async\" class=\"aligncenter size-full wp-image-518\" src=\"http:\/\/www.dromkotar.org\/congress\/wp-content\/uploads\/2017\/06\/Slide2.png\" alt=\"\" width=\"720\" height=\"1040\" srcset=\"https:\/\/dromkotar.org\/congress\/wp-content\/uploads\/2017\/06\/Slide2.png 720w, https:\/\/dromkotar.org\/congress\/wp-content\/uploads\/2017\/06\/Slide2-208x300.png 208w, https:\/\/dromkotar.org\/congress\/wp-content\/uploads\/2017\/06\/Slide2-709x1024.png 709w\" sizes=\"auto, (max-width: 720px) 100vw, 720px\" \/><\/p>\n<p>&nbsp;<\/p>\n<p>&nbsp;<\/p>\n<p><a href=\"http:\/\/iframe%20src=https:\/\/www.facebook.com\/plugins\/video.php?href=https%3A%2F%2Fwww.facebook.com%2FEuropeanRomaRightsCentre%2Fvideos%2F1296027127132007%2F&amp;show_text=1&amp;width=560%20width=560%20height=458%20style=border:none;overflow:hidden%20scrolling=no%20frameborder=0%20allowTransparency=true%20allowFullScreen=true\/iframe\">http:\/\/<iframe loading=\"lazy\" style=\"border: none; overflow: hidden;\" src=\"https:\/\/www.facebook.com\/plugins\/video.php?href=https%3A%2F%2Fwww.facebook.com%2FEuropeanRomaRightsCentre%2Fvideos%2F1296027127132007%2F&amp;show_text=1&amp;width=560\" width=\"560\" height=\"458\" frameborder=\"0\" scrolling=\"no\" allowfullscreen=\"allowfullscreen\"><\/iframe><\/a><\/p>\n<p>&nbsp;<\/p>\n<p><!--nextpage--><\/p>\n<p><img loading=\"lazy\" decoding=\"async\" class=\"aligncenter wp-image-572 size-full\" src=\"http:\/\/www.dromkotar.org\/congress\/wp-content\/uploads\/2017\/05\/romni-onlus-logo_medium-2.jpg\" alt=\"\" width=\"399\" height=\"189\" srcset=\"https:\/\/dromkotar.org\/congress\/wp-content\/uploads\/2017\/05\/romni-onlus-logo_medium-2.jpg 399w, https:\/\/dromkotar.org\/congress\/wp-content\/uploads\/2017\/05\/romni-onlus-logo_medium-2-300x142.jpg 300w\" sizes=\"auto, (max-width: 399px) 100vw, 399px\" \/><\/p>\n<p style=\"text-align: justify;\">Romni Onlus tiene su sede en Roma, Italia, y re\u00fane a mujeres gitanas y no gitanas para trabajar juntas, independientemente de su origen. Desde 2010, Romni Onlus y su fundadora, Saska Jovanovic, han tenido la oportunidad de confrontar las realidades europeas de otras asociaciones gitanas y m\u00e1s. Javanovic ha participado en las diversas mesas de trabajo en las que la asociaci\u00f3n ha compartido y abordado los problemas de las mujeres gitanas y ha prestado especial atenci\u00f3n a garantizar que las mujeres gitanas m\u00e1s vulnerables de su comunidad escuchen esas voces.<br \/>\nEn 2014, naci\u00f3 el deseo de formar una red donde todas las mujeres Gitanas y Sinti en Italia y en otros lugares, puedan encontrar el apoyo adecuado y un espacio libre de cualquier forma de prejuicio y discriminaci\u00f3n. La Red Nacional recibi\u00f3 fondos de la Open Society Foundations-Roma Initiatives Office, la primera reuni\u00f3n de varias mujeres gitanas de diversas regiones italianas, activistas en la promoci\u00f3n cultural y cultural de mujeres gitanas y migrantes asistieron a la reuni\u00f3n. El proyecto preve\u00eda la creaci\u00f3n de una s\u00f3lida red nacional de asociaciones y activistas Gitanas, trabajando en objetivos comunes a trav\u00e9s de acciones concretas y significativas, incluida la organizaci\u00f3n de una conferencia el 8 de marzo de 2014, que es el D\u00eda Internacional de la Mujer.<br \/>\nRomni Onlus fue parte del 1er Congreso Internacional de Mujeres Gitanas en 2010 y ha continuado trabajando por los derechos de su comunidad. La organizaci\u00f3n ha sido un pilar del trabajo activista que tiene lugar en Roma, Italia, y ha sido invitado a formar parte de varios grupos de trabajo, entidades Gitanas y est\u00e1n trabajando en estrecha colaboraci\u00f3n con las mujeres Gitanas de base que sufren una exclusi\u00f3n triple y est\u00e1n clasificadas de manera vulnerable en Italia.<br \/>\nComo preparaci\u00f3n para el 2 \u00b0 Congreso, Saska Javanovic se reuni\u00f3 con mujeres locales de su comunidad para analizar las l\u00edneas tem\u00e1ticas propuestas por los delegados del Pre-Congreso (enero 2017). Acordaron que, de hecho, la educaci\u00f3n, la salud, la econom\u00eda y la vivienda son fundamentales para sus vidas y tienen un impacto directo en su sustento. Sin embargo, algunos temas m\u00e1s fueron descubiertos y propuestos para discutir durante el evento de marzo 2018.<\/p>\n<p style=\"text-align: justify;\"><strong>&#8211; Violencia:<\/strong> tanto el abuso f\u00edsico como el psicol\u00f3gico est\u00e1n afectando a las mujeres Gitanas.<\/p>\n<p style=\"text-align: justify;\">&#8211; <strong>Fertilidad:<\/strong> para la mujer Gitana y para la comunidad Gitana, el concepto de fertilidad es muy importante y, por lo tanto, es esencial demostrarlo a la comunidad. Si la mujer no es f\u00e9rtil, puede llevar a prejuicios. La mujer debe sentir dentro de ella la necesidad de convertirse en madre y no la presi\u00f3n de su familia y su propia comunidad.<\/p>\n<p style=\"text-align: justify;\">&#8211; <strong>Matrimonio y maternidad:<\/strong> Las j\u00f3venes Gitanas que asistieron a la reuni\u00f3n dijeron: \u00abnosotros, las j\u00f3venes Gitanasx, mujeres que nunca han sufrido violencia, podemos aconsejarles que esperen unos a\u00f1os de matrimonio (2 a\u00f1os) y solo despu\u00e9s, si desean un embarazo, a trata de quedarte embarazada \u00ab. Este tiempo y permiso permiten el crecimiento personal y f\u00edsico del individuo y luego el concepto de convertirse en madre es una elecci\u00f3n en lugar de un supuesto. El cultivo de las propias necesidades personales para lograr su propia satisfacci\u00f3n y luego cuidar de su propia familia, es una opci\u00f3n.<\/p>\n<p style=\"text-align: justify;\">&#8211; <strong>La educaci\u00f3n y los campamentos de Gitanas:<\/strong> muchas mujeres en los campamentos desean continuar su educaci\u00f3n y es un \u00e1rea que necesita m\u00e1s atenci\u00f3n.<\/p>\n<p style=\"text-align: justify;\">&#8211; <strong>Documentaci\u00f3n:<\/strong> los documentos y la prueba de identidad son una inquietud para muchas mujeres gitanas en Italia. Muchos no tienen los documentos correctos y, por lo tanto, se considera que no tienen una identidad y esto afecta en gran medida su vida diaria e inhibe su capacidad de buscar y asegurar un trabajo.<\/p>\n<p style=\"text-align: justify;\">&#8211; <strong>Vivienda:<\/strong> Vivir en condiciones de vivienda que puedan garantizar el crecimiento sano y equilibrado de la mujer pero tambi\u00e9n de sus propios hijos y no vivir en los llamados \u00abpueblos equipados\u00bb que solo empeorar\u00e1n la situaci\u00f3n de nuestra gente.<\/p>\n<p style=\"text-align: justify;\">&#8211; <strong>Trabajo:<\/strong> con un trabajo la mujer se siente satisfecha e independiente de su marido, creemos que el trabajo es ante todo una protecci\u00f3n para la mujer porque si quiere, por cualquier raz\u00f3n, separarse de su marido y continuar viviendo una vida digna sin sinti\u00e9ndose \u00abdependiente\u00bb del hombre.<br \/>\n<strong>&#8211; Religi\u00f3n:<\/strong> seg\u00fan nosotros, la iglesia dentro de los campamentos Gitanos no aportar\u00eda ning\u00fan aspecto positivo sino ansiedad y conducir\u00eda a enfatizar el concepto del campo del gueto.<\/p>\n<p style=\"text-align: justify;\">&#8211; <strong>Pol\u00edtico:<\/strong> Nosotros, los Gitanos enfrentamos autom\u00e1ticamente barreras porque no tenemos una orientaci\u00f3n pol\u00edtica, y por lo tanto ni siquiera somos importantes en el momento de las elecciones, porque los Gitanos y los Sinti italianos por diversas razones no votan. Dado que no pertenecemos a ninguna de las partes, no estamos autom\u00e1ticamente bajo ninguna protecci\u00f3n.<\/p>\n<div id='gallery-4' class='gallery galleryid-120 gallery-columns-3 gallery-size-thumbnail'><figure class='gallery-item'>\n\t\t\t<div class='gallery-icon landscape'>\n\t\t\t\t<a href='https:\/\/dromkotar.org\/congress\/es\/sample-page\/methodology-approach\/matrimoni-cop-900x400\/'><img loading=\"lazy\" decoding=\"async\" width=\"150\" height=\"150\" src=\"https:\/\/dromkotar.org\/congress\/wp-content\/uploads\/2017\/06\/matrimoni-cop-900x400-150x150.jpg\" class=\"attachment-thumbnail size-thumbnail\" alt=\"\" \/><\/a>\n\t\t\t<\/div><\/figure><figure class='gallery-item'>\n\t\t\t<div class='gallery-icon landscape'>\n\t\t\t\t<a href='https:\/\/dromkotar.org\/congress\/es\/sample-page\/methodology-approach\/img_1282\/'><img loading=\"lazy\" decoding=\"async\" width=\"150\" height=\"150\" src=\"https:\/\/dromkotar.org\/congress\/wp-content\/uploads\/2017\/06\/IMG_1282-150x150.jpg\" class=\"attachment-thumbnail size-thumbnail\" alt=\"\" \/><\/a>\n\t\t\t<\/div><\/figure><figure class='gallery-item'>\n\t\t\t<div class='gallery-icon landscape'>\n\t\t\t\t<a href='https:\/\/dromkotar.org\/congress\/es\/sample-page\/methodology-approach\/attachment\/2\/'><img loading=\"lazy\" decoding=\"async\" width=\"150\" height=\"150\" src=\"https:\/\/dromkotar.org\/congress\/wp-content\/uploads\/2017\/06\/2-150x150.jpg\" class=\"attachment-thumbnail size-thumbnail\" alt=\"\" \/><\/a>\n\t\t\t<\/div><\/figure><figure class='gallery-item'>\n\t\t\t<div class='gallery-icon landscape'>\n\t\t\t\t<a href='https:\/\/dromkotar.org\/congress\/es\/sample-page\/methodology-approach\/attachment\/1\/'><img loading=\"lazy\" decoding=\"async\" width=\"150\" height=\"150\" src=\"https:\/\/dromkotar.org\/congress\/wp-content\/uploads\/2017\/06\/1-150x150.jpg\" class=\"attachment-thumbnail size-thumbnail\" alt=\"\" \/><\/a>\n\t\t\t<\/div><\/figure>\n\t\t<\/div>\n\n<p>&nbsp;<\/p>","protected":false},"excerpt":{"rendered":"<p>Disculpa, pero esta entrada est\u00e1 disponible s\u00f3lo en English.<\/p>\n","protected":false},"author":1,"featured_media":0,"parent":2,"menu_order":3,"comment_status":"closed","ping_status":"closed","template":"","meta":{"footnotes":""},"class_list":["post-120","page","type-page","status-publish","hentry"],"_links":{"self":[{"href":"https:\/\/dromkotar.org\/congress\/es\/wp-json\/wp\/v2\/pages\/120","targetHints":{"allow":["GET"]}}],"collection":[{"href":"https:\/\/dromkotar.org\/congress\/es\/wp-json\/wp\/v2\/pages"}],"about":[{"href":"https:\/\/dromkotar.org\/congress\/es\/wp-json\/wp\/v2\/types\/page"}],"author":[{"embeddable":true,"href":"https:\/\/dromkotar.org\/congress\/es\/wp-json\/wp\/v2\/users\/1"}],"replies":[{"embeddable":true,"href":"https:\/\/dromkotar.org\/congress\/es\/wp-json\/wp\/v2\/comments?post=120"}],"version-history":[{"count":66,"href":"https:\/\/dromkotar.org\/congress\/es\/wp-json\/wp\/v2\/pages\/120\/revisions"}],"predecessor-version":[{"id":724,"href":"https:\/\/dromkotar.org\/congress\/es\/wp-json\/wp\/v2\/pages\/120\/revisions\/724"}],"up":[{"embeddable":true,"href":"https:\/\/dromkotar.org\/congress\/es\/wp-json\/wp\/v2\/pages\/2"}],"wp:attachment":[{"href":"https:\/\/dromkotar.org\/congress\/es\/wp-json\/wp\/v2\/media?parent=120"}],"curies":[{"name":"wp","href":"https:\/\/api.w.org\/{rel}","templated":true}]}}