{"id":138,"date":"2017-06-23T22:26:44","date_gmt":"2017-06-23T22:26:44","guid":{"rendered":"http:\/\/www.dromkotar.org\/congress\/?page_id=138"},"modified":"2019-06-11T12:12:43","modified_gmt":"2019-06-11T12:12:43","slug":"registration-information","status":"publish","type":"page","link":"https:\/\/dromkotar.org\/congress\/es\/sample-page\/espanol-transparencia\/registration-information\/","title":{"rendered":"Criterios de otorgamiento de becas"},"content":{"rendered":"<p><\/p>\n<h1 style=\"text-align: center;\"><span style=\"color: #993366;\">II Congreso Internacional de Mujeres Gitanas: \u00abLas Otras Mujeres\u00bb<\/span><\/h1>\n<h3 style=\"text-align: center;\"><strong>Para el evento tuvimos dos criterios de inscripci\u00f3n\u00a0<\/strong><\/h3>\n<p style=\"text-align: left;\"><strong>\u00a0Con Beca o Sin Beca:\u00a0<\/strong><\/p>\n<h2><strong>\u00a01. INSCRIPCI\u00d3N SOLICITANDO BECAS :\u00a0<\/strong><\/h2>\n<h4><strong>1.1 CRITERIOS:<\/strong><\/h4>\n<p><strong><span style=\"color: #993366;\">CRITERIOS GENERALES:<\/span><\/strong><\/p>\n<p>Las becas se gestionaron de dos formas:<br \/>\na)\u00a0 de forma individual o<br \/>\nb)\u00a0 a trav\u00e9s de una entidad (escuela, asociaci\u00f3n, ONG&#8230;)<\/p>\n<p>Criterios de asignaci\u00f3n de beca:<\/p>\n<p>-Ser mujer gitana y tener ingresos iguales o inferiores al salario m\u00ednimo interprofesional (SMI) y\/o con una renta per c\u00e1pita por debajo del PIB del pa\u00eds.*<br \/>\n-Se tendr\u00e1 en cuenta la renta per c\u00e1pita de las unidades familiares.<\/p>\n<p>La beca incluy\u00f3: inscripci\u00f3n al congreso, alojamiento, viaje, comidas organizadas en el Congreso<\/p>\n<p>La beca NO contempl\u00f3:<br \/>\n&#8211; viajes en taxi. Se priorizar\u00e1n SIEMPRE los transportes p\u00fablicos.<br \/>\n&#8211; comidas fuera del congreso o de la organizaci\u00f3n.<br \/>\n&#8211; no se pagar\u00e1n gastos de veh\u00edculos particulares.<\/p>\n<p>El n\u00famero de becas\u00a0fue limitado y se otorg\u00f3 en funci\u00f3n del orden de solicitud y respetando los criterios establecidos a continuaci\u00f3n.<\/p>\n<p>Becas extraordinarias:<br \/>\n&#8211; ponentes que participen en las mesas redondas.<br \/>\n&#8211; gente voluntaria que participar\u00e1 en la organizaci\u00f3n y el buen funcionamiento del congreso.<br \/>\n&#8211; Ni\u00f1as mayores de 12 a\u00f1os.<br \/>\n* Para la concesi\u00f3n de la beca se debi\u00f3 presentar un documento de acreditaci\u00f3n de\u00a0la renta econ\u00f3mica definida como criterio (IPREM) o en su defecto, una declaraci\u00f3n jurada de la persona o entidad que ha contactado con la persona.<\/p>\n<p style=\"text-align: left;\"><strong><span style=\"color: #993366;\">BECA INDIVIDUAL:<\/span><\/strong><\/p>\n<p style=\"text-align: left;\">Las becas individuales\u00a0fueron limitadas y se resolvieron por orden de solicitud.<br \/>\nLa Asociaci\u00f3n Drom Kotar Mestipen es qui\u00e9n haizo la valoraci\u00f3n.<\/p>\n<p style=\"text-align: left;\"><strong><span style=\"color: #993366;\">BECA INTERNACIONAL:<\/span><\/strong><\/p>\n<p style=\"text-align: left;\">Plazas limitadas por pa\u00eds y repartidas entre las organizaciones de cada pa\u00eds.<br \/>\nEn caso de que no haya la demanda esperada por diferentes pa\u00edses, Drom Kotar Mestipen se reserva el derecho de transferir las becas y aumentar su n\u00famero entre los pa\u00edses solicitantes.<\/p>\n<p>Importante: La organizaci\u00f3n del congreso no se hizo cargo de la tramitaci\u00f3n de los visados ni los permisos de las asistentes al congreso. Sin embargo, la beca internacional s\u00ed contempl\u00f3 los gastos econ\u00f3micos de la tramitaci\u00f3n de los visados en caso de ser necesarios.<\/p>\n<p><strong><span style=\"color: #993366;\">BECA ESTATAL:<\/span><\/strong><\/p>\n<p>N\u00famero limitado de becas y otorgadas por orden de solicitud.<\/p>\n<p>En caso de que no haya la demanda esperada por los diferentes territorios, Drom Kotar Mestipen se reserva el derecho de transferir becas y aumentar el n\u00famero entre territorios o entidades.<\/p>\n<p><strong><span style=\"color: #993366;\">BECA COMUNIDAD AUT\u00d3NOMA CATALU\u00d1A<\/span><\/strong><strong><span style=\"color: #993366;\">:<\/span><\/strong><\/p>\n<p>En el caso del \u00e1rea metropolitana de Barcelona, se bec\u00f3 el transporte, y las comidas.<br \/>\nPara el resto de Catalu\u00f1a, se bec\u00f3 como una beca estatal.<br \/>\nEn caso de que no haya la demanda esperada por diferentes entidades, Drom Kotar Mestipen se reserva el derecho de transferir las becas y\/o aumentar su n\u00famero entre entidades.<\/p>\n<hr \/>\n<h2 class=\"gmail-freebirdFormviewerViewHeaderDescription\" dir=\"auto\"><strong>2. INSCRIPCI\u00d3N AL CONGRESO SIN BECA:\u00a0<\/strong><\/h2>\n<div class=\"gmail-freebirdFormviewerViewHeaderDescription\" dir=\"auto\">La inscripci\u00f3n tuvo un coste de 100 \u20ac e incluy\u00f3:<\/div>\n<div class=\"gmail-freebirdFormviewerViewHeaderDescription\" dir=\"auto\">\u2022 Material<br \/>\n\u2022 Desayunos viernes y s\u00e1bado<br \/>\n\u2022 Comidas del viernes y s\u00e1bado<br \/>\n\u2022 Cena viernes<br \/>\n\u2022 Merienda s\u00e1bado<br \/>\n\u2022 Traducciones. (Catal\u00e1n, Castellano, Romano)<br \/>\n\u2022 Servicio de ludoteca (en caso de ser necesario)<\/div>\n<div class=\"gmail-freebirdFormviewerViewHeaderDescription\" dir=\"auto\">\n<p>PRECIO REDUCIDO 40\u20ac: Estudiantes o mujeres que no trabajen y que tengan ingresos iguales o inferiores al salario m\u00ednimo interprofesional (SMI) y\/o con una renta per c\u00e1pita por debajo del PIB de su pa\u00eds.<\/p>\n<\/div>\n<p>&nbsp;<\/p>\n<div class=\"gmail-freebirdFormviewerViewHeaderDescription\" dir=\"auto\"><img loading=\"lazy\" decoding=\"async\" class=\"aligncenter wp-image-686 size-full\" src=\"http:\/\/www.dromkotar.org\/congress\/wp-content\/uploads\/2017\/06\/Congres-009.jpg\" alt=\"\" width=\"3960\" height=\"2640\" srcset=\"https:\/\/dromkotar.org\/congress\/wp-content\/uploads\/2017\/06\/Congres-009.jpg 3960w, https:\/\/dromkotar.org\/congress\/wp-content\/uploads\/2017\/06\/Congres-009-300x200.jpg 300w, https:\/\/dromkotar.org\/congress\/wp-content\/uploads\/2017\/06\/Congres-009-768x512.jpg 768w, https:\/\/dromkotar.org\/congress\/wp-content\/uploads\/2017\/06\/Congres-009-1024x683.jpg 1024w, https:\/\/dromkotar.org\/congress\/wp-content\/uploads\/2017\/06\/Congres-009-480x320.jpg 480w, https:\/\/dromkotar.org\/congress\/wp-content\/uploads\/2017\/06\/Congres-009-450x300.jpg 450w\" sizes=\"auto, (max-width: 3960px) 100vw, 3960px\" \/><\/div>\n<h2 class=\"gmail-freebirdFormviewerViewHeaderDescription\" dir=\"auto\">\u00bf TIENES DUDAS?<\/h2>\n<div class=\"gmail-freebirdFormviewerViewHeaderDescription\" dir=\"auto\">Cualquier duda, no dude en ponerse en contacto con nosotras:<\/div>\n<div class=\"gmail-freebirdFormviewerViewHeaderDescription\" dir=\"auto\">Correo electr\u00f3nico:\u00a0<a href=\"mailto:2ndInternationalRomaWomensCon@gmail.com\">2ndInternationalRomaWomensCon@gmail.com<\/a><\/div>\n<p><\/p>","protected":false},"excerpt":{"rendered":"<p>II Congreso Internacional de Mujeres Gitanas: \u00abLas Otras Mujeres\u00bb Para el evento tuvimos dos criterios de inscripci\u00f3n\u00a0 \u00a0Con Beca o Sin Beca:\u00a0 \u00a01. INSCRIPCI\u00d3N SOLICITANDO BECAS :\u00a0 1.1 CRITERIOS: CRITERIOS GENERALES: Las becas se gestionaron de dos formas: a)\u00a0 de forma individual o b)\u00a0 a trav\u00e9s de una entidad (escuela, asociaci\u00f3n, ONG&#8230;) Criterios de asignaci\u00f3n&hellip; <a class=\"more-link\" href=\"https:\/\/dromkotar.org\/congress\/es\/sample-page\/espanol-transparencia\/registration-information\/\">Leer m\u00e1s <span class=\"screen-reader-text\">Criterios de otorgamiento de becas<\/span><\/a><\/p>\n","protected":false},"author":1,"featured_media":686,"parent":812,"menu_order":3,"comment_status":"closed","ping_status":"closed","template":"","meta":{"footnotes":""},"class_list":["post-138","page","type-page","status-publish","has-post-thumbnail","hentry"],"_links":{"self":[{"href":"https:\/\/dromkotar.org\/congress\/es\/wp-json\/wp\/v2\/pages\/138","targetHints":{"allow":["GET"]}}],"collection":[{"href":"https:\/\/dromkotar.org\/congress\/es\/wp-json\/wp\/v2\/pages"}],"about":[{"href":"https:\/\/dromkotar.org\/congress\/es\/wp-json\/wp\/v2\/types\/page"}],"author":[{"embeddable":true,"href":"https:\/\/dromkotar.org\/congress\/es\/wp-json\/wp\/v2\/users\/1"}],"replies":[{"embeddable":true,"href":"https:\/\/dromkotar.org\/congress\/es\/wp-json\/wp\/v2\/comments?post=138"}],"version-history":[{"count":90,"href":"https:\/\/dromkotar.org\/congress\/es\/wp-json\/wp\/v2\/pages\/138\/revisions"}],"predecessor-version":[{"id":730,"href":"https:\/\/dromkotar.org\/congress\/es\/wp-json\/wp\/v2\/pages\/138\/revisions\/730"}],"up":[{"embeddable":true,"href":"https:\/\/dromkotar.org\/congress\/es\/wp-json\/wp\/v2\/pages\/812"}],"wp:featuredmedia":[{"embeddable":true,"href":"https:\/\/dromkotar.org\/congress\/es\/wp-json\/wp\/v2\/media\/686"}],"wp:attachment":[{"href":"https:\/\/dromkotar.org\/congress\/es\/wp-json\/wp\/v2\/media?parent=138"}],"curies":[{"name":"wp","href":"https:\/\/api.w.org\/{rel}","templated":true}]}}