{"id":14,"date":"2017-05-29T15:14:51","date_gmt":"2017-05-29T15:14:51","guid":{"rendered":"http:\/\/www.dromkotar.org\/congress\/?page_id=14"},"modified":"2017-09-07T15:32:06","modified_gmt":"2017-09-07T15:32:06","slug":"objetivos","status":"publish","type":"page","link":"https:\/\/dromkotar.org\/congress\/es\/sample-page\/objetivos\/","title":{"rendered":"Objetivos Congreso 2018"},"content":{"rendered":"<p><\/p>\n<p style=\"text-align: justify; padding-left: 30px;\">1.<strong> Potenciar una imagen positiva de las mujeres gitanas<\/strong>, dando a conocer las situaciones de discriminaci\u00f3n que sufren, a la vez que se visualizan las\u00a0diferentes formas de superaci\u00f3n que han desarrollado de las mismas.<\/p>\n<p style=\"text-align: justify; padding-left: 30px;\">2. <strong>Profundizar sobre la desigualdad de g\u00e9nero y promover la igualdad de g\u00e9nero<\/strong> y el trabajo conjunto entre hombres y mujeres gitanas para la construcci\u00f3n de una sociedad m\u00e1s igualitaria.<\/p>\n<p style=\"text-align: justify; padding-left: 30px;\">3.<strong> Ampliar, fortalecer y desarrollar una red de mujeres gitanas<\/strong> que promueva la difusi\u00f3n de las pr\u00e1cticas superadoras de las situaciones de desigualdad.<\/p>\n<p style=\"text-align: justify; padding-left: 30px;\">4. <strong>Fortalecer una red de mujeres gitanas<\/strong> con otras redes o grupos para poder multiplicar el trabajo de sensibilizaci\u00f3n y conocimiento del pueblo gitano en general y de las mujeres gitanas en particular.<\/p>\n<p style=\"text-align: justify; padding-left: 30px;\">5. <strong>Romper el silencio ante las situaciones de violencia de g\u00e9nero<\/strong> y promover una convivencia pac\u00edfica y enriquecedora entre hombre y mujeres.<\/p>\n<p style=\"text-align: justify; padding-left: 30px;\">6. <strong>Difundir y amplificar la voz<\/strong> de las mujeres gitanas.<\/p>\n<p><\/p>","protected":false},"excerpt":{"rendered":"<p>1. Potenciar una imagen positiva de las mujeres gitanas, dando a conocer las situaciones de discriminaci\u00f3n que sufren, a la vez que se visualizan las\u00a0diferentes formas de superaci\u00f3n que han desarrollado de las mismas. 2. Profundizar sobre la desigualdad de g\u00e9nero y promover la igualdad de g\u00e9nero y el trabajo conjunto entre hombres y mujeres&hellip; <a class=\"more-link\" href=\"https:\/\/dromkotar.org\/congress\/es\/sample-page\/objetivos\/\">Leer m\u00e1s <span class=\"screen-reader-text\">Objetivos Congreso 2018<\/span><\/a><\/p>\n","protected":false},"author":1,"featured_media":0,"parent":2,"menu_order":1,"comment_status":"closed","ping_status":"closed","template":"","meta":{"footnotes":""},"class_list":["post-14","page","type-page","status-publish","hentry"],"_links":{"self":[{"href":"https:\/\/dromkotar.org\/congress\/es\/wp-json\/wp\/v2\/pages\/14","targetHints":{"allow":["GET"]}}],"collection":[{"href":"https:\/\/dromkotar.org\/congress\/es\/wp-json\/wp\/v2\/pages"}],"about":[{"href":"https:\/\/dromkotar.org\/congress\/es\/wp-json\/wp\/v2\/types\/page"}],"author":[{"embeddable":true,"href":"https:\/\/dromkotar.org\/congress\/es\/wp-json\/wp\/v2\/users\/1"}],"replies":[{"embeddable":true,"href":"https:\/\/dromkotar.org\/congress\/es\/wp-json\/wp\/v2\/comments?post=14"}],"version-history":[{"count":20,"href":"https:\/\/dromkotar.org\/congress\/es\/wp-json\/wp\/v2\/pages\/14\/revisions"}],"predecessor-version":[{"id":466,"href":"https:\/\/dromkotar.org\/congress\/es\/wp-json\/wp\/v2\/pages\/14\/revisions\/466"}],"up":[{"embeddable":true,"href":"https:\/\/dromkotar.org\/congress\/es\/wp-json\/wp\/v2\/pages\/2"}],"wp:attachment":[{"href":"https:\/\/dromkotar.org\/congress\/es\/wp-json\/wp\/v2\/media?parent=14"}],"curies":[{"name":"wp","href":"https:\/\/api.w.org\/{rel}","templated":true}]}}