{"id":158,"date":"2017-06-24T12:29:28","date_gmt":"2017-06-24T12:29:28","guid":{"rendered":"http:\/\/www.dromkotar.org\/congress\/?page_id=158"},"modified":"2019-06-11T12:14:35","modified_gmt":"2019-06-11T12:14:35","slug":"follow-on-projects","status":"publish","type":"page","link":"https:\/\/dromkotar.org\/congress\/es\/espanol-impacto\/follow-on-projects\/","title":{"rendered":"Impacto: trabajo generado y redes establecidas"},"content":{"rendered":"<p><\/p>\n<p style=\"text-align: justify;\">En el \u00abI Congreso Internacional de Mujeres Gitanas: Las Otras Mujeres\u00bb, se hicieron recomendaciones a para la formulaci\u00f3n de pol\u00edticas sociales y se identificaron potenciales \u00e1reas que podr\u00edan desarrollarse a\u00fan m\u00e1s. Despu\u00e9s del Congreso se\u00a0desarrollaron con \u00e9xito proyectos financiados por la Uni\u00f3n Europea en dichas l\u00edneas de intervenci\u00f3n.<\/p>\n<p style=\"text-align: justify;\">Las organizaciones y grupos de mujeres participantes en el I Congreso han tejido una red de colaboraci\u00f3n solidaria y efectiva que ha hecho posible los proyectos que se han implementado a lo largo y ancho de la UE.<\/p>\n<p style=\"text-align: justify;\"><!--nextpage--><\/p>\n<p><img loading=\"lazy\" decoding=\"async\" class=\"alignleft size-thumbnail wp-image-159\" src=\"http:\/\/www.dromkotar.org\/congress\/wp-content\/uploads\/2017\/06\/Rom-Act-logo-150x141.jpg\" alt=\"\" width=\"150\" height=\"141\" \/><\/p>\n<p>&nbsp;<\/p>\n<p><strong>Ampliaci\u00f3n del acceso de las mujeres Gitanas a los sistemas de validaci\u00f3n del aprendizaje no formal e informal (ROM-ACT)<\/strong><\/p>\n<h5>La p\u00e1gina web se puede ver <a href=\"http:\/\/www.eaea.org\/en\/projects\/partner-projects\/rom-act.html\" target=\"_blank\" rel=\"noopener noreferrer\">aqu\u00ed<\/a>.<\/h5>\n<h5 style=\"text-align: justify;\">El objetivo de ROM-ACT es ampliar el reconocimiento de las aptitudes y competencias adquiridas por la comunidad Gitana en las actividades formales y no formales y animar a los centros de educaci\u00f3n de adultos ya las organizaciones de la sociedad civil a apoyar a las mujeres Gitanas no acad\u00e9micas en su proceso de Validaci\u00f3n del aprendizaje informal y no formal.<\/h5>\n<h5>ROM-ACT La p\u00e1gina de Vimeo se puede ver <a href=\"https:\/\/vimeo.com\/romact\" target=\"_blank\" rel=\"noopener noreferrer\">aqui.<\/a><\/h5>\n<h5>El proyecto fue cofinanciado por el programa de Aprendizaje Permanente, en la acci\u00f3n de los proyectos multilaterales de GRUNDTVIG.<\/h5>\n<p><img loading=\"lazy\" decoding=\"async\" class=\"aligncenter\" src=\"http:\/\/www.eaea.org\/media\/projects\/cache\/eu_flag_llp_en-150x42.jpg\" alt=\"\" width=\"121\" height=\"51\" data-pin-nopin=\"true\" \/><\/p>\n<hr \/>\n<p><img loading=\"lazy\" decoding=\"async\" class=\"alignleft wp-image-229 \" src=\"http:\/\/www.dromkotar.org\/congress\/wp-content\/uploads\/2017\/06\/RomUp-Logo-2-e1499512657811-150x52.png\" alt=\"\" width=\"176\" height=\"61\" \/><\/p>\n<p>&nbsp;<\/p>\n<p><strong>ROM-UP! La inclusi\u00f3n de las mujeres Gitanas a trav\u00e9s de experiencias educativas exitosas de calidad<\/strong><\/p>\n<h5>P\u00e1gina web se puede ver <a href=\"http:\/\/rom-up.eu\/\" target=\"_blank\" rel=\"noopener noreferrer\">aqui.\u00a0<\/a><\/h5>\n<h5 style=\"text-align: justify;\">\u00a1El ROM-UP! Ha sido implementado durante un a\u00f1o (marzo 2012 &#8211; abril 2013) y su mayor logro ha sido la articulaci\u00f3n de una red Gitana\u00a0internacional formada por todos los actores relacionados con la inclusi\u00f3n educativa de los ni\u00f1os Gitanos. Esta red tiene por objeto sensibilizar sobre la difusi\u00f3n y la aplicaci\u00f3n de experiencias educativas exitosas que ya han demostrado cient\u00edficamente ser eficaces en la promoci\u00f3n de la integraci\u00f3n social de los ni\u00f1os Gitanos, en lo que se refiere al \u00e9xito educativo.<\/h5>\n<h5>\u00a1El ROM-UP! El informe final puede leerse <a href=\"http:\/\/eacea.ec.europa.eu\/LLp\/project_reports\/documents\/ka1\/mp\/ka1_mpr_357568_romup.pdf\" target=\"_blank\" rel=\"noopener noreferrer\">aqu\u00ed.<\/a><\/h5>\n<p><img decoding=\"async\" class=\"image aligncenter\" src=\"http:\/\/rom-up.eu\/users\/145728\/assets\/805434_1749225.jpg\" data-pin-nopin=\"true\" \/><\/p>\n<div><span style=\"font-size: 10pt;\">This project has been funded with support from the European Commission. This publication reflects the views only of the author, and the Commission cannot be held responsible for any use which may be made of the information contained therein.<\/span><\/div>\n<hr \/>\n<h5 style=\"text-align: justify;\"><img loading=\"lazy\" decoding=\"async\" class=\"alignleft wp-image-170 size-medium\" src=\"http:\/\/www.dromkotar.org\/congress\/wp-content\/uploads\/2017\/06\/MS4ROW-Logo-300x95.png\" alt=\"\" width=\"300\" height=\"95\" srcset=\"https:\/\/dromkotar.org\/congress\/wp-content\/uploads\/2017\/06\/MS4ROW-Logo-300x95.png 300w, https:\/\/dromkotar.org\/congress\/wp-content\/uploads\/2017\/06\/MS4ROW-Logo.png 399w\" sizes=\"auto, (max-width: 300px) 100vw, 300px\" \/>El aprendizaje a lo largo de toda la vida, la planificaci\u00f3n de la carrera y el seguimiento pueden mejorar el acceso de la mujer Gitana al mercado de trabajo y se consideran la clave para su integraci\u00f3n exitosa en la sociedad. Con todo eso en mente, el prop\u00f3sito de MS4ROW es desarrollar un modo alternativo y completo de ense\u00f1anza &#8211; sistema de mentor\u00eda para mujeres y adolescentes Gitanas. La combinaci\u00f3n del sistema de tutor\u00eda y el uso de la aplicaci\u00f3n web les permitir\u00e1 dise\u00f1ar y realizar un itinerario educativo y vocacional personal para cada participante adolescente Gitanas\u00a0. El objetivo principal ser\u00e1 mejorar la alfabetizaci\u00f3n y las aptitudes (alfabetizaci\u00f3n en lectura, alfabetizaci\u00f3n digital, alfabetizaci\u00f3n financiera, habilidades de comunicaci\u00f3n, b\u00fasqueda de empleo, t\u00e9cnicas de aprendizaje y habilidades sociales). El sitio web se puede ver aqu\u00ed.<\/h5>\n<h5>P\u00e1gina web se puede ver <a href=\"http:\/\/edu.ms4row.eu\/index.php?language=english\" target=\"_blank\" rel=\"noopener noreferrer\">aqui.<\/a><\/h5>\n<p><img loading=\"lazy\" decoding=\"async\" class=\"wp-image-235 aligncenter\" src=\"http:\/\/www.dromkotar.org\/congress\/wp-content\/uploads\/2017\/06\/header-logo_new1.png\" alt=\"\" width=\"485\" height=\"53\" srcset=\"https:\/\/dromkotar.org\/congress\/wp-content\/uploads\/2017\/06\/header-logo_new1.png 652w, https:\/\/dromkotar.org\/congress\/wp-content\/uploads\/2017\/06\/header-logo_new1-300x33.png 300w\" sizes=\"auto, (max-width: 485px) 100vw, 485px\" \/><\/p>","protected":false},"excerpt":{"rendered":"<p>En el \u00abI Congreso Internacional de Mujeres Gitanas: Las Otras Mujeres\u00bb, se hicieron recomendaciones a para la formulaci\u00f3n de pol\u00edticas sociales y se identificaron potenciales \u00e1reas que podr\u00edan desarrollarse a\u00fan m\u00e1s. Despu\u00e9s del Congreso se\u00a0desarrollaron con \u00e9xito proyectos financiados por la Uni\u00f3n Europea en dichas l\u00edneas de intervenci\u00f3n. Las organizaciones y grupos de mujeres participantes&hellip; <a class=\"more-link\" href=\"https:\/\/dromkotar.org\/congress\/es\/espanol-impacto\/follow-on-projects\/\">Leer m\u00e1s <span class=\"screen-reader-text\">Impacto: trabajo generado y redes establecidas<\/span><\/a><\/p>\n","protected":false},"author":1,"featured_media":0,"parent":816,"menu_order":4,"comment_status":"closed","ping_status":"closed","template":"","meta":{"footnotes":""},"class_list":["post-158","page","type-page","status-publish","hentry"],"_links":{"self":[{"href":"https:\/\/dromkotar.org\/congress\/es\/wp-json\/wp\/v2\/pages\/158","targetHints":{"allow":["GET"]}}],"collection":[{"href":"https:\/\/dromkotar.org\/congress\/es\/wp-json\/wp\/v2\/pages"}],"about":[{"href":"https:\/\/dromkotar.org\/congress\/es\/wp-json\/wp\/v2\/types\/page"}],"author":[{"embeddable":true,"href":"https:\/\/dromkotar.org\/congress\/es\/wp-json\/wp\/v2\/users\/1"}],"replies":[{"embeddable":true,"href":"https:\/\/dromkotar.org\/congress\/es\/wp-json\/wp\/v2\/comments?post=158"}],"version-history":[{"count":42,"href":"https:\/\/dromkotar.org\/congress\/es\/wp-json\/wp\/v2\/pages\/158\/revisions"}],"predecessor-version":[{"id":468,"href":"https:\/\/dromkotar.org\/congress\/es\/wp-json\/wp\/v2\/pages\/158\/revisions\/468"}],"up":[{"embeddable":true,"href":"https:\/\/dromkotar.org\/congress\/es\/wp-json\/wp\/v2\/pages\/816"}],"wp:attachment":[{"href":"https:\/\/dromkotar.org\/congress\/es\/wp-json\/wp\/v2\/media?parent=158"}],"curies":[{"name":"wp","href":"https:\/\/api.w.org\/{rel}","templated":true}]}}