{"id":2,"date":"2017-05-29T14:41:39","date_gmt":"2017-05-29T14:41:39","guid":{"rendered":"http:\/\/www.dromkotar.org\/congress\/?page_id=2"},"modified":"2020-04-29T22:41:17","modified_gmt":"2020-04-29T22:41:17","slug":"sample-page","status":"publish","type":"page","link":"https:\/\/dromkotar.org\/congress\/es\/","title":{"rendered":"El sue\u00f1o&#8230;"},"content":{"rendered":"<p><\/p>\n<h1 style=\"text-align: center;\"><span style=\"font-size: 24pt;\"><span style=\"color: #800080;\"><strong>En\u00a02010&#8230;<\/strong><\/span><\/span><\/h1>\n<p style=\"text-align: center;\" align=\"center\"><span style=\"font-size: 14.0pt; font-family: 'Georgia','serif'; color: #333333;\">Creyendo en nuestro sue\u00f1o, logramos realizar el<\/span><\/p>\n<p style=\"text-align: center;\"><span style=\"font-size: 24pt;\"><strong>I Congreso Internacional de Mujeres Gitanas: Las otras mujeres<\/strong><\/span><\/p>\n<p style=\"text-align: center;\"><span style=\"font-size: 14pt;\">350 mujeres gitanas de base de toda Europa vinieron a Barcelona el 8, 9 y 10 de octubre.<\/span><\/p>\n<h1 style=\"text-align: center;\"><span style=\"font-size: 24pt;\"><span style=\"color: #800080;\"><strong>En\u00a02018&#8230;<\/strong><\/span><\/span><\/h1>\n<p style=\"text-align: center;\"><span style=\"font-size: 14pt;\">Nos atrevimos a\u00a0seguir so\u00f1ando,\u00a0a concretar\u00a0y a seguir\u00a0creciendo con\u00a0la realizaci\u00f3n del<\/span><\/p>\n<p style=\"text-align: center;\"><span style=\"font-size: 24pt;\"><strong>II Congreso Internacional de Mujeres Gitanas<\/strong><\/span><\/p>\n<p style=\"text-align: center;\"><iframe loading=\"lazy\"  id=\"_ytid_70426\"  width=\"900\" height=\"506\"  data-origwidth=\"900\" data-origheight=\"506\" src=\"https:\/\/www.youtube.com\/embed\/RcY85DsuNwc?enablejsapi=1&autoplay=0&cc_load_policy=0&cc_lang_pref=&iv_load_policy=1&loop=0&modestbranding=0&rel=1&fs=1&playsinline=0&autohide=2&theme=dark&color=red&controls=1&\" class=\"__youtube_prefs__  no-lazyload\" title=\"YouTube player\"  allow=\"fullscreen; accelerometer; autoplay; clipboard-write; encrypted-media; gyroscope; picture-in-picture\" allowfullscreen data-no-lazy=\"1\" data-skipgform_ajax_framebjll=\"\"><\/iframe><\/p>\n<p style=\"text-align: center;\"><span style=\"font-size: 14pt;\"><strong>23 y 24 de marzo de 2018 Barcelona, Catalu\u00f1a.<\/strong><\/span><\/p>\n<p style=\"text-align: center;\"><img loading=\"lazy\" decoding=\"async\" class=\"aligncenter wp-image-704\" src=\"http:\/\/www.dromkotar.org\/congress\/wp-content\/uploads\/2017\/05\/Congres-029-300x200.jpg\" alt=\"\" width=\"401\" height=\"267\" srcset=\"https:\/\/dromkotar.org\/congress\/wp-content\/uploads\/2017\/05\/Congres-029-300x200.jpg 300w, https:\/\/dromkotar.org\/congress\/wp-content\/uploads\/2017\/05\/Congres-029-768x512.jpg 768w, https:\/\/dromkotar.org\/congress\/wp-content\/uploads\/2017\/05\/Congres-029-1024x683.jpg 1024w, https:\/\/dromkotar.org\/congress\/wp-content\/uploads\/2017\/05\/Congres-029-480x320.jpg 480w, https:\/\/dromkotar.org\/congress\/wp-content\/uploads\/2017\/05\/Congres-029-450x300.jpg 450w\" sizes=\"auto, (max-width: 401px) 100vw, 401px\" \/><\/p>\n<p style=\"text-align: center;\"><span style=\"font-size: 14pt;\">Este segundo Congreso, tuvo como objetivo reunir nuevamente a las mujeres gitanas de base de Europa. Con 372 mujeres de 16 pa\u00edses de Europa y 12 Comunidades Aut\u00f3nomas, se convirti\u00f3 en\u00a0un espacio de encuentro,\u00a0donde ellas, sus historias, logros y anhelos\u00a0fueron las\u00a0protagonistas, creando lazos de amistad, trabajo y colaboraci\u00f3n.<\/span><\/p>\n<p style=\"text-align: center;\"><img loading=\"lazy\" decoding=\"async\" class=\"wp-image-705 alignleft\" src=\"http:\/\/www.dromkotar.org\/congress\/wp-content\/uploads\/2017\/05\/Congres-087-300x200.jpg\" alt=\"\" width=\"204\" height=\"136\" srcset=\"https:\/\/dromkotar.org\/congress\/wp-content\/uploads\/2017\/05\/Congres-087-300x200.jpg 300w, https:\/\/dromkotar.org\/congress\/wp-content\/uploads\/2017\/05\/Congres-087-768x512.jpg 768w, https:\/\/dromkotar.org\/congress\/wp-content\/uploads\/2017\/05\/Congres-087-1024x683.jpg 1024w, https:\/\/dromkotar.org\/congress\/wp-content\/uploads\/2017\/05\/Congres-087-480x320.jpg 480w, https:\/\/dromkotar.org\/congress\/wp-content\/uploads\/2017\/05\/Congres-087-450x300.jpg 450w\" sizes=\"auto, (max-width: 204px) 100vw, 204px\" \/><\/p>\n<p><img loading=\"lazy\" decoding=\"async\" class=\"wp-image-703 alignright\" src=\"http:\/\/www.dromkotar.org\/congress\/wp-content\/uploads\/2017\/05\/Congres-027-300x200.jpg\" alt=\"\" width=\"204\" height=\"136\" srcset=\"https:\/\/dromkotar.org\/congress\/wp-content\/uploads\/2017\/05\/Congres-027-300x200.jpg 300w, https:\/\/dromkotar.org\/congress\/wp-content\/uploads\/2017\/05\/Congres-027-768x512.jpg 768w, https:\/\/dromkotar.org\/congress\/wp-content\/uploads\/2017\/05\/Congres-027-1024x683.jpg 1024w, https:\/\/dromkotar.org\/congress\/wp-content\/uploads\/2017\/05\/Congres-027-480x320.jpg 480w, https:\/\/dromkotar.org\/congress\/wp-content\/uploads\/2017\/05\/Congres-027-450x300.jpg 450w\" sizes=\"auto, (max-width: 204px) 100vw, 204px\" \/><\/p>\n<h4 style=\"text-align: center;\"><span style=\"font-size: 14pt;\"><span style=\"color: #ff00ff;\">\u00a0 <img loading=\"lazy\" decoding=\"async\" class=\"wp-image-706 alignright\" src=\"http:\/\/www.dromkotar.org\/congress\/wp-content\/uploads\/2017\/05\/Congres-204-300x200.jpg\" alt=\"\" width=\"204\" height=\"136\" srcset=\"https:\/\/dromkotar.org\/congress\/wp-content\/uploads\/2017\/05\/Congres-204-300x200.jpg 300w, https:\/\/dromkotar.org\/congress\/wp-content\/uploads\/2017\/05\/Congres-204-768x512.jpg 768w, https:\/\/dromkotar.org\/congress\/wp-content\/uploads\/2017\/05\/Congres-204-1024x683.jpg 1024w, https:\/\/dromkotar.org\/congress\/wp-content\/uploads\/2017\/05\/Congres-204-480x320.jpg 480w, https:\/\/dromkotar.org\/congress\/wp-content\/uploads\/2017\/05\/Congres-204-450x300.jpg 450w\" sizes=\"auto, (max-width: 204px) 100vw, 204px\" \/><img loading=\"lazy\" decoding=\"async\" class=\"alignleft\" src=\"http:\/\/www.dromkotar.org\/congress\/wp-content\/uploads\/2017\/05\/Congres-009-300x200.jpg\" alt=\"\" width=\"203\" height=\"135\" \/>\u00a0 \u00a0 \u00a0<\/span><\/span><\/h4>\n<p><\/p>","protected":false},"excerpt":{"rendered":"<p>En\u00a02010&#8230; Creyendo en nuestro sue\u00f1o, logramos realizar el I Congreso Internacional de Mujeres Gitanas: Las otras mujeres 350 mujeres gitanas de base de toda Europa vinieron a Barcelona el 8, 9 y 10 de octubre. En\u00a02018&#8230; Nos atrevimos a\u00a0seguir so\u00f1ando,\u00a0a concretar\u00a0y a seguir\u00a0creciendo con\u00a0la realizaci\u00f3n del II Congreso Internacional de Mujeres Gitanas 23 y 24&hellip; <a class=\"more-link\" href=\"https:\/\/dromkotar.org\/congress\/es\/\">Leer m\u00e1s <span class=\"screen-reader-text\">El sue\u00f1o&#8230;<\/span><\/a><\/p>\n","protected":false},"author":1,"featured_media":0,"parent":0,"menu_order":0,"comment_status":"closed","ping_status":"closed","template":"","meta":{"footnotes":""},"class_list":["post-2","page","type-page","status-publish","hentry"],"_links":{"self":[{"href":"https:\/\/dromkotar.org\/congress\/es\/wp-json\/wp\/v2\/pages\/2","targetHints":{"allow":["GET"]}}],"collection":[{"href":"https:\/\/dromkotar.org\/congress\/es\/wp-json\/wp\/v2\/pages"}],"about":[{"href":"https:\/\/dromkotar.org\/congress\/es\/wp-json\/wp\/v2\/types\/page"}],"author":[{"embeddable":true,"href":"https:\/\/dromkotar.org\/congress\/es\/wp-json\/wp\/v2\/users\/1"}],"replies":[{"embeddable":true,"href":"https:\/\/dromkotar.org\/congress\/es\/wp-json\/wp\/v2\/comments?post=2"}],"version-history":[{"count":96,"href":"https:\/\/dromkotar.org\/congress\/es\/wp-json\/wp\/v2\/pages\/2\/revisions"}],"predecessor-version":[{"id":872,"href":"https:\/\/dromkotar.org\/congress\/es\/wp-json\/wp\/v2\/pages\/2\/revisions\/872"}],"wp:attachment":[{"href":"https:\/\/dromkotar.org\/congress\/es\/wp-json\/wp\/v2\/media?parent=2"}],"curies":[{"name":"wp","href":"https:\/\/api.w.org\/{rel}","templated":true}]}}