{"id":840,"date":"2019-06-11T12:05:07","date_gmt":"2019-06-11T12:05:07","guid":{"rendered":"http:\/\/www.dromkotar.org\/congress\/?page_id=840"},"modified":"2019-06-14T16:16:09","modified_gmt":"2019-06-14T16:16:09","slug":"espanol-economia","status":"publish","type":"page","link":"https:\/\/dromkotar.org\/congress\/es\/sample-page\/espanol-transparencia\/espanol-economia\/","title":{"rendered":"Econom\u00eda"},"content":{"rendered":"<p><\/p>\n<table width=\"610\">\n<tbody>\n<tr>\n<td colspan=\"2\" width=\"610\"><strong>Justificaci\u00f3n econ\u00f3mica II Congreso Internacional de Mujeres Gitanas<\/strong><\/td>\n<\/tr>\n<tr>\n<td width=\"479\"><strong>CONCEPTOS GASTOS<\/strong><\/td>\n<td width=\"132\"><strong>Precio \/ unidad<\/strong><\/td>\n<\/tr>\n<tr>\n<td colspan=\"2\" width=\"610\"><strong>ESPACIO CEDIDO CAIXA FORUM<\/strong><\/td>\n<\/tr>\n<tr>\n<td width=\"479\">Sala auditorio, aulas de trabajo<\/td>\n<td width=\"132\">&#8211; \u20ac<\/td>\n<\/tr>\n<tr>\n<td width=\"479\">Equipos de sonidos, proyectores, etc.<\/td>\n<td width=\"132\">&#8211; \u20ac<\/td>\n<\/tr>\n<tr>\n<td width=\"479\">Cabinas de traducci\u00f3n y receptores, sala de auditorio<\/td>\n<td width=\"132\">&#8211; \u20ac<\/td>\n<\/tr>\n<tr>\n<td width=\"479\">Cabinas de traducci\u00f3n y receptores, grupos de trabajo<\/td>\n<td width=\"132\">&#8211; \u20ac<\/td>\n<\/tr>\n<tr>\n<td width=\"479\"><strong>TOTAL ESPACIO<\/strong><\/td>\n<td width=\"132\">&#8211; \u20ac<\/td>\n<\/tr>\n<tr>\n<td colspan=\"2\" width=\"610\"><strong>PERSONAL EXTERNO<\/strong><\/td>\n<\/tr>\n<tr>\n<td width=\"479\">Servicio Personal \u00a0T\u00e9cnico Caixa F\u00f3rum<\/td>\n<td width=\"132\">4.356,00 \u20ac<\/td>\n<\/tr>\n<tr>\n<td width=\"479\">Concierto Piano Rosario Montoya La Reina Gitana: Costes musicales, Auditorio, Sonido y viajes de los\/las m\u00fasicos\/as)<\/td>\n<td width=\"132\">4.406,40 \u20ac<\/td>\n<\/tr>\n<tr>\n<td width=\"479\">Servicio de traducci\u00f3n: Traductores\/as ingl\u00e9s-espa\u00f1ol &#8211; catal\u00e1n, equipo de traducci\u00f3n Roman\u00ed -Ingl\u00e9s<\/td>\n<td width=\"132\">4.955,94 \u20ac<\/td>\n<\/tr>\n<tr>\n<td width=\"479\"><strong>TOTAL\u00a0 PERSONAL EXTERNO<\/strong><\/td>\n<td width=\"132\"><strong>13.718,34 \u20ac<\/strong><\/td>\n<\/tr>\n<tr>\n<td colspan=\"2\" width=\"610\"><strong>DISE\u00d1O, IMPRETA Y MATERIAL \/ BIENES CONSUMIBLES<\/strong><\/td>\n<\/tr>\n<tr>\n<td width=\"479\">Dise\u00f1o cartel, carpetas, roll ups y producci\u00f3n roll ups<\/td>\n<td width=\"132\">1.528,52 \u20ac<\/td>\n<\/tr>\n<tr>\n<td width=\"479\">Impresiones carteles, tr\u00edpticos, carpetas, programas<\/td>\n<td width=\"132\">2.342,49 \u20ac<\/td>\n<\/tr>\n<tr>\n<td width=\"479\">Material participantes: bolsas, bol\u00edgrafos, libreta, identificadores<\/td>\n<td width=\"132\">5.035,33 \u20ac<\/td>\n<\/tr>\n<tr>\n<td width=\"479\"><strong>TOTAL\u00a0 DISE\u00d1O, IMPRENTA Y MATERIAL \/ BIENES CONSUMIBLES<\/strong><\/td>\n<td width=\"132\"><strong>8.906,34 \u20ac<\/strong><\/td>\n<\/tr>\n<tr>\n<td colspan=\"2\" width=\"610\"><strong>TRANSPORTE, ALOJAMIENTO,\u00a0 MANUTENCI\u00d3N PARTICIPANTES<\/strong><\/td>\n<\/tr>\n<tr>\n<td width=\"479\">Viajes participantes Internacionales y nacionales bus, aviones y trenes\u00a0 desde pa\u00eds o ciudad de origen -Barcelona<\/td>\n<td width=\"132\">68.984,76 \u20ac<\/td>\n<\/tr>\n<tr>\n<td width=\"479\">Transportes interiores participantes a Barcelona<\/td>\n<td width=\"132\">6.098,60 \u20ac<\/td>\n<\/tr>\n<tr>\n<td width=\"479\">Alojamiento participantes<\/td>\n<td width=\"132\">22.607,36 \u20ac<\/td>\n<\/tr>\n<tr>\n<td width=\"479\">Pausa del descanso,\u00a0 ma\u00f1anas de 2 d\u00edas a Caixa F\u00f3rum<\/td>\n<td width=\"132\">5.938,40 \u20ac<\/td>\n<\/tr>\n<tr>\n<td width=\"479\">Almuerzo viernes en el Pueblo Espa\u00f1ol<\/td>\n<td width=\"132\">9.101,09 \u20ac<\/td>\n<\/tr>\n<tr>\n<td width=\"479\">Bolsa de picnic para el almuerzo el s\u00e1bado<\/td>\n<td width=\"132\">1.809,50 \u20ac<\/td>\n<\/tr>\n<tr>\n<td width=\"479\"><strong>TOTAL TRANSPORTE, ALOJAMENTO,\u00a0 MANUTENCI\u00d3N PARTICIPANTES<\/strong><\/td>\n<td width=\"132\"><strong>114.539,71 \u20ac<\/strong><\/td>\n<\/tr>\n<tr>\n<td colspan=\"2\" width=\"610\"><strong>CONTENIDOS<\/strong><\/td>\n<\/tr>\n<tr>\n<td width=\"479\">Dinamizaci\u00f3n, coordinaci\u00f3n y organizaci\u00f3n del congreso<\/td>\n<td width=\"132\">26.000,00 \u20ac<\/td>\n<\/tr>\n<tr>\n<td width=\"479\"><strong>SUBTOTAL CONTENIDOS<\/strong><\/td>\n<td width=\"132\"><strong>26.000,00 \u20ac<\/strong><\/td>\n<\/tr>\n<tr>\n<td colspan=\"2\" width=\"610\"><strong>OTROS GASTOS<\/strong><\/td>\n<\/tr>\n<tr>\n<td width=\"479\">Correos y mensajer\u00eda<\/td>\n<td width=\"132\">400,00 \u20ac<\/td>\n<\/tr>\n<tr>\n<td width=\"479\">Gastos \u00a0de tel\u00e9fono, fax e internet<\/td>\n<td width=\"132\">1.500,00 \u20ac<\/td>\n<\/tr>\n<tr>\n<td width=\"479\"><strong>SUBTOTAL OTROS GASTOS<\/strong><\/td>\n<td width=\"132\"><strong>1.900,00 \u20ac<\/strong><\/td>\n<\/tr>\n<tr>\n<td width=\"479\"><strong>COSTE TOTAL CONGRESO<\/strong><\/td>\n<td width=\"132\"><strong>165.064,39 \u20ac<\/strong><\/td>\n<\/tr>\n<\/tbody>\n<\/table>\n<p>&nbsp;<\/p>","protected":false},"excerpt":{"rendered":"<p>Justificaci\u00f3n econ\u00f3mica II Congreso Internacional de Mujeres Gitanas CONCEPTOS GASTOS Precio \/ unidad ESPACIO CEDIDO CAIXA FORUM Sala auditorio, aulas de trabajo &#8211; \u20ac Equipos de sonidos, proyectores, etc. &#8211; \u20ac Cabinas de traducci\u00f3n y receptores, sala de auditorio &#8211; \u20ac Cabinas de traducci\u00f3n y receptores, grupos de trabajo &#8211; \u20ac TOTAL ESPACIO &#8211; \u20ac&hellip; <a class=\"more-link\" href=\"https:\/\/dromkotar.org\/congress\/es\/sample-page\/espanol-transparencia\/espanol-economia\/\">Leer m\u00e1s <span class=\"screen-reader-text\">Econom\u00eda<\/span><\/a><\/p>\n","protected":false},"author":1,"featured_media":0,"parent":812,"menu_order":0,"comment_status":"closed","ping_status":"closed","template":"","meta":{"footnotes":""},"class_list":["post-840","page","type-page","status-publish","hentry"],"_links":{"self":[{"href":"https:\/\/dromkotar.org\/congress\/es\/wp-json\/wp\/v2\/pages\/840","targetHints":{"allow":["GET"]}}],"collection":[{"href":"https:\/\/dromkotar.org\/congress\/es\/wp-json\/wp\/v2\/pages"}],"about":[{"href":"https:\/\/dromkotar.org\/congress\/es\/wp-json\/wp\/v2\/types\/page"}],"author":[{"embeddable":true,"href":"https:\/\/dromkotar.org\/congress\/es\/wp-json\/wp\/v2\/users\/1"}],"replies":[{"embeddable":true,"href":"https:\/\/dromkotar.org\/congress\/es\/wp-json\/wp\/v2\/comments?post=840"}],"version-history":[{"count":6,"href":"https:\/\/dromkotar.org\/congress\/es\/wp-json\/wp\/v2\/pages\/840\/revisions"}],"predecessor-version":[{"id":868,"href":"https:\/\/dromkotar.org\/congress\/es\/wp-json\/wp\/v2\/pages\/840\/revisions\/868"}],"up":[{"embeddable":true,"href":"https:\/\/dromkotar.org\/congress\/es\/wp-json\/wp\/v2\/pages\/812"}],"wp:attachment":[{"href":"https:\/\/dromkotar.org\/congress\/es\/wp-json\/wp\/v2\/media?parent=840"}],"curies":[{"name":"wp","href":"https:\/\/api.w.org\/{rel}","templated":true}]}}