{"id":845,"date":"2019-06-11T12:06:24","date_gmt":"2019-06-11T12:06:24","guid":{"rendered":"http:\/\/www.dromkotar.org\/congress\/?page_id=845"},"modified":"2019-06-14T16:15:44","modified_gmt":"2019-06-14T16:15:44","slug":"espanol-subvenciones","status":"publish","type":"page","link":"https:\/\/dromkotar.org\/congress\/es\/sample-page\/espanol-transparencia\/espanol-subvenciones\/","title":{"rendered":"Subvenciones"},"content":{"rendered":"<p><\/p>\n<table width=\"662\">\n<tbody>\n<tr>\n<td style=\"text-align: center;\" colspan=\"5\" width=\"662\"><strong>PREVISI\u00d3N DE INGRESOS<\/strong><\/td>\n<\/tr>\n<tr>\n<td width=\"303\"><strong>ADMINISTRACI\u00d3N \/ENTIDAD<\/strong><\/td>\n<td colspan=\"2\" width=\"80\"><strong>2017<\/strong><\/td>\n<td width=\"90\"><strong>2018<\/strong><\/td>\n<td width=\"189\"><strong>VIA<\/strong><\/td>\n<\/tr>\n<tr>\n<td width=\"303\">Generalitat de Catalunya.<br \/>\nDepartamento de Servicios Sociales y Familia.<br \/>\nPlan Integral del Pueblo Gitano<\/td>\n<td colspan=\"2\" width=\"80\">39.900,00\u20ac<\/td>\n<td width=\"90\">29.400,00\u20ac<\/td>\n<td width=\"189\">Proyecto Plurianual l\u00ednea F4<\/td>\n<\/tr>\n<tr>\n<td width=\"303\">Generalitat de Catalunya<br \/>\nSecretar\u00eda de Igualdad, Migraciones y Ciudadan\u00eda<\/td>\n<td colspan=\"2\" width=\"80\"><\/td>\n<td width=\"90\">10.000,00\u20ac<\/td>\n<td width=\"189\">Convocatoria general 2018, Pendiente de aprobaci\u00f3n.<\/td>\n<\/tr>\n<tr>\n<td width=\"303\">Generalitat de Catalunya<\/td>\n<td colspan=\"2\" width=\"80\"><\/td>\n<td width=\"90\">20.000,00\u20ac<\/td>\n<td width=\"189\">Convenio Generalitat\/ Fundaci\u00f3n Obra Social\u00a0 La Caixa<\/td>\n<\/tr>\n<tr>\n<td width=\"303\">Generalitat de Catalunya<br \/>\nInstitut Catal\u00e0 de les Dones<\/td>\n<td colspan=\"2\" width=\"80\"><\/td>\n<td width=\"90\">&nbsp;<\/p>\n<p>10.000,00\u20ac<\/td>\n<td width=\"189\">Convocatoria general 2018, Pendiente de aprobaci\u00f3n.<\/td>\n<\/tr>\n<tr>\n<td width=\"303\">Fundaci\u00f3n Obra Social\u00a0 La Caixa<\/td>\n<td colspan=\"2\" width=\"80\"><\/td>\n<td width=\"90\">30.000,00\u20ac<\/td>\n<td width=\"189\">Convenio 2018<\/td>\n<\/tr>\n<tr>\n<td width=\"303\">Diputaci\u00f3n de Barcelona<br \/>\nGerencia de Servicios de Igualdad y Ciudadan\u00eda<br \/>\n\u00c1rea de Atenci\u00f3n a las Personas<\/td>\n<td colspan=\"2\" width=\"80\"><\/td>\n<td width=\"90\">10.000,00\u20ac<\/td>\n<td width=\"189\">Convocatoria general 2018, Pendiente de aprobaci\u00f3n.<\/td>\n<\/tr>\n<tr>\n<td width=\"303\">Ayuntamiento de Barcelona<br \/>\nDirecci\u00f3n de Derechos de la Ciudadan\u00eda y Diversidad<br \/>\nConsejo Municipal del Pueblo Gitano<\/td>\n<td colspan=\"2\" width=\"80\"><\/td>\n<td width=\"90\">6.000,00\u20ac<\/td>\n<td width=\"189\">Factura de servicios<\/td>\n<\/tr>\n<tr>\n<td width=\"303\">Ayuntamiento de Barcelona<br \/>\nDirecci\u00f3n de Feminismos y LGTBI<br \/>\nDerechos de la Ciudadan\u00eda, Cultura, Participaci\u00f3n y Transparencia.<\/td>\n<td colspan=\"2\" width=\"80\"><\/td>\n<td width=\"90\">6.000,00\u20ac<\/td>\n<td width=\"189\">Factura de servicios<\/td>\n<\/tr>\n<tr>\n<td width=\"303\">Participantes que pagan su material y comidas (16 participantes 100\u20ac cada una)<\/td>\n<td colspan=\"2\" width=\"80\"><\/td>\n<td width=\"90\">1.600,00\u20ac<\/td>\n<td width=\"189\">Transferencia bancaria<\/td>\n<\/tr>\n<tr>\n<td width=\"303\">TOTAL INGRESO ANUAL<\/td>\n<td colspan=\"2\" width=\"80\">39.900,00\u20ac<\/td>\n<td width=\"90\">25.018,00\u20ac<\/td>\n<td width=\"189\"><\/td>\n<\/tr>\n<tr>\n<td colspan=\"5\" width=\"662\"><\/td>\n<\/tr>\n<tr>\n<td colspan=\"2\" width=\"324\"><strong>TOTAL INGRESO CONGRESO<\/strong><\/td>\n<td colspan=\"2\" width=\"149\"><strong>164.918,00\u20ac<\/strong><\/td>\n<td width=\"189\"><\/td>\n<\/tr>\n<tr>\n<td colspan=\"2\" width=\"324\"><strong>TOTAL GASTOS<\/strong><\/td>\n<td colspan=\"2\" width=\"149\"><strong>165.064,39\u20ac<\/strong><\/td>\n<td width=\"189\"><\/td>\n<\/tr>\n<tr>\n<td colspan=\"2\" width=\"324\"><strong>DIFERENCIA<\/strong><\/td>\n<td colspan=\"2\" width=\"149\">-146,39\u20ac<\/td>\n<td width=\"189\"><\/td>\n<\/tr>\n<\/tbody>\n<\/table>\n<p><\/p>","protected":false},"excerpt":{"rendered":"<p>PREVISI\u00d3N DE INGRESOS ADMINISTRACI\u00d3N \/ENTIDAD 2017 2018 VIA Generalitat de Catalunya. Departamento de Servicios Sociales y Familia. Plan Integral del Pueblo Gitano 39.900,00\u20ac 29.400,00\u20ac Proyecto Plurianual l\u00ednea F4 Generalitat de Catalunya Secretar\u00eda de Igualdad, Migraciones y Ciudadan\u00eda 10.000,00\u20ac Convocatoria general 2018, Pendiente de aprobaci\u00f3n. Generalitat de Catalunya 20.000,00\u20ac Convenio Generalitat\/ Fundaci\u00f3n Obra Social\u00a0 La Caixa&hellip; <a class=\"more-link\" href=\"https:\/\/dromkotar.org\/congress\/es\/sample-page\/espanol-transparencia\/espanol-subvenciones\/\">Leer m\u00e1s <span class=\"screen-reader-text\">Subvenciones<\/span><\/a><\/p>\n","protected":false},"author":1,"featured_media":0,"parent":812,"menu_order":2,"comment_status":"closed","ping_status":"closed","template":"","meta":{"footnotes":""},"class_list":["post-845","page","type-page","status-publish","hentry"],"_links":{"self":[{"href":"https:\/\/dromkotar.org\/congress\/es\/wp-json\/wp\/v2\/pages\/845","targetHints":{"allow":["GET"]}}],"collection":[{"href":"https:\/\/dromkotar.org\/congress\/es\/wp-json\/wp\/v2\/pages"}],"about":[{"href":"https:\/\/dromkotar.org\/congress\/es\/wp-json\/wp\/v2\/types\/page"}],"author":[{"embeddable":true,"href":"https:\/\/dromkotar.org\/congress\/es\/wp-json\/wp\/v2\/users\/1"}],"replies":[{"embeddable":true,"href":"https:\/\/dromkotar.org\/congress\/es\/wp-json\/wp\/v2\/comments?post=845"}],"version-history":[{"count":13,"href":"https:\/\/dromkotar.org\/congress\/es\/wp-json\/wp\/v2\/pages\/845\/revisions"}],"predecessor-version":[{"id":867,"href":"https:\/\/dromkotar.org\/congress\/es\/wp-json\/wp\/v2\/pages\/845\/revisions\/867"}],"up":[{"embeddable":true,"href":"https:\/\/dromkotar.org\/congress\/es\/wp-json\/wp\/v2\/pages\/812"}],"wp:attachment":[{"href":"https:\/\/dromkotar.org\/congress\/es\/wp-json\/wp\/v2\/media?parent=845"}],"curies":[{"name":"wp","href":"https:\/\/api.w.org\/{rel}","templated":true}]}}