{"id":840,"date":"2019-06-11T12:05:07","date_gmt":"2019-06-11T12:05:07","guid":{"rendered":"http:\/\/www.dromkotar.org\/congress\/?page_id=840"},"modified":"2019-06-14T16:16:09","modified_gmt":"2019-06-14T16:16:09","slug":"espanol-economia","status":"publish","type":"page","link":"https:\/\/dromkotar.org\/congress\/ca\/sample-page\/espanol-transparencia\/espanol-economia\/","title":{"rendered":"Economia"},"content":{"rendered":"<p><\/p>\n<table width=\"600\">\n<tbody>\n<tr>\n<td colspan=\"2\" width=\"600\"><strong>Justificaci\u00f3 econ\u00f2mica II Congr\u00e9s Internacional de Dones Gitanes<\/strong><\/td>\n<\/tr>\n<tr>\n<td width=\"479\"><strong>CONCEPTES DESPESES<\/strong><\/td>\n<td width=\"122\"><strong>Preu \/ unitat<\/strong><\/td>\n<\/tr>\n<tr>\n<td colspan=\"2\" width=\"600\"><strong>ESPAI CEDIT CAIXA F\u00d2RUM<\/strong><\/td>\n<\/tr>\n<tr>\n<td width=\"479\">Sala auditori, aules de treball<\/td>\n<td width=\"122\">&#8211; \u20ac<\/td>\n<\/tr>\n<tr>\n<td width=\"479\">Equips de sos, projectors, etc.<\/td>\n<td width=\"122\">&#8211; \u20ac<\/td>\n<\/tr>\n<tr>\n<td width=\"479\">Cabines de traducci\u00f3 i receptors, sala de auditori<\/td>\n<td width=\"122\">&#8211; \u20ac<\/td>\n<\/tr>\n<tr>\n<td width=\"479\">Cabines de traducci\u00f3 i receptors, grups de treball<\/td>\n<td width=\"122\">&#8211; \u20ac<\/td>\n<\/tr>\n<tr>\n<td width=\"479\"><strong>TOTAL ESPAI<\/strong><\/td>\n<td width=\"122\">&#8211; \u20ac<\/td>\n<\/tr>\n<tr>\n<td colspan=\"2\" width=\"600\"><strong>PERSONAL EXTERN<\/strong><\/td>\n<\/tr>\n<tr>\n<td width=\"479\">Servicio Personal \u00a0T\u00e8cnic Caixa F\u00f2rum<\/td>\n<td width=\"122\">4.356,00 \u20ac<\/td>\n<\/tr>\n<tr>\n<td width=\"479\">Concert Piano Rosario Montoya La Reina Gitana: Despeses musicals, Auditori, Sos i viatges dels\/les m\u00fasics\/ques)<\/td>\n<td width=\"122\">4.406,40 \u20ac<\/td>\n<\/tr>\n<tr>\n<td width=\"479\">Servicio de traducci\u00f3: Traductores\/as angl\u00e8s-espanyol &#8211; catal\u00e0, equip de traducci\u00f3 Roman\u00ed -Ingl\u00e9s<\/td>\n<td width=\"122\">4.955,94 \u20ac<\/td>\n<\/tr>\n<tr>\n<td width=\"479\"><strong>TOTAL\u00a0 PERSONAL EXTERN<\/strong><\/td>\n<td width=\"122\"><strong>13.718,34 \u20ac<\/strong><\/td>\n<\/tr>\n<tr>\n<td colspan=\"2\" width=\"600\"><strong>DISSENY, IMPREMPTA I MATERIAL \/ B\u00c9NS CONSUMIBLES<\/strong><\/td>\n<\/tr>\n<tr>\n<td width=\"479\">Disseny cartell, carpetes, roll ups i producci\u00f3 roll ups<\/td>\n<td width=\"122\">1.528,52 \u20ac<\/td>\n<\/tr>\n<tr>\n<td width=\"479\">Impressions cartells, tr\u00edptics, carpetes, programes<\/td>\n<td width=\"122\">2.342,49 \u20ac<\/td>\n<\/tr>\n<tr>\n<td width=\"479\">Material participants: bosses, bol\u00edgrafs, llibreta, identificadores<\/td>\n<td width=\"122\">5.035,33 \u20ac<\/td>\n<\/tr>\n<tr>\n<td width=\"479\"><strong>TOTAL\u00a0 DISSENY, IMPREMPTA I MATERIAL \/ B\u00c9NS CONSUMIBLES<\/strong><\/td>\n<td width=\"122\"><strong>8.906,34 \u20ac<\/strong><\/td>\n<\/tr>\n<tr>\n<td colspan=\"2\" width=\"600\"><strong>TRANSPORT, ALLOTJAMENT,\u00a0 MANUTENCI\u00d3 PARTICIPANTS<\/strong><\/td>\n<\/tr>\n<tr>\n<td width=\"479\">Viatges participants Internacionals i nacionals, autob\u00fas, avions i trenes\u00a0 des de pa\u00eds o ciutat d\u2019origen -Barcelona<\/td>\n<td width=\"122\">68.984,76 \u20ac<\/td>\n<\/tr>\n<tr>\n<td width=\"479\">Transports interiors participants a Barcelona<\/td>\n<td width=\"122\">6.098,60 \u20ac<\/td>\n<\/tr>\n<tr>\n<td width=\"479\">Allotjament participants<\/td>\n<td width=\"122\">22.607,36 \u20ac<\/td>\n<\/tr>\n<tr>\n<td width=\"479\">Pausa del descans, matins de 2 dies a Caixa F\u00f2rum<\/td>\n<td width=\"122\">5.938,40 \u20ac<\/td>\n<\/tr>\n<tr>\n<td width=\"479\">Esmorzar divendres al Poble Espa\u00f1ol<\/td>\n<td width=\"122\">9.101,09 \u20ac<\/td>\n<\/tr>\n<tr>\n<td width=\"479\">Bossa de p\u00edcnic per a l\u2019esmorzar del dissabte<\/td>\n<td width=\"122\">1.809,50 \u20ac<\/td>\n<\/tr>\n<tr>\n<td width=\"479\"><strong>TOTAL TRANSPORT, ALLOTJAMENT,\u00a0 MANUTENCI\u00d3 PARTICIPANTS<\/strong><\/td>\n<td width=\"122\"><strong>114.539,71 \u20ac<\/strong><\/td>\n<\/tr>\n<tr>\n<td colspan=\"2\" width=\"600\"><strong>CONTINGUTS<\/strong><\/td>\n<\/tr>\n<tr>\n<td width=\"479\">Dinamitzaci\u00f3, coordinaci\u00f3 i organitzaci\u00f3 del congr\u00e9s<\/td>\n<td width=\"122\">26.000,00 \u20ac<\/td>\n<\/tr>\n<tr>\n<td width=\"479\"><strong>SUBTOTAL CONTINGUTS<\/strong><\/td>\n<td width=\"122\"><strong>26.000,00 \u20ac<\/strong><\/td>\n<\/tr>\n<tr>\n<td colspan=\"2\" width=\"600\"><strong>ALTRES DESPESES<\/strong><\/td>\n<\/tr>\n<tr>\n<td width=\"479\">Correus i missatgeria<\/td>\n<td width=\"122\">400,00 \u20ac<\/td>\n<\/tr>\n<tr>\n<td width=\"479\">Despeses \u00a0de tel\u00e8fon, fax i internet<\/td>\n<td width=\"122\">1.500,00 \u20ac<\/td>\n<\/tr>\n<tr>\n<td width=\"479\"><strong>SUBTOTAL ALTRES DESPESES<\/strong><\/td>\n<td width=\"122\"><strong>1.900,00 \u20ac<\/strong><\/td>\n<\/tr>\n<tr>\n<td width=\"479\"><strong>COST TOTAL CONGR\u00c9S<\/strong><\/td>\n<td width=\"122\"><strong>165.064,39 \u20ac<\/strong><\/td>\n<\/tr>\n<\/tbody>\n<\/table>\n<p><\/p>","protected":false},"excerpt":{"rendered":"<p>Justificaci\u00f3 econ\u00f2mica II Congr\u00e9s Internacional de Dones Gitanes CONCEPTES DESPESES Preu \/ unitat ESPAI CEDIT CAIXA F\u00d2RUM Sala auditori, aules de treball &#8211; \u20ac Equips de sos, projectors, etc. &#8211; \u20ac Cabines de traducci\u00f3 i receptors, sala de auditori &#8211; \u20ac Cabines de traducci\u00f3 i receptors, grups de treball &#8211; \u20ac TOTAL ESPAI &#8211; \u20ac&hellip; <a class=\"more-link\" href=\"https:\/\/dromkotar.org\/congress\/ca\/sample-page\/espanol-transparencia\/espanol-economia\/\">Read More <span class=\"screen-reader-text\">Economia<\/span><\/a><\/p>\n","protected":false},"author":1,"featured_media":0,"parent":812,"menu_order":0,"comment_status":"closed","ping_status":"closed","template":"","meta":{"footnotes":""},"class_list":["post-840","page","type-page","status-publish","hentry"],"_links":{"self":[{"href":"https:\/\/dromkotar.org\/congress\/ca\/wp-json\/wp\/v2\/pages\/840","targetHints":{"allow":["GET"]}}],"collection":[{"href":"https:\/\/dromkotar.org\/congress\/ca\/wp-json\/wp\/v2\/pages"}],"about":[{"href":"https:\/\/dromkotar.org\/congress\/ca\/wp-json\/wp\/v2\/types\/page"}],"author":[{"embeddable":true,"href":"https:\/\/dromkotar.org\/congress\/ca\/wp-json\/wp\/v2\/users\/1"}],"replies":[{"embeddable":true,"href":"https:\/\/dromkotar.org\/congress\/ca\/wp-json\/wp\/v2\/comments?post=840"}],"version-history":[{"count":6,"href":"https:\/\/dromkotar.org\/congress\/ca\/wp-json\/wp\/v2\/pages\/840\/revisions"}],"predecessor-version":[{"id":868,"href":"https:\/\/dromkotar.org\/congress\/ca\/wp-json\/wp\/v2\/pages\/840\/revisions\/868"}],"up":[{"embeddable":true,"href":"https:\/\/dromkotar.org\/congress\/ca\/wp-json\/wp\/v2\/pages\/812"}],"wp:attachment":[{"href":"https:\/\/dromkotar.org\/congress\/ca\/wp-json\/wp\/v2\/media?parent=840"}],"curies":[{"name":"wp","href":"https:\/\/api.w.org\/{rel}","templated":true}]}}