{"id":34,"date":"2022-04-27T09:59:10","date_gmt":"2022-04-27T09:59:10","guid":{"rendered":"http:\/\/www.dromkotar.org\/?page_id=34"},"modified":"2024-05-06T14:46:50","modified_gmt":"2024-05-06T14:46:50","slug":"proyectos","status":"publish","type":"page","link":"https:\/\/dromkotar.org\/en\/projects\/","title":{"rendered":"Projects"},"content":{"rendered":"<p>Since practically our beginnings, we have participated in European competitive projects, in order to contribute to overcoming the triple exclusion suffered by Roma women (due to gender, ethnicity, and educational level).<\/p>\n<p>The work carried out in some of the European projects we have coordinated has been recognised by the European Commission through different distinctions such as Gold Award Grundtvig, Success Story or Good Practice Example.<\/p>","protected":false},"excerpt":{"rendered":"<p>In this section you can find more information about the European projects that are currently being carried out in Drom Kotar Mestipen, as well as those that have already been carried out.<\/p>\n","protected":false},"author":1,"featured_media":2692,"parent":0,"menu_order":0,"comment_status":"closed","ping_status":"closed","template":"","meta":{"footnotes":""},"class_list":["post-34","page","type-page","status-publish","has-post-thumbnail","hentry"],"yoast_head":"<!-- This site is optimized with the Yoast SEO plugin v27.3 - https:\/\/yoast.com\/product\/yoast-seo-wordpress\/ -->\n<title>Projects - Drom Kotar Mestipen<\/title>\n<meta name=\"description\" content=\"En este apartado pod\u00e9is encontrar m\u00e1s informaci\u00f3n sobre los proyectos europeos que se est\u00e1n llevando a cabo actualmente en la Drom Kotar Mestipen, as\u00ed como aquellos que ya han sido realizados.\" \/>\n<meta name=\"robots\" content=\"index, follow, max-snippet:-1, max-image-preview:large, max-video-preview:-1\" \/>\n<link rel=\"canonical\" href=\"https:\/\/dromkotar.org\/en\/proyectos\/\" \/>\n<meta property=\"og:locale\" content=\"en_US\" \/>\n<meta property=\"og:type\" content=\"article\" \/>\n<meta property=\"og:title\" content=\"Projects - Drom Kotar Mestipen\" \/>\n<meta property=\"og:description\" content=\"En este apartado pod\u00e9is encontrar m\u00e1s informaci\u00f3n sobre los proyectos europeos que se est\u00e1n llevando a cabo actualmente en la Drom Kotar Mestipen, as\u00ed como aquellos que ya han sido realizados.\" \/>\n<meta property=\"og:url\" content=\"https:\/\/dromkotar.org\/en\/proyectos\/\" \/>\n<meta property=\"og:site_name\" content=\"Drom Kotar Mestipen\" \/>\n<meta property=\"article:modified_time\" content=\"2024-05-06T14:46:50+00:00\" \/>\n<meta property=\"og:image\" content=\"https:\/\/dromkotar.org\/wp-content\/uploads\/2023\/06\/DESDE-EL-PROYECTO-ROMACONNECT-ESTAMOS-CREANDO-UNA-CAMPANA-CONTRA-EL-ANTIGITANISMO.png\" \/>\n\t<meta property=\"og:image:width\" content=\"1366\" \/>\n\t<meta property=\"og:image:height\" content=\"768\" \/>\n\t<meta property=\"og:image:type\" content=\"image\/png\" \/>\n<meta name=\"twitter:card\" content=\"summary_large_image\" \/>\n<meta name=\"twitter:label1\" content=\"Est. reading time\" \/>\n\t<meta name=\"twitter:data1\" content=\"1 minute\" \/>\n<script type=\"application\/ld+json\" class=\"yoast-schema-graph\">{\"@context\":\"https:\\\/\\\/schema.org\",\"@graph\":[{\"@type\":\"WebPage\",\"@id\":\"https:\\\/\\\/dromkotar.org\\\/en\\\/proyectos\\\/\",\"url\":\"https:\\\/\\\/dromkotar.org\\\/en\\\/proyectos\\\/\",\"name\":\"Projects - Drom Kotar Mestipen\",\"isPartOf\":{\"@id\":\"https:\\\/\\\/dromkotar.org\\\/en\\\/#website\"},\"primaryImageOfPage\":{\"@id\":\"https:\\\/\\\/dromkotar.org\\\/en\\\/proyectos\\\/#primaryimage\"},\"image\":{\"@id\":\"https:\\\/\\\/dromkotar.org\\\/proyectos\\\/#primaryimage\"},\"thumbnailUrl\":\"https:\\\/\\\/dromkotar.org\\\/wp-content\\\/uploads\\\/2023\\\/06\\\/DESDE-EL-PROYECTO-ROMACONNECT-ESTAMOS-CREANDO-UNA-CAMPANA-CONTRA-EL-ANTIGITANISMO.png\",\"datePublished\":\"2022-04-27T09:59:10+00:00\",\"dateModified\":\"2024-05-06T14:46:50+00:00\",\"description\":\"En este apartado pod\u00e9is encontrar m\u00e1s informaci\u00f3n sobre los proyectos europeos que se est\u00e1n llevando a cabo actualmente en la Drom Kotar Mestipen, as\u00ed como aquellos que ya han sido realizados.\",\"breadcrumb\":{\"@id\":\"https:\\\/\\\/dromkotar.org\\\/en\\\/proyectos\\\/#breadcrumb\"},\"inLanguage\":\"en-US\",\"potentialAction\":[{\"@type\":\"ReadAction\",\"target\":[[\"https:\\\/\\\/dromkotar.org\\\/en\\\/proyectos\\\/\"]]}]},{\"@type\":\"ImageObject\",\"inLanguage\":\"en-US\",\"@id\":\"https:\\\/\\\/dromkotar.org\\\/en\\\/proyectos\\\/#primaryimage\",\"url\":\"https:\\\/\\\/dromkotar.org\\\/wp-content\\\/uploads\\\/2023\\\/06\\\/DESDE-EL-PROYECTO-ROMACONNECT-ESTAMOS-CREANDO-UNA-CAMPANA-CONTRA-EL-ANTIGITANISMO.png\",\"contentUrl\":\"https:\\\/\\\/dromkotar.org\\\/wp-content\\\/uploads\\\/2023\\\/06\\\/DESDE-EL-PROYECTO-ROMACONNECT-ESTAMOS-CREANDO-UNA-CAMPANA-CONTRA-EL-ANTIGITANISMO.png\",\"width\":1366,\"height\":768},{\"@type\":\"BreadcrumbList\",\"@id\":\"https:\\\/\\\/dromkotar.org\\\/en\\\/proyectos\\\/#breadcrumb\",\"itemListElement\":[{\"@type\":\"ListItem\",\"position\":1,\"name\":\"Inici\",\"item\":\"https:\\\/\\\/dromkotar.org\\\/en\\\/\"},{\"@type\":\"ListItem\",\"position\":2,\"name\":\"Proyectos\"}]},{\"@type\":\"WebSite\",\"@id\":\"https:\\\/\\\/dromkotar.org\\\/en\\\/#website\",\"url\":\"https:\\\/\\\/dromkotar.org\\\/en\\\/\",\"name\":\"Drom Kotar Mestipen\",\"description\":\"Romani Association of Women\",\"publisher\":{\"@id\":\"https:\\\/\\\/dromkotar.org\\\/en\\\/#organization\"},\"potentialAction\":[{\"@type\":\"SearchAction\",\"target\":{\"@type\":\"EntryPoint\",\"urlTemplate\":\"https:\\\/\\\/dromkotar.org\\\/en\\\/?s={search_term_string}\"},\"query-input\":{\"@type\":\"PropertyValueSpecification\",\"valueRequired\":true,\"valueName\":\"search_term_string\"}}],\"inLanguage\":\"en-US\"},{\"@type\":\"Organization\",\"@id\":\"https:\\\/\\\/dromkotar.org\\\/en\\\/#organization\",\"name\":\"(Espa\u00f1ol) Drom Kotar Mestipen\",\"url\":\"https:\\\/\\\/dromkotar.org\\\/en\\\/\",\"logo\":{\"@type\":\"ImageObject\",\"inLanguage\":\"en-US\",\"@id\":\"https:\\\/\\\/dromkotar.org\\\/en\\\/#\\\/schema\\\/logo\\\/image\\\/\",\"url\":\"https:\\\/\\\/www.dromkotar.org\\\/wp-content\\\/uploads\\\/2022\\\/05\\\/cropped-drom-kotar-favicon.png\",\"contentUrl\":\"https:\\\/\\\/www.dromkotar.org\\\/wp-content\\\/uploads\\\/2022\\\/05\\\/cropped-drom-kotar-favicon.png\",\"width\":512,\"height\":512,\"caption\":\"(Espa\u00f1ol) Drom Kotar Mestipen\"},\"image\":{\"@id\":\"https:\\\/\\\/dromkotar.org\\\/en\\\/#\\\/schema\\\/logo\\\/image\\\/\"}}]}<\/script>\n<!-- \/ Yoast SEO plugin. -->","yoast_head_json":{"title":"Projects - Drom Kotar Mestipen","description":"En este apartado pod\u00e9is encontrar m\u00e1s informaci\u00f3n sobre los proyectos europeos que se est\u00e1n llevando a cabo actualmente en la Drom Kotar Mestipen, as\u00ed como aquellos que ya han sido realizados.","robots":{"index":"index","follow":"follow","max-snippet":"max-snippet:-1","max-image-preview":"max-image-preview:large","max-video-preview":"max-video-preview:-1"},"canonical":"https:\/\/dromkotar.org\/en\/proyectos\/","og_locale":"en_US","og_type":"article","og_title":"Projects - Drom Kotar Mestipen","og_description":"En este apartado pod\u00e9is encontrar m\u00e1s informaci\u00f3n sobre los proyectos europeos que se est\u00e1n llevando a cabo actualmente en la Drom Kotar Mestipen, as\u00ed como aquellos que ya han sido realizados.","og_url":"https:\/\/dromkotar.org\/en\/proyectos\/","og_site_name":"Drom Kotar Mestipen","article_modified_time":"2024-05-06T14:46:50+00:00","og_image":[{"width":1366,"height":768,"url":"https:\/\/dromkotar.org\/wp-content\/uploads\/2023\/06\/DESDE-EL-PROYECTO-ROMACONNECT-ESTAMOS-CREANDO-UNA-CAMPANA-CONTRA-EL-ANTIGITANISMO.png","type":"image\/png"}],"twitter_card":"summary_large_image","twitter_misc":{"Est. reading time":"1 minute"},"schema":{"@context":"https:\/\/schema.org","@graph":[{"@type":"WebPage","@id":"https:\/\/dromkotar.org\/en\/proyectos\/","url":"https:\/\/dromkotar.org\/en\/proyectos\/","name":"Projects - Drom Kotar Mestipen","isPartOf":{"@id":"https:\/\/dromkotar.org\/en\/#website"},"primaryImageOfPage":{"@id":"https:\/\/dromkotar.org\/en\/proyectos\/#primaryimage"},"image":{"@id":"https:\/\/dromkotar.org\/proyectos\/#primaryimage"},"thumbnailUrl":"https:\/\/dromkotar.org\/wp-content\/uploads\/2023\/06\/DESDE-EL-PROYECTO-ROMACONNECT-ESTAMOS-CREANDO-UNA-CAMPANA-CONTRA-EL-ANTIGITANISMO.png","datePublished":"2022-04-27T09:59:10+00:00","dateModified":"2024-05-06T14:46:50+00:00","description":"En este apartado pod\u00e9is encontrar m\u00e1s informaci\u00f3n sobre los proyectos europeos que se est\u00e1n llevando a cabo actualmente en la Drom Kotar Mestipen, as\u00ed como aquellos que ya han sido realizados.","breadcrumb":{"@id":"https:\/\/dromkotar.org\/en\/proyectos\/#breadcrumb"},"inLanguage":"en-US","potentialAction":[{"@type":"ReadAction","target":[["https:\/\/dromkotar.org\/en\/proyectos\/"]]}]},{"@type":"ImageObject","inLanguage":"en-US","@id":"https:\/\/dromkotar.org\/en\/proyectos\/#primaryimage","url":"https:\/\/dromkotar.org\/wp-content\/uploads\/2023\/06\/DESDE-EL-PROYECTO-ROMACONNECT-ESTAMOS-CREANDO-UNA-CAMPANA-CONTRA-EL-ANTIGITANISMO.png","contentUrl":"https:\/\/dromkotar.org\/wp-content\/uploads\/2023\/06\/DESDE-EL-PROYECTO-ROMACONNECT-ESTAMOS-CREANDO-UNA-CAMPANA-CONTRA-EL-ANTIGITANISMO.png","width":1366,"height":768},{"@type":"BreadcrumbList","@id":"https:\/\/dromkotar.org\/en\/proyectos\/#breadcrumb","itemListElement":[{"@type":"ListItem","position":1,"name":"Inici","item":"https:\/\/dromkotar.org\/en\/"},{"@type":"ListItem","position":2,"name":"Proyectos"}]},{"@type":"WebSite","@id":"https:\/\/dromkotar.org\/en\/#website","url":"https:\/\/dromkotar.org\/en\/","name":"Drom Kotar Mestipen","description":"Romani Association of Women","publisher":{"@id":"https:\/\/dromkotar.org\/en\/#organization"},"potentialAction":[{"@type":"SearchAction","target":{"@type":"EntryPoint","urlTemplate":"https:\/\/dromkotar.org\/en\/?s={search_term_string}"},"query-input":{"@type":"PropertyValueSpecification","valueRequired":true,"valueName":"search_term_string"}}],"inLanguage":"en-US"},{"@type":"Organization","@id":"https:\/\/dromkotar.org\/en\/#organization","name":"(Espa\u00f1ol) Drom Kotar Mestipen","url":"https:\/\/dromkotar.org\/en\/","logo":{"@type":"ImageObject","inLanguage":"en-US","@id":"https:\/\/dromkotar.org\/en\/#\/schema\/logo\/image\/","url":"https:\/\/www.dromkotar.org\/wp-content\/uploads\/2022\/05\/cropped-drom-kotar-favicon.png","contentUrl":"https:\/\/www.dromkotar.org\/wp-content\/uploads\/2022\/05\/cropped-drom-kotar-favicon.png","width":512,"height":512,"caption":"(Espa\u00f1ol) Drom Kotar Mestipen"},"image":{"@id":"https:\/\/dromkotar.org\/en\/#\/schema\/logo\/image\/"}}]}},"_links":{"self":[{"href":"https:\/\/dromkotar.org\/en\/wp-json\/wp\/v2\/pages\/34","targetHints":{"allow":["GET"]}}],"collection":[{"href":"https:\/\/dromkotar.org\/en\/wp-json\/wp\/v2\/pages"}],"about":[{"href":"https:\/\/dromkotar.org\/en\/wp-json\/wp\/v2\/types\/page"}],"author":[{"embeddable":true,"href":"https:\/\/dromkotar.org\/en\/wp-json\/wp\/v2\/users\/1"}],"replies":[{"embeddable":true,"href":"https:\/\/dromkotar.org\/en\/wp-json\/wp\/v2\/comments?post=34"}],"version-history":[{"count":7,"href":"https:\/\/dromkotar.org\/en\/wp-json\/wp\/v2\/pages\/34\/revisions"}],"predecessor-version":[{"id":2366,"href":"https:\/\/dromkotar.org\/en\/wp-json\/wp\/v2\/pages\/34\/revisions\/2366"}],"wp:featuredmedia":[{"embeddable":true,"href":"https:\/\/dromkotar.org\/en\/wp-json\/wp\/v2\/media\/2692"}],"wp:attachment":[{"href":"https:\/\/dromkotar.org\/en\/wp-json\/wp\/v2\/media?parent=34"}],"curies":[{"name":"wp","href":"https:\/\/api.w.org\/{rel}","templated":true}]}}